{"id":1263,"date":"2016-06-30T08:47:35","date_gmt":"2016-06-30T08:47:35","guid":{"rendered":"http:\/\/irmotenerife.com\/?page_id=1263"},"modified":"2021-03-10T09:53:19","modified_gmt":"2021-03-10T09:53:19","slug":"politica-de-calidad","status":"publish","type":"page","link":"http:\/\/irmotenerife.com\/en\/politica-de-calidad\/","title":{"rendered":"POL\u00cdTICA DE CALIDAD"},"content":{"rendered":"<h3>POL\u00cdTICA DE CALIDAD<\/h3>\n<p>\u00a0<\/p>\n<p>La Direcci\u00f3n de<strong> IRMO <\/strong>Instituto de Fertilizaci\u00f3n in Vitro, declara que la pol\u00edtica de calidad de los servicios de Fertilizaci\u00f3n que realiza a sus pacientes, se fundamenta en los siguientes principios y directrices de la calidad:<\/p>\n<p>\u00a0<\/p>\n<ul>\n<li>Conseguir la total satisfacci\u00f3n de las necesidades y preferencias de los pacientes en cuanto a la calidad de los Tratamientos de Reproducci\u00f3n Asistida que se realizan, y el estricto cumplimiento de los requisitos legales y de los pacientes, participando, para lograrlo, de forma conjunta con nuestro personal y colaboradores de la salud externos.<\/li>\n<li>Nuestro compromiso con el cumplimiento de la Ley sobre t\u00e9cnicas de reproducci\u00f3n humana asistida, Ley 14\/2006 del 26 de mayo, as\u00ed como las directrices y recomendaciones de las organizaciones y asociaciones que amparan nuestro trabajo en reproducci\u00f3n asistida humana.<\/li>\n<li>Orientar la gesti\u00f3n de la cl\u00ednica hacia la eficacia en el servicio que presta a sus pacientes, contando con los medios humanos, equipos y materiales adecuados para el perfecto desarrollo de los tratamientos realizados.<\/li>\n<li>Conseguir el compromiso de todos los miembros implicados, en la pol\u00edtica de calidad, y desarrollar una gesti\u00f3n de la calidad participativa que aproveche las capacidades de todos, pujando siempre por la mejora continua, optimizando permanentemente la eficacia de su Sistema de Gesti\u00f3n de la Calidad.<\/li>\n<li>Nuestro personal, constituye el principal activo de la empresa. Pensamos que la profesionalidad, formaci\u00f3n, motivaci\u00f3n, informaci\u00f3n y experiencia deben ser los adecuados y mejorables d\u00eda a d\u00eda para las tareas designadas a cada \u00e1rea.<\/li>\n<li>Que se haga especial \u00e9nfasis en la prevenci\u00f3n de errores, antes de producirse, y que si se producen, puedan detectarse y corregirse, evitando su repetici\u00f3n.<\/li>\n<li>Dotar al LABORATORIO de las instalaciones y equipamiento necesarios para la correcta ejecuci\u00f3n de los trabajos que desarrolla, orientando su gesti\u00f3n hacia la eficacia en el servicio que presta a sus pacientes.<\/li>\n<\/ul>\n<p>\u00a0<\/p>\n<p>La Direcci\u00f3n de <strong>IRMO<\/strong> asume la responsabilidad de velar constantemente porque dichos principios est\u00e9n presentes en todas las actividades internas de la cl\u00ednica, as\u00ed como en nuestras relaciones con los colaboradores externos, incluidos la sociedad con la que tenemos un compromiso de \u00e9tica y calidad.<\/p>\n<p>\u00a0<\/p>\n<p>\u00a0\u00a0\u00a0\u00a0\u00a0\u00a0\u00a0<\/p>\n<p style=\"text-align: center;\">DIRECCI\u00d3N DE LA CL\u00cdNICA.<\/p>\n<p style=\"text-align: center;\">Dra. Neuda Marques de Oliveira.<\/p>\n<p style=\"text-align: center;\">\u00a0<\/p>\n<p style=\"text-align: center;\">Santa Cruz de Tenerife, a 3 de Marzo de 2021.<\/p>\n\n\n<div style=\"height:100px\" aria-hidden=\"true\" class=\"wp-block-spacer\"><\/div>\n\n\n\n<p><\/p>\n","protected":false},"excerpt":{"rendered":"<p>POL\u00cdTICA DE CALIDAD \u00a0 La Direcci\u00f3n de IRMO Instituto de&#8230;<\/p>\n","protected":false},"author":1,"featured_media":0,"parent":0,"menu_order":0,"comment_status":"open","ping_status":"open","template":"","meta":{"footnotes":""},"_links":{"self":[{"href":"http:\/\/irmotenerife.com\/en\/wp-json\/wp\/v2\/pages\/1263"}],"collection":[{"href":"http:\/\/irmotenerife.com\/en\/wp-json\/wp\/v2\/pages"}],"about":[{"href":"http:\/\/irmotenerife.com\/en\/wp-json\/wp\/v2\/types\/page"}],"author":[{"embeddable":true,"href":"http:\/\/irmotenerife.com\/en\/wp-json\/wp\/v2\/users\/1"}],"replies":[{"embeddable":true,"href":"http:\/\/irmotenerife.com\/en\/wp-json\/wp\/v2\/comments?post=1263"}],"version-history":[{"count":6,"href":"http:\/\/irmotenerife.com\/en\/wp-json\/wp\/v2\/pages\/1263\/revisions"}],"predecessor-version":[{"id":1814,"href":"http:\/\/irmotenerife.com\/en\/wp-json\/wp\/v2\/pages\/1263\/revisions\/1814"}],"wp:attachment":[{"href":"http:\/\/irmotenerife.com\/en\/wp-json\/wp\/v2\/media?parent=1263"}],"curies":[{"name":"wp","href":"https:\/\/api.w.org\/{rel}","templated":true}]}}