{"id":1291,"date":"2011-11-27T09:39:21","date_gmt":"2011-11-27T09:39:21","guid":{"rendered":"http:\/\/irmotenerife.com\/en\/servicios\/"},"modified":"2016-07-06T12:17:43","modified_gmt":"2016-07-06T12:17:43","slug":"services","status":"publish","type":"page","link":"http:\/\/irmotenerife.com\/en\/services\/","title":{"rendered":"Services"},"content":{"rendered":"<div class=\"grid_5 alpha\">\n<h2>Service List<\/h2>\n<p>GYNECOLOGY<\/p>\n<ul>\n<li>Reviews<\/li>\n<li>Colposcopy<\/li>\n<li>IUD placement<\/li>\n<li>MIRENA IUD<\/li>\n<li>CYTOLOGY<\/li>\n<li>HPV<\/li>\n<li>Menopause<\/li>\n<li>Pelvic floor<\/li>\n<li>OBSTETRICS\n<ul>\n<li>Maternal Fetal monitoring<\/li>\n<li>Fetal monitoring<\/li>\n<\/ul>\n<\/li>\n<li>ASSISTED REPRODUCTION\n<ul>\n<li>Semen analysis<\/li>\n<li>Insemination<\/li>\n<li>Primovision Evo Vitrolife Embryoscopy<\/li>\n<li>In Vitro Fertilization<\/li>\n<li>ICSI<\/li>\n<li>Oocyte donation<\/li>\n<li>genetic preimplantation diagnosis<\/li>\n<li>PGD preimplantation<\/li>\n<li>PGD preimplantation genetic diagnosis:<\/li>\n<li>Embryo freezing<\/li>\n<li>Embryo Bank<\/li>\n<li>Sperm bank<\/li>\n<li>Hormonal analysis<\/li>\n<li>Semen freezing<\/li>\n<li>Oocyte freezing<\/li>\n<li>Primo Vision<\/li>\n<\/ul>\n<\/li>\n<li>ENDOCRINOLOGY AND NUTRITION\n<ul>\n<li>Diabetes<\/li>\n<li>Obesity<\/li>\n<li>Growth alterations<\/li>\n<li>Hormonal changes<\/li>\n<li>Nutrition<\/li>\n<\/ul>\n<\/li>\n<li>PRENATAL DIAGNOSIS\n<ul>\n<li>Nuchal fold ultrasound<\/li>\n<li>Selective ultrasound<\/li>\n<li>Doppler ultrasound<\/li>\n<li>4D ultrasound<\/li>\n<li>Amniocentesis<\/li>\n<\/ul>\n<\/li>\n<li>UROLOGY\n<ul>\n<li>Testicular biopsy<\/li>\n<\/ul>\n<\/li>\n<li>Psychology<\/li>\n<\/ul>\n<\/div>\n<div class=\"grid_7 omega\">\n<h2>Irmo.<\/h2>\n<h3>10 years offering reproductive medical solutions.<\/h3>\n<p>In Irmo, we are experts in the personalized attention of each case, looking for specific solutions for each person.We have a team of specialists of diverse nature, which will work in conjunction with each patient.<\/p>\n<p>In Irmo, In Vitro Fertilization Institute, we strive to get to solve the various problems that we face every day in our offices. In the 10 years that the clinic has been open, we&#8217;ve had to work with a multitude of patients, with different concerns, problems and objectives, and we are very proud to have had incredible success rates that endorse our trajectory.<\/p>\n\n\t\t<style type=\"text\/css\">\n\t\t\t#gallery-1 {\n\t\t\t\tmargin: auto;\n\t\t\t}\n\t\t\t#gallery-1 .gallery-item {\n\t\t\t\tfloat: left;\n\t\t\t\tmargin-top: 10px;\n\t\t\t\ttext-align: center;\n\t\t\t\twidth: 33%;\n\t\t\t}\n\t\t\t#gallery-1 img {\n\t\t\t\tborder: 2px solid #cfcfcf;\n\t\t\t}\n\t\t\t#gallery-1 .gallery-caption {\n\t\t\t\tmargin-left: 0;\n\t\t\t}\n\t\t\t\/* see gallery_shortcode() in wp-includes\/media.php *\/\n\t\t<\/style>\n\t\t<div id='gallery-1' class='gallery galleryid-1291 gallery-columns-3 gallery-size-thumbnail'><dl class='gallery-item'>\n\t\t\t<dt class='gallery-icon landscape'>\n\t\t\t\t<a href='http:\/\/irmotenerife.com\/wp-content\/uploads\/2011\/11\/Destacado-11.jpg'><img loading=\"lazy\" decoding=\"async\" width=\"150\" height=\"150\" src=\"http:\/\/irmotenerife.com\/wp-content\/uploads\/2011\/11\/Destacado-11-150x150.jpg\" class=\"attachment-thumbnail size-thumbnail\" alt=\"Irmo, Irmo Tenerife, ginec\u00f3logo, ginec\u00f3logo Tenerife, ginec\u00f3loga, ginec\u00f3loga Tenerife, ginecoog\u00eda, ginecolog\u00eda Tenerife, fecundaci\u00f3n, fecundaci\u00f3n Tenerife, fecundaci\u00f3n in Vitro, fecundaci\u00f3n in Vitro Tenerife, Ivi, Ivi Tenerife, tfe, ginec\u00f3logo tfe, santa cruz, ginec\u00f3logo santa cruz, ginec\u00f3logo santa cruz de Tenerife, obstetricia, obstetricia Tenerife, seminograma, seminogramas Tenerife, clinica reproducci\u00f3n, clinica reproducci\u00f3n Tenerife, fertilizaci\u00f3n, fertilizaci\u00f3n Tenerife, urolog\u00eda, urolog\u00eda Tenerife, ur\u00f3logo Tenerife, endocrino, endocrino santa cruz de Tenerife, endocrinolog\u00eda Tenerife, endocrinolog\u00eda santa cruz de Tenerife, ecograf\u00eda, ecograf\u00eda Tenerife, ecograf\u00eda 4d, ecograf\u00eda 4d Tenerife, banco semen, banco semen santa cruz de Tenerife, banco semen Tenerife, congelaci\u00f3n semen, congelaci\u00f3n semen santa cruz de Tenerife, congelaci\u00f3n semen Tenerife, neuda, neuda marqu\u00e9s, neuda marqu\u00e9s ginec\u00f3loga, preimplantaci\u00f3n, preimplantaci\u00f3n Tenerife, dgp , dgp Tenerife, dgp santa cruz de tenerife.\" srcset=\"http:\/\/irmotenerife.com\/wp-content\/uploads\/2011\/11\/Destacado-11-150x150.jpg 150w, http:\/\/irmotenerife.com\/wp-content\/uploads\/2011\/11\/Destacado-11-300x300.jpg 300w, http:\/\/irmotenerife.com\/wp-content\/uploads\/2011\/11\/Destacado-11-1024x1024.jpg 1024w, http:\/\/irmotenerife.com\/wp-content\/uploads\/2011\/11\/Destacado-11.jpg 1181w\" sizes=\"(max-width: 150px) 100vw, 150px\" \/><\/a>\n\t\t\t<\/dt><\/dl><dl class='gallery-item'>\n\t\t\t<dt class='gallery-icon landscape'>\n\t\t\t\t<a href='http:\/\/irmotenerife.com\/wp-content\/uploads\/2011\/11\/Slide-42.jpg'><img loading=\"lazy\" decoding=\"async\" width=\"150\" height=\"150\" src=\"http:\/\/irmotenerife.com\/wp-content\/uploads\/2011\/11\/Slide-42-150x150.jpg\" class=\"attachment-thumbnail size-thumbnail\" alt=\"Irmo, Irmo Tenerife, ginec\u00f3logo, ginec\u00f3logo Tenerife, ginec\u00f3loga, ginec\u00f3loga Tenerife, ginecoog\u00eda, ginecolog\u00eda Tenerife, fecundaci\u00f3n, fecundaci\u00f3n Tenerife, fecundaci\u00f3n in Vitro, fecundaci\u00f3n in Vitro Tenerife, Ivi, Ivi Tenerife, tfe, ginec\u00f3logo tfe, santa cruz, ginec\u00f3logo santa cruz, ginec\u00f3logo santa cruz de Tenerife, obstetricia, obstetricia Tenerife, seminograma, seminogramas Tenerife, clinica reproducci\u00f3n, clinica reproducci\u00f3n Tenerife, fertilizaci\u00f3n, fertilizaci\u00f3n Tenerife, urolog\u00eda, urolog\u00eda Tenerife, ur\u00f3logo Tenerife, endocrino, endocrino santa cruz de Tenerife, endocrinolog\u00eda Tenerife, endocrinolog\u00eda santa cruz de Tenerife, ecograf\u00eda, ecograf\u00eda Tenerife, ecograf\u00eda 4d, ecograf\u00eda 4d Tenerife, banco semen, banco semen santa cruz de Tenerife, banco semen Tenerife, congelaci\u00f3n semen, congelaci\u00f3n semen santa cruz de Tenerife, congelaci\u00f3n semen Tenerife, neuda, neuda marqu\u00e9s, neuda marqu\u00e9s ginec\u00f3loga, preimplantaci\u00f3n, preimplantaci\u00f3n Tenerife, dgp , dgp Tenerife, dgp santa cruz de tenerife.\" \/><\/a>\n\t\t\t<\/dt><\/dl><dl class='gallery-item'>\n\t\t\t<dt class='gallery-icon landscape'>\n\t\t\t\t<a href='http:\/\/irmotenerife.com\/wp-content\/uploads\/2011\/11\/Slide-31.jpg'><img loading=\"lazy\" decoding=\"async\" width=\"150\" height=\"150\" src=\"http:\/\/irmotenerife.com\/wp-content\/uploads\/2011\/11\/Slide-31-150x150.jpg\" class=\"attachment-thumbnail size-thumbnail\" alt=\"Irmo, Irmo Tenerife, ginec\u00f3logo, ginec\u00f3logo Tenerife, ginec\u00f3loga, ginec\u00f3loga Tenerife, ginecoog\u00eda, ginecolog\u00eda Tenerife, fecundaci\u00f3n, fecundaci\u00f3n Tenerife, fecundaci\u00f3n in Vitro, fecundaci\u00f3n in Vitro Tenerife, Ivi, Ivi Tenerife, tfe, ginec\u00f3logo tfe, santa cruz, ginec\u00f3logo santa cruz, ginec\u00f3logo santa cruz de Tenerife, obstetricia, obstetricia Tenerife, seminograma, seminogramas Tenerife, clinica reproducci\u00f3n, clinica reproducci\u00f3n Tenerife, fertilizaci\u00f3n, fertilizaci\u00f3n Tenerife, urolog\u00eda, urolog\u00eda Tenerife, ur\u00f3logo Tenerife, endocrino, endocrino santa cruz de Tenerife, endocrinolog\u00eda Tenerife, endocrinolog\u00eda santa cruz de Tenerife, ecograf\u00eda, ecograf\u00eda Tenerife, ecograf\u00eda 4d, ecograf\u00eda 4d Tenerife, banco semen, banco semen santa cruz de Tenerife, banco semen Tenerife, congelaci\u00f3n semen, congelaci\u00f3n semen santa cruz de Tenerife, congelaci\u00f3n semen Tenerife, neuda, neuda marqu\u00e9s, neuda marqu\u00e9s ginec\u00f3loga, preimplantaci\u00f3n, preimplantaci\u00f3n Tenerife, dgp , dgp Tenerife, dgp santa cruz de tenerife.\" \/><\/a>\n\t\t\t<\/dt><\/dl><br style=\"clear: both\" \/><dl class='gallery-item'>\n\t\t\t<dt class='gallery-icon landscape'>\n\t\t\t\t<a href='http:\/\/irmotenerife.com\/wp-content\/uploads\/2011\/11\/Slide-21.jpg'><img loading=\"lazy\" decoding=\"async\" width=\"150\" height=\"150\" src=\"http:\/\/irmotenerife.com\/wp-content\/uploads\/2011\/11\/Slide-21-150x150.jpg\" class=\"attachment-thumbnail size-thumbnail\" alt=\"Irmo, Irmo Tenerife, ginec\u00f3logo, ginec\u00f3logo Tenerife, ginec\u00f3loga, ginec\u00f3loga Tenerife, ginecoog\u00eda, ginecolog\u00eda Tenerife, fecundaci\u00f3n, fecundaci\u00f3n Tenerife, fecundaci\u00f3n in Vitro, fecundaci\u00f3n in Vitro Tenerife, Ivi, Ivi Tenerife, tfe, ginec\u00f3logo tfe, santa cruz, ginec\u00f3logo santa cruz, ginec\u00f3logo santa cruz de Tenerife, obstetricia, obstetricia Tenerife, seminograma, seminogramas Tenerife, clinica reproducci\u00f3n, clinica reproducci\u00f3n Tenerife, fertilizaci\u00f3n, fertilizaci\u00f3n Tenerife, urolog\u00eda, urolog\u00eda Tenerife, ur\u00f3logo Tenerife, endocrino, endocrino santa cruz de Tenerife, endocrinolog\u00eda Tenerife, endocrinolog\u00eda santa cruz de Tenerife, ecograf\u00eda, ecograf\u00eda Tenerife, ecograf\u00eda 4d, ecograf\u00eda 4d Tenerife, banco semen, banco semen santa cruz de Tenerife, banco semen Tenerife, congelaci\u00f3n semen, congelaci\u00f3n semen santa cruz de Tenerife, congelaci\u00f3n semen Tenerife, neuda, neuda marqu\u00e9s, neuda marqu\u00e9s ginec\u00f3loga, preimplantaci\u00f3n, preimplantaci\u00f3n Tenerife, dgp , dgp Tenerife, dgp santa cruz de tenerife.\" \/><\/a>\n\t\t\t<\/dt><\/dl><dl class='gallery-item'>\n\t\t\t<dt class='gallery-icon landscape'>\n\t\t\t\t<a href='http:\/\/irmotenerife.com\/wp-content\/uploads\/2011\/11\/Slide-11.jpg'><img loading=\"lazy\" decoding=\"async\" width=\"150\" height=\"150\" src=\"http:\/\/irmotenerife.com\/wp-content\/uploads\/2011\/11\/Slide-11-150x150.jpg\" class=\"attachment-thumbnail size-thumbnail\" alt=\"Irmo, Irmo Tenerife, ginec\u00f3logo, ginec\u00f3logo Tenerife, ginec\u00f3loga, ginec\u00f3loga Tenerife, ginecoog\u00eda, ginecolog\u00eda Tenerife, fecundaci\u00f3n, fecundaci\u00f3n Tenerife, fecundaci\u00f3n in Vitro, fecundaci\u00f3n in Vitro Tenerife, Ivi, Ivi Tenerife, tfe, ginec\u00f3logo tfe, santa cruz, ginec\u00f3logo santa cruz, ginec\u00f3logo santa cruz de Tenerife, obstetricia, obstetricia Tenerife, seminograma, seminogramas Tenerife, clinica reproducci\u00f3n, clinica reproducci\u00f3n Tenerife, fertilizaci\u00f3n, fertilizaci\u00f3n Tenerife, urolog\u00eda, urolog\u00eda Tenerife, ur\u00f3logo Tenerife, endocrino, endocrino santa cruz de Tenerife, endocrinolog\u00eda Tenerife, endocrinolog\u00eda santa cruz de Tenerife, ecograf\u00eda, ecograf\u00eda Tenerife, ecograf\u00eda 4d, ecograf\u00eda 4d Tenerife, banco semen, banco semen santa cruz de Tenerife, banco semen Tenerife, congelaci\u00f3n semen, congelaci\u00f3n semen santa cruz de Tenerife, congelaci\u00f3n semen Tenerife, neuda, neuda marqu\u00e9s, neuda marqu\u00e9s ginec\u00f3loga, preimplantaci\u00f3n, preimplantaci\u00f3n Tenerife, dgp , dgp Tenerife, dgp santa cruz de tenerife.\" \/><\/a>\n\t\t\t<\/dt><\/dl><dl class='gallery-item'>\n\t\t\t<dt class='gallery-icon landscape'>\n\t\t\t\t<a href='http:\/\/irmotenerife.com\/wp-content\/uploads\/2016\/06\/Fertilizacion-in-vitro.jpg'><img loading=\"lazy\" decoding=\"async\" width=\"150\" height=\"150\" src=\"http:\/\/irmotenerife.com\/wp-content\/uploads\/2016\/06\/Fertilizacion-in-vitro-150x150.jpg\" class=\"attachment-thumbnail size-thumbnail\" alt=\"\" srcset=\"http:\/\/irmotenerife.com\/wp-content\/uploads\/2016\/06\/Fertilizacion-in-vitro-150x150.jpg 150w, http:\/\/irmotenerife.com\/wp-content\/uploads\/2016\/06\/Fertilizacion-in-vitro-100x100.jpg 100w, http:\/\/irmotenerife.com\/wp-content\/uploads\/2016\/06\/Fertilizacion-in-vitro-120x120.jpg 120w\" sizes=\"(max-width: 150px) 100vw, 150px\" \/><\/a>\n\t\t\t<\/dt><\/dl><br style=\"clear: both\" \/><dl class='gallery-item'>\n\t\t\t<dt class='gallery-icon landscape'>\n\t\t\t\t<a href='http:\/\/irmotenerife.com\/wp-content\/uploads\/2014\/04\/Slide-12-Julio-2016.jpg'><img loading=\"lazy\" decoding=\"async\" width=\"150\" height=\"150\" src=\"http:\/\/irmotenerife.com\/wp-content\/uploads\/2014\/04\/Slide-12-Julio-2016-150x150.jpg\" class=\"attachment-thumbnail size-thumbnail\" alt=\"\" srcset=\"http:\/\/irmotenerife.com\/wp-content\/uploads\/2014\/04\/Slide-12-Julio-2016-150x150.jpg 150w, http:\/\/irmotenerife.com\/wp-content\/uploads\/2014\/04\/Slide-12-Julio-2016-100x100.jpg 100w, http:\/\/irmotenerife.com\/wp-content\/uploads\/2014\/04\/Slide-12-Julio-2016-120x120.jpg 120w\" sizes=\"(max-width: 150px) 100vw, 150px\" \/><\/a>\n\t\t\t<\/dt><\/dl><dl class='gallery-item'>\n\t\t\t<dt class='gallery-icon landscape'>\n\t\t\t\t<a href='http:\/\/irmotenerife.com\/wp-content\/uploads\/2014\/03\/Banco-Embriones.jpg'><img loading=\"lazy\" decoding=\"async\" width=\"150\" height=\"150\" src=\"http:\/\/irmotenerife.com\/wp-content\/uploads\/2014\/03\/Banco-Embriones-150x150.jpg\" class=\"attachment-thumbnail size-thumbnail\" alt=\"\" srcset=\"http:\/\/irmotenerife.com\/wp-content\/uploads\/2014\/03\/Banco-Embriones-150x150.jpg 150w, http:\/\/irmotenerife.com\/wp-content\/uploads\/2014\/03\/Banco-Embriones-100x100.jpg 100w, http:\/\/irmotenerife.com\/wp-content\/uploads\/2014\/03\/Banco-Embriones-120x120.jpg 120w\" sizes=\"(max-width: 150px) 100vw, 150px\" \/><\/a>\n\t\t\t<\/dt><\/dl><dl class='gallery-item'>\n\t\t\t<dt class='gallery-icon landscape'>\n\t\t\t\t<a href='http:\/\/irmotenerife.com\/wp-content\/uploads\/2014\/03\/Ecograf--as-4D.jpg'><img loading=\"lazy\" decoding=\"async\" width=\"150\" height=\"150\" src=\"http:\/\/irmotenerife.com\/wp-content\/uploads\/2014\/03\/Ecograf--as-4D-150x150.jpg\" class=\"attachment-thumbnail size-thumbnail\" alt=\"\" srcset=\"http:\/\/irmotenerife.com\/wp-content\/uploads\/2014\/03\/Ecograf--as-4D-150x150.jpg 150w, http:\/\/irmotenerife.com\/wp-content\/uploads\/2014\/03\/Ecograf--as-4D-100x100.jpg 100w, http:\/\/irmotenerife.com\/wp-content\/uploads\/2014\/03\/Ecograf--as-4D-120x120.jpg 120w\" sizes=\"(max-width: 150px) 100vw, 150px\" \/><\/a>\n\t\t\t<\/dt><\/dl><br style=\"clear: both\" \/><dl class='gallery-item'>\n\t\t\t<dt class='gallery-icon landscape'>\n\t\t\t\t<a href='http:\/\/irmotenerife.com\/wp-content\/uploads\/2014\/03\/Control-Obst--trico.jpg'><img loading=\"lazy\" decoding=\"async\" width=\"150\" height=\"150\" src=\"http:\/\/irmotenerife.com\/wp-content\/uploads\/2014\/03\/Control-Obst--trico-150x150.jpg\" class=\"attachment-thumbnail size-thumbnail\" alt=\"\" srcset=\"http:\/\/irmotenerife.com\/wp-content\/uploads\/2014\/03\/Control-Obst--trico-150x150.jpg 150w, http:\/\/irmotenerife.com\/wp-content\/uploads\/2014\/03\/Control-Obst--trico-100x100.jpg 100w, http:\/\/irmotenerife.com\/wp-content\/uploads\/2014\/03\/Control-Obst--trico-120x120.jpg 120w\" sizes=\"(max-width: 150px) 100vw, 150px\" \/><\/a>\n\t\t\t<\/dt><\/dl><dl class='gallery-item'>\n\t\t\t<dt class='gallery-icon landscape'>\n\t\t\t\t<a href='http:\/\/irmotenerife.com\/wp-content\/uploads\/2014\/04\/Slide-13-Julio-2016.jpg'><img loading=\"lazy\" decoding=\"async\" width=\"150\" height=\"150\" src=\"http:\/\/irmotenerife.com\/wp-content\/uploads\/2014\/04\/Slide-13-Julio-2016-150x150.jpg\" class=\"attachment-thumbnail size-thumbnail\" alt=\"\" srcset=\"http:\/\/irmotenerife.com\/wp-content\/uploads\/2014\/04\/Slide-13-Julio-2016-150x150.jpg 150w, http:\/\/irmotenerife.com\/wp-content\/uploads\/2014\/04\/Slide-13-Julio-2016-100x100.jpg 100w, http:\/\/irmotenerife.com\/wp-content\/uploads\/2014\/04\/Slide-13-Julio-2016-120x120.jpg 120w\" sizes=\"(max-width: 150px) 100vw, 150px\" \/><\/a>\n\t\t\t<\/dt><\/dl><dl class='gallery-item'>\n\t\t\t<dt class='gallery-icon landscape'>\n\t\t\t\t<a href='http:\/\/irmotenerife.com\/wp-content\/uploads\/2014\/04\/Monitorizaciones-Fetales.jpg'><img loading=\"lazy\" decoding=\"async\" width=\"150\" height=\"150\" src=\"http:\/\/irmotenerife.com\/wp-content\/uploads\/2014\/04\/Monitorizaciones-Fetales-150x150.jpg\" class=\"attachment-thumbnail size-thumbnail\" alt=\"\" srcset=\"http:\/\/irmotenerife.com\/wp-content\/uploads\/2014\/04\/Monitorizaciones-Fetales-150x150.jpg 150w, http:\/\/irmotenerife.com\/wp-content\/uploads\/2014\/04\/Monitorizaciones-Fetales-100x100.jpg 100w, http:\/\/irmotenerife.com\/wp-content\/uploads\/2014\/04\/Monitorizaciones-Fetales-120x120.jpg 120w\" sizes=\"(max-width: 150px) 100vw, 150px\" \/><\/a>\n\t\t\t<\/dt><\/dl><br style=\"clear: both\" \/>\n\t\t<\/div>\n\n<div class=\"wrapper\"><\/div>\n<\/div>\n","protected":false},"excerpt":{"rendered":"<p>Service List GYNECOLOGY Reviews Colposcopy IUD placement MIRENA IUD CYTOLOGY&#8230;<\/p>\n","protected":false},"author":1,"featured_media":0,"parent":0,"menu_order":0,"comment_status":"open","ping_status":"closed","template":"","meta":{"footnotes":""},"_links":{"self":[{"href":"http:\/\/irmotenerife.com\/en\/wp-json\/wp\/v2\/pages\/1291"}],"collection":[{"href":"http:\/\/irmotenerife.com\/en\/wp-json\/wp\/v2\/pages"}],"about":[{"href":"http:\/\/irmotenerife.com\/en\/wp-json\/wp\/v2\/types\/page"}],"author":[{"embeddable":true,"href":"http:\/\/irmotenerife.com\/en\/wp-json\/wp\/v2\/users\/1"}],"replies":[{"embeddable":true,"href":"http:\/\/irmotenerife.com\/en\/wp-json\/wp\/v2\/comments?post=1291"}],"version-history":[{"count":7,"href":"http:\/\/irmotenerife.com\/en\/wp-json\/wp\/v2\/pages\/1291\/revisions"}],"predecessor-version":[{"id":1435,"href":"http:\/\/irmotenerife.com\/en\/wp-json\/wp\/v2\/pages\/1291\/revisions\/1435"}],"wp:attachment":[{"href":"http:\/\/irmotenerife.com\/en\/wp-json\/wp\/v2\/media?parent=1291"}],"curies":[{"name":"wp","href":"https:\/\/api.w.org\/{rel}","templated":true}]}}