{"id":1301,"date":"2014-03-22T12:38:53","date_gmt":"2014-03-22T12:38:53","guid":{"rendered":"http:\/\/irmotenerife.com\/en\/nuestro-equipo\/"},"modified":"2022-09-28T08:23:07","modified_gmt":"2022-09-28T08:23:07","slug":"our-team","status":"publish","type":"page","link":"http:\/\/irmotenerife.com\/en\/our-team\/","title":{"rendered":"Our Team"},"content":{"rendered":"<div class=\"wpb-content-wrapper\"><p>[vc_row css_animation=&#8221;&#8221; row_type=&#8221;row&#8221; use_row_as_full_screen_section=&#8221;no&#8221; type=&#8221;full_width&#8221; angled_section=&#8221;no&#8221; text_align=&#8221;left&#8221; background_image_as_pattern=&#8221;without_pattern&#8221;][vc_column width=&#8221;1\/2&#8243;][vc_column_text]<\/p>\n<div class=\"all-columns\">\n<div class=\"one-half first\">\n<h4>Neuda Marqu\u00e9s de Oliveira<\/h4>\n<h6>Gynecologist<\/h6>\n<h6><a href=\"http:\/\/irmotenerife.com\/wp-content\/uploads\/2014\/03\/Neuda-copia.jpg\"><img loading=\"lazy\" decoding=\"async\" class=\"alignnone size-thumbnail wp-image-722\" src=\"http:\/\/irmotenerife.com\/wp-content\/uploads\/2014\/03\/Neuda-copia-150x150.jpg\" alt=\"Tenerife \u00b7 Fecundaci\u00f3n In Vitro \u00b7 Ginecolog\u00eda y Obstetricia \u00b7 Seminogramas \u00b7 T\u00e9cnicas de Reproducci\u00f3n \u00b7 Banco de Embriones \u00b7 Donaci\u00f3n de Ovocitos \u00b7 Diagn\u00f3stico Gen\u00e9tico Preimplantacional DGP \u00b7 Urolog\u00eda y Endocrinolog\u00eda \u00b7 Congelaci\u00f3n Semen y Ovocitos \u00b7 Ecograf\u00edas 4D \u00b7\" width=\"150\" height=\"150\" srcset=\"http:\/\/irmotenerife.com\/wp-content\/uploads\/2014\/03\/Neuda-copia-150x150.jpg 150w, http:\/\/irmotenerife.com\/wp-content\/uploads\/2014\/03\/Neuda-copia-300x300.jpg 300w, http:\/\/irmotenerife.com\/wp-content\/uploads\/2014\/03\/Neuda-copia-1024x1024.jpg 1024w, http:\/\/irmotenerife.com\/wp-content\/uploads\/2014\/03\/Neuda-copia.jpg 1181w\" sizes=\"(max-width: 150px) 100vw, 150px\" \/><\/a><\/h6>\n<ul>\n<li>Gynecologist<\/li>\n<li>Specialist in Gynecology and obstetrics<\/li>\n<li>PhD in medicine by the University of Valencia<\/li>\n<li>Fellow in human reproduction in IVI (Valencian infertility Institute) (1992-1995)<\/li>\n<\/ul>\n<p>&nbsp;<\/p>\n<h4>Iris Patricia Lorenzo Sellares<\/h4>\n<\/div>\n<div class=\"one-half\"><\/div>\n<\/div>\n<div>\n<div class=\"all-columns\">\n<div class=\"all-columns\">\n<div class=\"one-half first\">\n<h6>Gynecologist<\/h6>\n<p><a href=\"http:\/\/irmotenerife.com\/wp-content\/uploads\/2014\/03\/iris.jpg\"><img loading=\"lazy\" decoding=\"async\" class=\"alignnone size-thumbnail wp-image-1108\" src=\"http:\/\/irmotenerife.com\/wp-content\/uploads\/2014\/03\/IMG-20150618-WA0003-150x150.jpg\" alt=\"IMG-20150618-WA0003\" width=\"150\" height=\"150\" srcset=\"http:\/\/irmotenerife.com\/wp-content\/uploads\/2014\/03\/IMG-20150618-WA0003-150x150.jpg 150w, http:\/\/irmotenerife.com\/wp-content\/uploads\/2014\/03\/IMG-20150618-WA0003-100x100.jpg 100w, http:\/\/irmotenerife.com\/wp-content\/uploads\/2014\/03\/IMG-20150618-WA0003-120x120.jpg 120w\" sizes=\"(max-width: 150px) 100vw, 150px\" \/><\/a><\/p>\n<ul>\n<li>Degree in medicine from the University of Buenos Aires. (1977)<\/li>\n<li>Physician Assistant of obstetrics in the province of Buenos Aires. (1978-1986)<\/li>\n<li>Physician fellow in obstetric, Gynecologic ultrasound and Prenatal diagnosis in HUC from 1986 to 1992.<\/li>\n<li>Obstetric and Gynecologic ultrasound expert<\/li>\n<li>Specialist in Prenatal diagnosis<\/li>\n<li>4 D ULTRASOUND<\/li>\n<\/ul>\n<\/div>\n<div class=\"one-half\">\n<h4>M\u00aa Vanesa Plasencia Acosta<\/h4>\n<h6>Clinic Assistant<\/h6>\n<p><img loading=\"lazy\" decoding=\"async\" src=\"http:\/\/irmotenerife.com\/wp-content\/uploads\/2014\/03\/Vanesa-copia-150x150.jpg\" alt=\"Tenerife \u00b7 Fecundaci\u00f3n In Vitro \u00b7 Ginecolog\u00eda y Obstetricia \u00b7 Seminogramas \u00b7 T\u00e9cnicas de Reproducci\u00f3n \u00b7 Banco de Embriones \u00b7 Donaci\u00f3n de Ovocitos \u00b7 Diagn\u00f3stico Gen\u00e9tico Preimplantacional DGP \u00b7 Urolog\u00eda y Endocrinolog\u00eda \u00b7 Congelaci\u00f3n Semen y Ovocitos \u00b7 Ecograf\u00edas 4D \u00b7\" width=\"150\" height=\"150\" \/><span style=\"line-height: 1.5em;\">\u00a0<\/span><\/p>\n<ul>\n<li><strong>CONTACT:\u00a0<\/strong><a href=\"mailto:vanesa.enfermeria@irmotenerife.com\">vanesa.enfermeria@irmotenerife.com<\/a><\/li>\n<\/ul>\n<p><span style=\"line-height: 1.5em;\">\u00a0<\/span><\/p>\n<p>&nbsp;<\/p>\n<\/div>\n<\/div>\n<\/div>\n<h6><\/h6>\n<\/div>\n<p>&nbsp;<\/p>\n<div class=\"all-columns\">\n<div class=\"one-half first\">\n<h4>Patricia Berruchi de Blanco<\/h4>\n<h6>Gynecologist<\/h6>\n<p><img loading=\"lazy\" decoding=\"async\" class=\" size-thumbnail wp-image-1213 alignnone\" src=\"http:\/\/irmotenerife.com\/wp-content\/uploads\/2014\/03\/berruchi-150x150.jpg\" alt=\"berruchi\" width=\"150\" height=\"150\" srcset=\"http:\/\/irmotenerife.com\/wp-content\/uploads\/2014\/03\/berruchi-150x150.jpg 150w, http:\/\/irmotenerife.com\/wp-content\/uploads\/2014\/03\/berruchi-100x100.jpg 100w, http:\/\/irmotenerife.com\/wp-content\/uploads\/2014\/03\/berruchi-120x120.jpg 120w\" sizes=\"(max-width: 150px) 100vw, 150px\" \/><\/p>\n<ul>\n<li>A degree in obstetrics<\/li>\n<li>Col: 382703152<\/li>\n<li>Specialist in Gynecology and obstetrics.<\/li>\n<li>Specialist in lower genital tract. Colposcopy.<\/li>\n<li>Specialist in gynecological aesthetics.<\/li>\n<li>Urinary incontinence, vaginal laxity and vaginal atrophy through laser treatments.<\/li>\n<\/ul>\n<h4>Mar\u00eda del Carmen Rivero Alcover<\/h4>\n<h6>Gynecologist<\/h6>\n<p><img loading=\"lazy\" decoding=\"async\" class=\"alignnone size-thumbnail wp-image-1131\" src=\"http:\/\/irmotenerife.com\/wp-content\/uploads\/2014\/03\/Mari-Carmen-150x150.jpg\" alt=\"Mari Carmen\" width=\"150\" height=\"150\" srcset=\"http:\/\/irmotenerife.com\/wp-content\/uploads\/2014\/03\/Mari-Carmen-150x150.jpg 150w, http:\/\/irmotenerife.com\/wp-content\/uploads\/2014\/03\/Mari-Carmen-100x100.jpg 100w, http:\/\/irmotenerife.com\/wp-content\/uploads\/2014\/03\/Mari-Carmen-120x120.jpg 120w\" sizes=\"(max-width: 150px) 100vw, 150px\" \/><\/p>\n<ul>\n<li>A graduate in medicine and surgery (1980). Specialist in Gynecology and obstetrics (1984).<\/li>\n<li>Specialist physician in obstetrics and Gynecology of the SCF from 1981 to 1995.<\/li>\n<\/ul>\n<\/div>\n<div class=\"one-half\">\n<h4>Laura Castellano Gonz\u00e1lez<\/h4>\n<h6>Psychologist<\/h6>\n<h6><img loading=\"lazy\" decoding=\"async\" class=\" size-thumbnail wp-image-1446 alignnone\" src=\"http:\/\/irmotenerife.com\/wp-content\/uploads\/2014\/03\/IMG_3348B-150x150.jpg\" alt=\"img_3348b\" width=\"150\" height=\"150\" srcset=\"http:\/\/irmotenerife.com\/wp-content\/uploads\/2014\/03\/IMG_3348B-150x150.jpg 150w, http:\/\/irmotenerife.com\/wp-content\/uploads\/2014\/03\/IMG_3348B-100x100.jpg 100w, http:\/\/irmotenerife.com\/wp-content\/uploads\/2014\/03\/IMG_3348B-120x120.jpg 120w\" sizes=\"(max-width: 150px) 100vw, 150px\" \/><\/h6>\n<h4><\/h4>\n<ul>\n<li style=\"list-style-type: none;\">\n<ul>\n<li>Master&#8217;s degree in education, sex therapy and gender.<\/li>\n<li>Master&#8217;s degree in forensic psychology.<\/li>\n<li>Individual, couple, and family psychological intervention.<\/li>\n<li>Sexuality and sexual relations.<\/li>\n<li>Controlling anxiety.<\/li>\n<li>Feelings of sadness.<\/li>\n<li>Emotional management of vital crises.<\/li>\n<li>Self-esteem and personal development.<\/li>\n<li>Emotional intelligence.<\/li>\n<li>Couple and family adjustment.<\/li>\n<li>Control of recurrent thoughts and obsessions.<\/li>\n<li>Women and gender.<\/li>\n<li>Psychological appraisal.<\/li>\n<\/ul>\n<\/li>\n<\/ul>\n<h4>Glenda V\u00e1zquez Hern\u00e1ndez<\/h4>\n<h6>Due<\/h6>\n<ul>\n<li>University diploma in nursing<\/li>\n<li>Master&#8217;s degree in nursing in critical care<\/li>\n<li>Master in management of the nursing services<\/li>\n<li>Unit of human reproduction (HUC) operating room nurse<\/li>\n<\/ul>\n<\/div>\n<\/div>\n<p>&nbsp;<\/p>\n<div>\n<div class=\"all-columns\">\n<div class=\"all-columns\">\n<div class=\"one-half first\"><\/div>\n<div class=\"one-half\">\n<p>&nbsp;<\/p>\n<\/div>\n<\/div>\n<\/div>\n<\/div>\n<p>[\/vc_column_text][\/vc_column][vc_column width=&#8221;1\/2&#8243;][vc_column_text]<\/p>\n<div class=\"all-columns\">\n<div class=\"one-half first\">\n<h3>Neuda Marqu\u00e9s de Oliveira<\/h3>\n<\/div>\n<div class=\"one-half\">\n<ul>\n<li>Master in human reproduction from the University of Valencia. (1993-1994)<\/li>\n<li>Visiting assistant professor in human reproduction at the Department of Gynecology and obstetrics at the University of California at Los Angeles (UCLA) USA. (1996)<\/li>\n<li>Medical Assistant unit of human reproduction of the Hospital Universitario de Canarias (Huc)<\/li>\n<li>Medical Director of Irmo<\/li>\n<li>She has participated in several national and international congresses.<\/li>\n<li>Several publications in journals, both national and international, as well as communications in congresses.<\/li>\n<li>Full member of the Spanish society of fertility since 1999.<\/li>\n<\/ul>\n<p>&nbsp;<\/p>\n<\/div>\n<\/div>\n<p>&nbsp;<\/p>\n<div class=\"all-columns\">\n<div class=\"one-half first\">\n<h4>Olga Yolanda Marco Jorge<\/h4>\n<h6>Gynecologist<\/h6>\n<p><img loading=\"lazy\" decoding=\"async\" class=\" size-thumbnail wp-image-1440 alignnone\" src=\"http:\/\/irmotenerife.com\/wp-content\/uploads\/2014\/03\/Captura-de-pantalla-2016-10-24-a-las-14.22.39-150x150.png\" alt=\"captura-de-pantalla-2016-10-24-a-las-14-22-39\" width=\"150\" height=\"150\" srcset=\"http:\/\/irmotenerife.com\/wp-content\/uploads\/2014\/03\/Captura-de-pantalla-2016-10-24-a-las-14.22.39-150x150.png 150w, http:\/\/irmotenerife.com\/wp-content\/uploads\/2014\/03\/Captura-de-pantalla-2016-10-24-a-las-14.22.39-100x100.png 100w, http:\/\/irmotenerife.com\/wp-content\/uploads\/2014\/03\/Captura-de-pantalla-2016-10-24-a-las-14.22.39-120x120.png 120w\" sizes=\"(max-width: 150px) 100vw, 150px\" \/><\/p>\n<ul>\n<li>A graduate in medicine and surgery.<\/li>\n<li>Specialist in Gynecology and obstetrics at the University Hospital of the Canary Islands.<\/li>\n<li>Sonographer in the area of obstetrics and Gynecology.<\/li>\n<li>Specialist in pathology of the pelvic floor<\/li>\n<li>Member of the Spanish society of pelvic floor.<\/li>\n<li>Several publications in journals, both national and international, as well as communications in congresses.<\/li>\n<\/ul>\n<\/div>\n<div class=\"one-half\">\n<h4><span style=\"font-size: 1em; line-height: 1.5em;\">Jos\u00e9 vazquez nu\u00f1ez<\/span><\/h4>\n<h6>Biologist<\/h6>\n<h6><a style=\"font-size: 0.75em; line-height: 1.5em;\" href=\"http:\/\/irmotenerife.com\/wp-content\/uploads\/2014\/03\/Jose-copia.jpg\"><img loading=\"lazy\" decoding=\"async\" src=\"http:\/\/irmotenerife.com\/wp-content\/uploads\/2014\/03\/Jose-copia-150x150.jpg\" alt=\"Tenerife \u00b7 Fecundaci\u00f3n In Vitro \u00b7 Ginecolog\u00eda y Obstetricia \u00b7 Seminogramas \u00b7 T\u00e9cnicas de Reproducci\u00f3n \u00b7 Banco de Embriones \u00b7 Donaci\u00f3n de Ovocitos \u00b7 Diagn\u00f3stico Gen\u00e9tico Preimplantacional DGP \u00b7 Urolog\u00eda y Endocrinolog\u00eda \u00b7 Congelaci\u00f3n Semen y Ovocitos \u00b7 Ecograf\u00edas 4D \u00b7\" width=\"150\" height=\"150\" \/><\/a><\/h6>\n<ul>\n<li>Specialised in Molecular Biology<\/li>\n<li>Biotechnology<\/li>\n<li>Master in human reproduction.<\/li>\n<li>CONTACT: <a href=\"mailto:jose.vazquez@irmotenerife.com\">jose.vazquez@irmotenerife.com<\/a><\/li>\n<\/ul>\n<p>&nbsp;<\/p>\n<\/div>\n<\/div>\n<div class=\"one-half first\">\n<h4>Tomas Concepci\u00f3n Masip<\/h4>\n<h6>Urologist and surgeon<\/h6>\n<h6><a href=\"http:\/\/irmotenerife.com\/wp-content\/uploads\/2014\/03\/IMG_4594.jpg\"><img loading=\"lazy\" decoding=\"async\" class=\"alignnone wp-image-910 size-thumbnail\" src=\"http:\/\/irmotenerife.com\/wp-content\/uploads\/2014\/03\/IMG_4594-150x150.jpg\" alt=\"Irmo, Irmo Tenerife, ginec\u00f3logo, ginec\u00f3logo Tenerife, ginec\u00f3loga, ginec\u00f3loga Tenerife, ginecoog\u00eda, ginecolog\u00eda Tenerife, fecundaci\u00f3n, fecundaci\u00f3n Tenerife, fecundaci\u00f3n in Vitro, fecundaci\u00f3n in Vitro Tenerife, Ivi, Ivi Tenerife, tfe, ginec\u00f3logo tfe, santa cruz, ginec\u00f3logo santa cruz, ginec\u00f3logo santa cruz de Tenerife, obstetricia, obstetricia Tenerife, seminograma, seminogramas Tenerife, clinica reproducci\u00f3n, clinica reproducci\u00f3n Tenerife, fertilizaci\u00f3n, fertilizaci\u00f3n Tenerife, urolog\u00eda, urolog\u00eda Tenerife, ur\u00f3logo Tenerife, endocrino, endocrino santa cruz de Tenerife, endocrinolog\u00eda Tenerife, endocrinolog\u00eda santa cruz de Tenerife, ecograf\u00eda, ecograf\u00eda Tenerife, ecograf\u00eda 4d, ecograf\u00eda 4d Tenerife, banco semen, banco semen santa cruz de Tenerife, banco semen Tenerife, congelaci\u00f3n semen, congelaci\u00f3n semen santa cruz de Tenerife, congelaci\u00f3n semen Tenerife, neuda, neuda marqu\u00e9s, neuda marqu\u00e9s ginec\u00f3loga, preimplantaci\u00f3n, preimplantaci\u00f3n Tenerife, dgp , dgp Tenerife, dgp santa cruz de tenerife.\" width=\"150\" height=\"150\" srcset=\"http:\/\/irmotenerife.com\/wp-content\/uploads\/2014\/03\/IMG_4594-150x150.jpg 150w, http:\/\/irmotenerife.com\/wp-content\/uploads\/2014\/03\/IMG_4594-100x100.jpg 100w, http:\/\/irmotenerife.com\/wp-content\/uploads\/2014\/03\/IMG_4594-120x120.jpg 120w\" sizes=\"(max-width: 150px) 100vw, 150px\" \/><\/a><\/h6>\n<ul>\n<li>Doctor in medicine from the University of Cantabria.<\/li>\n<li>European Board of Urology.<\/li>\n<li>Attending physician of Urology at the Hospital Universitario de Canarias (HUC) service<\/li>\n<\/ul>\n<\/div>\n<div class=\"one-half\">\n<h4>Judith L\u00f3pez Fern\u00e1ndez<\/h4>\n<h6>Endocrine<\/h6>\n<h6><a href=\"http:\/\/irmotenerife.com\/wp-content\/uploads\/2014\/03\/Judith.jpg\"><img loading=\"lazy\" decoding=\"async\" class=\"alignnone size-thumbnail wp-image-839\" src=\"http:\/\/irmotenerife.com\/wp-content\/uploads\/2014\/03\/Judith-150x150.jpg\" alt=\"Judith\" width=\"150\" height=\"150\" srcset=\"http:\/\/irmotenerife.com\/wp-content\/uploads\/2014\/03\/Judith-150x150.jpg 150w, http:\/\/irmotenerife.com\/wp-content\/uploads\/2014\/03\/Judith-100x100.jpg 100w, http:\/\/irmotenerife.com\/wp-content\/uploads\/2014\/03\/Judith-120x120.jpg 120w\" sizes=\"(max-width: 150px) 100vw, 150px\" \/><\/a><\/h6>\n<ul>\n<li>Dr. in medicine by the University of Alcal\u00e1 (Madrid).<\/li>\n<li>Postgraduate at the University of California, San Diego (USA) Dpt. of Molecular Genetics.<\/li>\n<li>Expert in Hormonal metabolic disease, obesity, Diabetes and clinical nutrition.<\/li>\n<\/ul>\n<\/div>\n<div class=\"all-columns\">\n<div class=\"one-half first\">\n<h4>Salvador Bethencourt Mu\u00f1oz<\/h4>\n<h6>Physician, surgeon and anesthesiologist<\/h6>\n<p><img loading=\"lazy\" decoding=\"async\" src=\"http:\/\/irmotenerife.com\/wp-content\/uploads\/2014\/03\/Salvador-150x150.jpg\" alt=\"Tenerife \u00b7 Fecundaci\u00f3n In Vitro \u00b7 Ginecolog\u00eda y Obstetricia \u00b7 Seminogramas \u00b7 T\u00e9cnicas de Reproducci\u00f3n \u00b7 Banco de Embriones \u00b7 Donaci\u00f3n de Ovocitos \u00b7 Diagn\u00f3stico Gen\u00e9tico Preimplantacional DGP \u00b7 Urolog\u00eda y Endocrinolog\u00eda \u00b7 Congelaci\u00f3n Semen y Ovocitos \u00b7 Ecograf\u00edas 4D \u00b7\" width=\"150\" height=\"150\" \/><\/p>\n<ul>\n<li>Master&#8217;s degree in emergency medicine.<\/li>\n<li>Specialist in Anesthetics and resuscitation.<\/li>\n<li>Graduate in medicine and surgery.<\/li>\n<\/ul>\n<\/div>\n<div class=\"one-half\">\n<h4>Ana\u00a0Plata Bello<\/h4>\n<h6>Urologist and surgeon<\/h6>\n<p><a href=\"http:\/\/irmotenerife.com\/wp-content\/uploads\/2014\/03\/IMG_4578.jpg\"><img loading=\"lazy\" decoding=\"async\" class=\"alignnone size-thumbnail wp-image-912\" src=\"http:\/\/irmotenerife.com\/wp-content\/uploads\/2014\/03\/IMG_4578-150x150.jpg\" alt=\"Irmo, Irmo Tenerife, ginec\u00f3logo, ginec\u00f3logo Tenerife, ginec\u00f3loga, ginec\u00f3loga Tenerife, ginecoog\u00eda, ginecolog\u00eda Tenerife, fecundaci\u00f3n, fecundaci\u00f3n Tenerife, fecundaci\u00f3n in Vitro, fecundaci\u00f3n in Vitro Tenerife, Ivi, Ivi Tenerife, tfe, ginec\u00f3logo tfe, santa cruz, ginec\u00f3logo santa cruz, ginec\u00f3logo santa cruz de Tenerife, obstetricia, obstetricia Tenerife, seminograma, seminogramas Tenerife, clinica reproducci\u00f3n, clinica reproducci\u00f3n Tenerife, fertilizaci\u00f3n, fertilizaci\u00f3n Tenerife, urolog\u00eda, urolog\u00eda Tenerife, ur\u00f3logo Tenerife, endocrino, endocrino santa cruz de Tenerife, endocrinolog\u00eda Tenerife, endocrinolog\u00eda santa cruz de Tenerife, ecograf\u00eda, ecograf\u00eda Tenerife, ecograf\u00eda 4d, ecograf\u00eda 4d Tenerife, banco semen, banco semen santa cruz de Tenerife, banco semen Tenerife, congelaci\u00f3n semen, congelaci\u00f3n semen santa cruz de Tenerife, congelaci\u00f3n semen Tenerife, neuda, neuda marqu\u00e9s, neuda marqu\u00e9s ginec\u00f3loga, preimplantaci\u00f3n, preimplantaci\u00f3n Tenerife, dgp , dgp Tenerife, dgp santa cruz de tenerife.\" width=\"150\" height=\"150\" srcset=\"http:\/\/irmotenerife.com\/wp-content\/uploads\/2014\/03\/IMG_4578-150x150.jpg 150w, http:\/\/irmotenerife.com\/wp-content\/uploads\/2014\/03\/IMG_4578-100x100.jpg 100w, http:\/\/irmotenerife.com\/wp-content\/uploads\/2014\/03\/IMG_4578-120x120.jpg 120w\" sizes=\"(max-width: 150px) 100vw, 150px\" \/><\/a><\/p>\n<ul>\n<li>PhD in medicine and surgery by the University of La Laguna, with the qualification APTO CUM LAUDE by UNANIMITY<\/li>\n<li>Fellow of the European Board of Urology in Brussels 2013.<\/li>\n<li>Doctor Deputy of Urology of the University Hospital of the Canary Islands<\/li>\n<\/ul>\n<\/div>\n<\/div>\n<p>&nbsp;<\/p>\n<div class=\"all-columns\">\n<div class=\"one-half first\">\n<h4>Patricia Hern\u00e1ndez Delgado.<\/h4>\n<h6>Biologist<\/h6>\n<h4><img loading=\"lazy\" decoding=\"async\" class=\"alignnone wp-image-1078 size-thumbnail\" src=\"http:\/\/irmotenerife.com\/wp-content\/uploads\/2014\/03\/Patricia-Hern--ndez-Delgado-150x150.jpg\" alt=\"Patricia Hern\u00e1ndez Delgado\" width=\"150\" height=\"150\" srcset=\"http:\/\/irmotenerife.com\/wp-content\/uploads\/2014\/03\/Patricia-Hern--ndez-Delgado-150x150.jpg 150w, http:\/\/irmotenerife.com\/wp-content\/uploads\/2014\/03\/Patricia-Hern--ndez-Delgado-100x100.jpg 100w, http:\/\/irmotenerife.com\/wp-content\/uploads\/2014\/03\/Patricia-Hern--ndez-Delgado-120x120.jpg 120w\" sizes=\"(max-width: 150px) 100vw, 150px\" \/><\/h4>\n<ul>\n<li>A degree in biology.<\/li>\n<li>Master on the basis of theoretical and laboratory procedures in<\/li>\n<li>Assisted reproduction.<\/li>\n<li>CONTACT: <a href=\"mailto:patricia.hernandez@irmotenerife.com\">patricia.hernandez@irmotenerife.com<\/a><\/li>\n<\/ul>\n<p>&nbsp;<\/p>\n<\/div>\n<div class=\"one-half\">\n<h4>Esmeralda Reyes Mart\u00edn<\/h4>\n<h6>Clinic Assistant<\/h6>\n<h6><a href=\"http:\/\/irmotenerife.com\/wp-content\/uploads\/2014\/03\/Esmeralda-copia.jpg\"><img loading=\"lazy\" decoding=\"async\" class=\"alignnone size-thumbnail wp-image-720\" src=\"http:\/\/irmotenerife.com\/wp-content\/uploads\/2014\/03\/Esmeralda-copia-150x150.jpg\" alt=\"Tenerife \u00b7 Fecundaci\u00f3n In Vitro \u00b7 Ginecolog\u00eda y Obstetricia \u00b7 Seminogramas \u00b7 T\u00e9cnicas de Reproducci\u00f3n \u00b7 Banco de Embriones \u00b7 Donaci\u00f3n de Ovocitos \u00b7 Diagn\u00f3stico Gen\u00e9tico Preimplantacional DGP \u00b7 Urolog\u00eda y Endocrinolog\u00eda \u00b7 Congelaci\u00f3n Semen y Ovocitos \u00b7 Ecograf\u00edas 4D \u00b7\" width=\"150\" height=\"150\" srcset=\"http:\/\/irmotenerife.com\/wp-content\/uploads\/2014\/03\/Esmeralda-copia-150x150.jpg 150w, http:\/\/irmotenerife.com\/wp-content\/uploads\/2014\/03\/Esmeralda-copia-300x300.jpg 300w, http:\/\/irmotenerife.com\/wp-content\/uploads\/2014\/03\/Esmeralda-copia-1024x1024.jpg 1024w, http:\/\/irmotenerife.com\/wp-content\/uploads\/2014\/03\/Esmeralda-copia.jpg 1181w\" sizes=\"(max-width: 150px) 100vw, 150px\" \/><\/a><\/h6>\n<ul>\n<li><strong>CONTACT:\u00a0<\/strong><a href=\"mailto:esmeralda@irmotenerife.com\">esmeralda@irmotenerife.com<\/a><\/li>\n<\/ul>\n<h6><\/h6>\n<h6><\/h6>\n<\/div>\n<\/div>\n<div>\n<div class=\"all-columns\">\n<div class=\"all-columns\">\n<div class=\"one-half first\"><\/div>\n<\/div>\n<\/div>\n<\/div>\n<div>\n<div class=\"all-columns\">\n<div class=\"all-columns\">\n<div class=\"one-half\">\n<p>&nbsp;<\/p>\n<\/div>\n<\/div>\n<\/div>\n<\/div>\n<p>[\/vc_column_text][\/vc_column][\/vc_row]<\/p>\n<\/div>","protected":false},"excerpt":{"rendered":"<p>[vc_row css_animation=&#8221;&#8221; row_type=&#8221;row&#8221; use_row_as_full_screen_section=&#8221;no&#8221; type=&#8221;full_width&#8221; angled_section=&#8221;no&#8221; text_align=&#8221;left&#8221; background_image_as_pattern=&#8221;without_pattern&#8221;][vc_column width=&#8221;1\/2&#8243;][vc_column_text] Neuda&#8230;<\/p>\n","protected":false},"author":1,"featured_media":0,"parent":0,"menu_order":0,"comment_status":"open","ping_status":"closed","template":"","meta":{"footnotes":""},"_links":{"self":[{"href":"http:\/\/irmotenerife.com\/en\/wp-json\/wp\/v2\/pages\/1301"}],"collection":[{"href":"http:\/\/irmotenerife.com\/en\/wp-json\/wp\/v2\/pages"}],"about":[{"href":"http:\/\/irmotenerife.com\/en\/wp-json\/wp\/v2\/types\/page"}],"author":[{"embeddable":true,"href":"http:\/\/irmotenerife.com\/en\/wp-json\/wp\/v2\/users\/1"}],"replies":[{"embeddable":true,"href":"http:\/\/irmotenerife.com\/en\/wp-json\/wp\/v2\/comments?post=1301"}],"version-history":[{"count":7,"href":"http:\/\/irmotenerife.com\/en\/wp-json\/wp\/v2\/pages\/1301\/revisions"}],"predecessor-version":[{"id":1845,"href":"http:\/\/irmotenerife.com\/en\/wp-json\/wp\/v2\/pages\/1301\/revisions\/1845"}],"wp:attachment":[{"href":"http:\/\/irmotenerife.com\/en\/wp-json\/wp\/v2\/media?parent=1301"}],"curies":[{"name":"wp","href":"https:\/\/api.w.org\/{rel}","templated":true}]}}