{"id":1248,"date":"2016-05-06T12:31:19","date_gmt":"2016-05-06T12:31:19","guid":{"rendered":"http:\/\/irmotenerife.com\/?page_id=1248"},"modified":"2016-05-06T12:52:16","modified_gmt":"2016-05-06T12:52:16","slug":"primo-vision","status":"publish","type":"page","link":"http:\/\/irmotenerife.com\/fr\/primo-vision\/","title":{"rendered":"PRIMO VISI\u00d3N"},"content":{"rendered":"<p>Desde hace poco m\u00e1s de un a\u00f1o, nuestro Centro\u00a0<strong>IRMO<\/strong>, cuenta con el sistema\u00a0<strong>PRIMO VISION<\/strong>\u00a0para monitorizar embriones.<\/p>\n<p><strong>PRIMO VISION<\/strong>\u00a0es un novedoso y avanzado sistema que permite observar los embriones mediante una c\u00e1mara desde que se fecundan hasta el momento de su transferencia. Gracias a la captura de im\u00e1genes constantes a determinados\u00a0intervalos de tiempo (tecnolog\u00eda time-lapse), obtenemos toda la informaci\u00f3n necesaria para seleccionar el embri\u00f3n con m\u00e1s probabilidades de \u00e9xito.<\/p>\n<div id=\"attachment_1249\" style=\"width: 310px\" class=\"wp-caption alignright\"><img loading=\"lazy\" decoding=\"async\" aria-describedby=\"caption-attachment-1249\" class=\"wp-image-1249 size-medium\" src=\"http:\/\/irmotenerife.com\/wp-content\/uploads\/2016\/05\/20141229112533680evo-300x276.jpg\" alt=\"20141229112533680evo\" width=\"300\" height=\"276\" srcset=\"http:\/\/irmotenerife.com\/wp-content\/uploads\/2016\/05\/20141229112533680evo-300x276.jpg 300w, http:\/\/irmotenerife.com\/wp-content\/uploads\/2016\/05\/20141229112533680evo.jpg 754w\" sizes=\"(max-width: 300px) 100vw, 300px\" \/><p id=\"caption-attachment-1249\" class=\"wp-caption-text\">PRIMO VISION es un sistema de \u00faltima generaci\u00f3n de monitorizaci\u00f3n de embriones.<\/p><\/div>\n<p>Consiste en obtener una mayor informaci\u00f3n acerca de la evoluci\u00f3n de los embriones, disminuyendo la manipulaci\u00f3n de los mismos. Los sistemas de\u00a0<u>morfocin\u00e9tica<\/u>, nos permiten conocer mucho m\u00e1s en detalle los ritmos de divisi\u00f3n y la evoluci\u00f3n de los embriones durante los d\u00edas que se encuentran en el laboratorio. Nos permiten detectar anomal\u00edas morfol\u00f3gicas de divisi\u00f3n, que con los sistemas de incubaci\u00f3n tradicionales se nos podr\u00edan escapaban, y as\u00ed, seleccionar de una manera m\u00e1s eficaz\u00a0los mejores embriones para la transferencia.<\/p>\n<p><strong>VENTAJAS<\/strong><\/p>\n<p>1.- Aumenta las tasas de Embarazo: permite valorar tiempos de divisi\u00f3n claves para el embri\u00f3n. Saber el momento exacto de las primeras divisiones embrionarias es crucial para seleccionar el mejor embri\u00f3n disponible. Los embriones que cumplen determinados tiempos de divisi\u00f3n celular y unos cambios morfol\u00f3gicos adecuados han demostrado tener entre un 10 y un 15% m\u00e1s de probabilidades de implantaci\u00f3n.<\/p>\n<p>2.- Evaluaci\u00f3n embrionaria con menos estr\u00e9s. La seguridad del embri\u00f3n es lo m\u00e1s importante.\u00a0Usando el sistema de Monitorizaci\u00f3n Embrionaria Primo Vision dentro de la incubadora podemos observar todos los embriones sin alterar las condiciones de cultivo. El sistema graba todo la evoluci\u00f3n del embri\u00f3n, permitiendo valorar objetivamente el desarrollo embrionario, para poder transferir el embri\u00f3n de mejor calidad.<\/p>\n<p>3.- El software que incorpora proporciona un modo objetivo, sencillo y fiable de comparar y analizar el desarrollo de los embriones. Adem\u00e1s permite crear videos para los pacientes.<strong>\u00a0<\/strong><\/p>\n<p>&nbsp;<\/p>\n<p>Si desea usar esta tecnolog\u00eda en su tratamiento de reproducci\u00f3n asistida, puede informarse en nuestro Centro\u00a0<a href=\"http:\/\/irmotenerife.com\/contacto\/\"><strong>IRMO<\/strong>.<\/a><\/p>\n<p>&nbsp;<\/p>\n","protected":false},"excerpt":{"rendered":"<p>Desde hace poco m\u00e1s de un a\u00f1o, nuestro Centro\u00a0IRMO, cuenta&#8230;<\/p>\n","protected":false},"author":1,"featured_media":1253,"parent":0,"menu_order":0,"comment_status":"open","ping_status":"open","template":"","meta":{"footnotes":""},"_links":{"self":[{"href":"http:\/\/irmotenerife.com\/fr\/wp-json\/wp\/v2\/pages\/1248"}],"collection":[{"href":"http:\/\/irmotenerife.com\/fr\/wp-json\/wp\/v2\/pages"}],"about":[{"href":"http:\/\/irmotenerife.com\/fr\/wp-json\/wp\/v2\/types\/page"}],"author":[{"embeddable":true,"href":"http:\/\/irmotenerife.com\/fr\/wp-json\/wp\/v2\/users\/1"}],"replies":[{"embeddable":true,"href":"http:\/\/irmotenerife.com\/fr\/wp-json\/wp\/v2\/comments?post=1248"}],"version-history":[{"count":2,"href":"http:\/\/irmotenerife.com\/fr\/wp-json\/wp\/v2\/pages\/1248\/revisions"}],"predecessor-version":[{"id":1251,"href":"http:\/\/irmotenerife.com\/fr\/wp-json\/wp\/v2\/pages\/1248\/revisions\/1251"}],"wp:featuredmedia":[{"embeddable":true,"href":"http:\/\/irmotenerife.com\/fr\/wp-json\/wp\/v2\/media\/1253"}],"wp:attachment":[{"href":"http:\/\/irmotenerife.com\/fr\/wp-json\/wp\/v2\/media?parent=1248"}],"curies":[{"name":"wp","href":"https:\/\/api.w.org\/{rel}","templated":true}]}}