{"id":1305,"date":"2014-03-24T19:00:51","date_gmt":"2014-03-24T19:00:51","guid":{"rendered":"http:\/\/irmotenerife.com\/fr\/contacto\/"},"modified":"2024-09-13T10:56:15","modified_gmt":"2024-09-13T10:56:15","slug":"contact","status":"publish","type":"page","link":"http:\/\/irmotenerife.com\/fr\/contact\/","title":{"rendered":"Contact"},"content":{"rendered":"<div class=\"wpb-content-wrapper\"><p>[vc_row row_type=\u00a0\u00bbrow\u00a0\u00bb use_row_as_full_screen_section=\u00a0\u00bbno\u00a0\u00bb type=\u00a0\u00bbfull_width\u00a0\u00bb angled_section=\u00a0\u00bbno\u00a0\u00bb text_align=\u00a0\u00bbleft\u00a0\u00bb background_image_as_pattern=\u00a0\u00bbwithout_pattern\u00a0\u00bb][vc_column width=\u00a0\u00bb1\/3&Prime;][vc_column_text]<\/p>\n<h6 style=\"text-align: center;\">Irmo:\u00a0Instituto de Fertilizaci\u00f3n In Vitro.<\/h6>\n<div class=\"all-columns\">\n<div class=\"one-half first\">\n<ul>\n<li>Santa Cruz de Tenerife<\/li>\n<li>Calle Tom\u00e9 Cano N\u00ba10 Local 5.<\/li>\n<li>Tfn\/Fax (+34) 922 245 245<\/li>\n<\/ul>\n<\/div>\n<div class=\"one-half\">\n<ul>\n<li><span style=\"text-decoration: underline;\">Contact:\u00a0<\/span>\n<ul>\n<li><a href=\"mailto:info@irmotenerife.com\">info@irmotenerife.com<\/a><\/li>\n<li><a href=\"mailto:fiv-irmo@hotmail.com\">fiv-irmo@hotmail.com<\/a><\/li>\n<\/ul>\n<\/li>\n<\/ul>\n<\/div>\n<\/div>\n<p>[\/vc_column_text][\/vc_column][vc_column width=\u00a0\u00bb2\/3&Prime;][vc_column_text]<\/p>\n<p style=\"text-align: center;\"><iframe loading=\"lazy\" style=\"border: 0;\" tabindex=\"0\" src=\"https:\/\/www.google.com\/maps\/embed?pb=!1m18!1m12!1m3!1d3507.704046764955!2d-16.264210584921308!3d28.45833658248688!2m3!1f0!2f0!3f0!3m2!1i1024!2i768!4f13.1!3m3!1m2!1s0xc41cd4b5824a5cb%3A0xcbc60fd93d21db48!2sCl%C3%ADnica%20IRMO%20-%20Reproducci%C3%B3n%20asistida!5e0!3m2!1ses!2ses!4v1600870894572!5m2!1ses!2ses\" width=\"600\" height=\"450\" frameborder=\"0\" allowfullscreen=\"allowfullscreen\" aria-hidden=\"false\"><\/iframe><\/p>\n<h6 style=\"text-align: center;\"><\/h6>\n<h6 style=\"text-align: center;\">Pour les Urgences, t\u00e9l\u00e9phoner au num\u00e9ro de la consultation.<\/h6>\n<h5 style=\"text-align: center;\">+34 922 245 245<\/h5>\n<p>[\/vc_column_text][\/vc_column][\/vc_row]<\/p>\n<\/div>","protected":false},"excerpt":{"rendered":"<p>[vc_row row_type=\u00a0\u00bbrow\u00a0\u00bb use_row_as_full_screen_section=\u00a0\u00bbno\u00a0\u00bb type=\u00a0\u00bbfull_width\u00a0\u00bb angled_section=\u00a0\u00bbno\u00a0\u00bb text_align=\u00a0\u00bbleft\u00a0\u00bb background_image_as_pattern=\u00a0\u00bbwithout_pattern\u00a0\u00bb][vc_column width=\u00a0\u00bb1\/3&Prime;][vc_column_text] Irmo:\u00a0Instituto de&#8230;<\/p>\n","protected":false},"author":1,"featured_media":0,"parent":0,"menu_order":0,"comment_status":"open","ping_status":"open","template":"","meta":{"footnotes":""},"_links":{"self":[{"href":"http:\/\/irmotenerife.com\/fr\/wp-json\/wp\/v2\/pages\/1305"}],"collection":[{"href":"http:\/\/irmotenerife.com\/fr\/wp-json\/wp\/v2\/pages"}],"about":[{"href":"http:\/\/irmotenerife.com\/fr\/wp-json\/wp\/v2\/types\/page"}],"author":[{"embeddable":true,"href":"http:\/\/irmotenerife.com\/fr\/wp-json\/wp\/v2\/users\/1"}],"replies":[{"embeddable":true,"href":"http:\/\/irmotenerife.com\/fr\/wp-json\/wp\/v2\/comments?post=1305"}],"version-history":[{"count":8,"href":"http:\/\/irmotenerife.com\/fr\/wp-json\/wp\/v2\/pages\/1305\/revisions"}],"predecessor-version":[{"id":1869,"href":"http:\/\/irmotenerife.com\/fr\/wp-json\/wp\/v2\/pages\/1305\/revisions\/1869"}],"wp:attachment":[{"href":"http:\/\/irmotenerife.com\/fr\/wp-json\/wp\/v2\/media?parent=1305"}],"curies":[{"name":"wp","href":"https:\/\/api.w.org\/{rel}","templated":true}]}}