{"id":1362,"date":"2011-11-27T09:40:04","date_gmt":"2011-11-27T09:40:04","guid":{"rendered":"http:\/\/irmotenerife.com\/fr\/soluciones\/"},"modified":"2016-07-05T15:46:13","modified_gmt":"2016-07-05T15:46:13","slug":"solutions","status":"publish","type":"page","link":"http:\/\/irmotenerife.com\/fr\/solutions\/","title":{"rendered":"SOLUTIONS"},"content":{"rendered":"<p><strong>Premi\u00e8re partir du processus\u00a0: l\u2019analyse.<\/strong><\/p>\n<p>Chez Irmo, Institut de Fertilisation In Vitro, nous consid\u00e9rons votre cas comme si c\u2019\u00e9tait l\u2019unique. C\u2019est pour cela que nous r\u00e9alisons une analyse d\u00e9taill\u00e9e de chaque patient. Dans un premier temps nous prenons un rendez-vous, pour explorer, \u00e9couter, obtenir dans les cas n\u00e9cessaire les \u00e9chantillons qui nous permettrons d\u2019\u00e9tudier votre cas.<\/p>\n<p>Notre \u00e9quipe d\u2019experts est compos\u00e9e de gyn\u00e9cologues, d\u2019obst\u00e9triciens, d\u2019urologues, d\u2019endocriniens, de biologistes et d\u2019auxiliaires de clinique, qui ont une importante trajectoire et un prestigieux niveau international et qui sont pleinement capable de r\u00e9soudre une multitude de cas et de maladie pr\u00e9sents dans la soci\u00e9t\u00e9.<\/p>\n<p><strong>L\u2019\u00e9tude d\u00e9taill\u00e9e de chaque cas, est un facteur diff\u00e9rentiel pour la r\u00e9ussite.<\/strong><\/p>\n<p>C\u2019est pour cela que chez Irmo Institut de fertilit\u00e9 In Vitro, nous poss\u00e9dons un laboratoire o\u00f9 notre \u00e9quipe de biologistes et sp\u00e9cialistes examinent les \u00e9chantillons m\u00e9ticuleusement.<\/p>\n<p>Chaque jour, le laboratoire de l\u2019institut se plante de nouveaux objectifs qui se centrent de plus en plus sur la pathologie, jusqu\u2019\u00e0 en devenir un signe s\u00e9miologique de plus dans la clinique. Actuellement, dans nos laboratoires, dominent les analyseurs informatis\u00e9s et sp\u00e9cialis\u00e9s dans diff\u00e9rents domaines analytiques.<\/p>\n<p><strong>Apr\u00e8s une p\u00e9riode d\u2019analyse et d\u2019\u00e9tude de chaque cas, nous pouvons passer \u00e0 la troisi\u00e8me phase, dans laquelle nous vous proposons une solution.<\/strong><\/p>\n<p>Des milliers d\u2019enfants, de jeunes, de personnes \u00e2g\u00e9es, des deux sexes, sont pass\u00e9s par notre clinique, nous avons un pourcentage de r\u00e9ussite des plus importants au niveau national. Diff\u00e9rents prix et articles t\u00e9moignent de nos r\u00e9sultats et solutions.<\/p>\n<p>Nous avons des solutions m\u00e9dicales sur mesure. Consultez- nous.<\/p>\n<p>&nbsp;<\/p>\n<div class=\"all-columns\">\n<div class=\"one-half first\">\n<h5>SOLUTIONS FAITES A LA MESURE DU PATIENT<\/h5>\n<p>Chez Irmo Institut de Fertilisation In Vitro, nous nous soucions d\u2019offrir la meilleure alternative qui s\u2019adapte aux possibilit\u00e9s et besoins de notre client.<\/p>\n<p>&nbsp;<\/p>\n<p><img loading=\"lazy\" decoding=\"async\" src=\"http:\/\/irmotenerife.com\/wp-content\/uploads\/2011\/11\/cura-infertilidad-300x199.jpg\" alt=\"cura-infertilidad\" width=\"300\" height=\"199\" \/><\/p>\n<p>Nous chercherons toutes les possibilit\u00e9s qui existent au jour d\u2019aujourd\u2019hui dans la m\u00e9decine pour essayer de r\u00e9soudre les difficult\u00e9s que vous rencontrez.<\/p>\n<p>Nous disposons des derni\u00e8res technologies, blocs op\u00e9ratoires, cabinets et analyses, laboratoire et tout l\u2019\u00e9quipement m\u00e9dical pour que nous puissions mener \u00e0 bien les services que nous d\u00e9taillons dans notre site.<\/p>\n<\/div>\n<div class=\"one-half\">\n<h5>SOLUTIONS ADAPTEES SUR MESURE<\/h5>\n<p>Chez Irmo, Institut de Fertilisation In Vitro, nous nous effor\u00e7ons de r\u00e9soudre les diff\u00e9rents probl\u00e8mes que nous rencontrons chaque jour pendant nos consultations. Depuis dix ans, nous travaillons avec une multitude de patients, aux diverses pr\u00e9occupations, maladies et objectifs et nous sommes tr\u00e8s fiers d\u2019avoir eu un incroyable pourcentage de r\u00e9ussite qui appuie notre trajectoire.<\/p>\n<ul>\n<li>Services de Gyn\u00e9cologie et d\u2019Obst\u00e9trique<\/li>\n<li>Traitement de reproduction assist\u00e9<\/li>\n<li>Services d\u2019Endocrinologie et Nutrition<\/li>\n<li>Diagnostiques pr\u00e9natals<\/li>\n<li>Traitement d\u2019Urologie et d\u2019Andrologie<\/li>\n<\/ul>\n<p>&nbsp;<\/p>\n<\/div>\n<\/div>\n<p>&nbsp;<\/p>\n<h2><\/h2>\n<h2><\/h2>\n","protected":false},"excerpt":{"rendered":"<p>Premi\u00e8re partir du processus\u00a0: l\u2019analyse. Chez Irmo, Institut de Fertilisation&#8230;<\/p>\n","protected":false},"author":1,"featured_media":0,"parent":0,"menu_order":0,"comment_status":"open","ping_status":"closed","template":"","meta":{"footnotes":""},"_links":{"self":[{"href":"http:\/\/irmotenerife.com\/fr\/wp-json\/wp\/v2\/pages\/1362"}],"collection":[{"href":"http:\/\/irmotenerife.com\/fr\/wp-json\/wp\/v2\/pages"}],"about":[{"href":"http:\/\/irmotenerife.com\/fr\/wp-json\/wp\/v2\/types\/page"}],"author":[{"embeddable":true,"href":"http:\/\/irmotenerife.com\/fr\/wp-json\/wp\/v2\/users\/1"}],"replies":[{"embeddable":true,"href":"http:\/\/irmotenerife.com\/fr\/wp-json\/wp\/v2\/comments?post=1362"}],"version-history":[{"count":2,"href":"http:\/\/irmotenerife.com\/fr\/wp-json\/wp\/v2\/pages\/1362\/revisions"}],"predecessor-version":[{"id":1364,"href":"http:\/\/irmotenerife.com\/fr\/wp-json\/wp\/v2\/pages\/1362\/revisions\/1364"}],"wp:attachment":[{"href":"http:\/\/irmotenerife.com\/fr\/wp-json\/wp\/v2\/media?parent=1362"}],"curies":[{"name":"wp","href":"https:\/\/api.w.org\/{rel}","templated":true}]}}