{"id":1366,"date":"2011-11-27T09:39:21","date_gmt":"2011-11-27T09:39:21","guid":{"rendered":"http:\/\/irmotenerife.com\/fr\/servicios\/"},"modified":"2020-09-22T10:05:40","modified_gmt":"2020-09-22T10:05:40","slug":"services","status":"publish","type":"page","link":"http:\/\/irmotenerife.com\/fr\/services\/","title":{"rendered":"Services"},"content":{"rendered":"\n<div class=\"wp-block-group\"><div class=\"wp-block-group__inner-container is-layout-flow wp-block-group-is-layout-flow\">\n<div class=\"grid_5 alpha\">\n<p><strong><br \/>\u00a0LISTE DES SERVICES<\/strong><\/p>\n<ul>\n<li><strong>GYNECOLOGIE<\/strong><\/li>\n<li>-R\u00e9visions<\/li>\n<li>-Colposcopie<\/li>\n<li>-Placement de DIU<\/li>\n<li>-Cytologie<\/li>\n<li>-HPV<\/li>\n<li>-Consultation pour les adolescents<\/li>\n<li>-M\u00e9nopause<\/li>\n<li>-Plancher Pelvien<\/li>\n<li><strong>OBSTETRIQUE<\/strong><\/li>\n<li>-Contr\u00f4le obst\u00e9trique<\/li>\n<li>-Surveillance f\u0153tale<\/li>\n<li><strong>REPRODUCTION ASSISTEE<\/strong><\/li>\n<li>-Spermogramme<\/li>\n<li>-Ins\u00e9mination<\/li>\n<li>-Embryoscopie Primo Vision Evo Vitrolife<\/li>\n<li>-FIV<\/li>\n<li>-ICSI<\/li>\n<li>-Don d\u2019Ovocytes<\/li>\n<li>-Diagnostic G\u00e9n\u00e9tique Pr\u00e9implantatoire<\/li>\n<li>-Cong\u00e9lation d&#8217;embryons<\/li>\n<li>-Banque d\u2019embryons<\/li>\n<li>-Banque de sperme<\/li>\n<li>-Analyses hormonales<\/li>\n<li>-Cong\u00e9lation du sperme<\/li>\n<li>-Cong\u00e9lation d\u2019ovocytes<\/li>\n<li>-PRIMO VISI\u00d3N<\/li>\n<li><strong>ENDOCRINOLOGIE ET <\/strong><strong>\u200b\u200b<\/strong><strong>NUTRITION<\/strong><\/li>\n<li>-Diab\u00e8te<\/li>\n<li>-Ob\u00e9sit\u00e9<\/li>\n<li>-Troubles de la croissance<\/li>\n<li>-Troubles hormonaux<\/li>\n<li>-Nutrition<\/li>\n<li>-Diagnostic pr\u00e9natal<\/li>\n<li>-Echographie de clart\u00e9 nucale<\/li>\n<li>-Echographie s\u00e9lective<\/li>\n<li>-Echographie Doppler<\/li>\n<li>-Echographie 4D<\/li>\n<li>-Amniocent\u00e8se<\/li>\n<li><strong>UROLOGIE \/ ANDROLOGIE<\/strong><\/li>\n<li>-Biopsie testiculaire<\/li>\n<li><strong>PSICOLOG\u00cdA<\/strong><\/li>\n<li>-Consultation psychologie<\/li>\n<\/ul>\n<\/div>\n<div class=\"grid_7 omega\">\n<h2>Irmo:<strong>\u00a0INSTITUT POUR LA FECONDATION IN VITRO<\/strong>.<\/h2>\n<p><strong>Depuis 10 ans, nous vous offrons des solutions de m\u00e9decine reproductive.<\/strong><\/p>\n<p>Chez Irmo, nous sommes des sp\u00e9cialistes en ce qui concerne l\u2019attention personnalis\u00e9e de chaque cas, en cherchant des solutions sp\u00e9cifiques pour chaque personne.<\/p>\n<p>Nous b\u00e9n\u00e9ficions d\u2019une \u00e9quipe de sp\u00e9cialistes dans diff\u00e9rents domaines qui travaillent ensemble sur chaque patient.<\/p>\n\n\t\t<style type=\"text\/css\">\n\t\t\t#gallery-1 {\n\t\t\t\tmargin: auto;\n\t\t\t}\n\t\t\t#gallery-1 .gallery-item {\n\t\t\t\tfloat: left;\n\t\t\t\tmargin-top: 10px;\n\t\t\t\ttext-align: center;\n\t\t\t\twidth: 33%;\n\t\t\t}\n\t\t\t#gallery-1 img {\n\t\t\t\tborder: 2px solid #cfcfcf;\n\t\t\t}\n\t\t\t#gallery-1 .gallery-caption {\n\t\t\t\tmargin-left: 0;\n\t\t\t}\n\t\t\t\/* see gallery_shortcode() in wp-includes\/media.php *\/\n\t\t<\/style>\n\t\t<div id='gallery-1' class='gallery galleryid-1366 gallery-columns-3 gallery-size-thumbnail'><dl class='gallery-item'>\n\t\t\t<dt class='gallery-icon landscape'>\n\t\t\t\t<a href='http:\/\/irmotenerife.com\/wp-content\/uploads\/2011\/11\/Destacado-11.jpg'><img loading=\"lazy\" decoding=\"async\" width=\"150\" height=\"150\" src=\"http:\/\/irmotenerife.com\/wp-content\/uploads\/2011\/11\/Destacado-11-150x150.jpg\" class=\"attachment-thumbnail size-thumbnail\" alt=\"Irmo, Irmo Tenerife, ginec\u00f3logo, ginec\u00f3logo Tenerife, ginec\u00f3loga, ginec\u00f3loga Tenerife, ginecoog\u00eda, ginecolog\u00eda Tenerife, fecundaci\u00f3n, fecundaci\u00f3n Tenerife, fecundaci\u00f3n in Vitro, fecundaci\u00f3n in Vitro Tenerife, Ivi, Ivi Tenerife, tfe, ginec\u00f3logo tfe, santa cruz, ginec\u00f3logo santa cruz, ginec\u00f3logo santa cruz de Tenerife, obstetricia, obstetricia Tenerife, seminograma, seminogramas Tenerife, clinica reproducci\u00f3n, clinica reproducci\u00f3n Tenerife, fertilizaci\u00f3n, fertilizaci\u00f3n Tenerife, urolog\u00eda, urolog\u00eda Tenerife, ur\u00f3logo Tenerife, endocrino, endocrino santa cruz de Tenerife, endocrinolog\u00eda Tenerife, endocrinolog\u00eda santa cruz de Tenerife, ecograf\u00eda, ecograf\u00eda Tenerife, ecograf\u00eda 4d, ecograf\u00eda 4d Tenerife, banco semen, banco semen santa cruz de Tenerife, banco semen Tenerife, congelaci\u00f3n semen, congelaci\u00f3n semen santa cruz de Tenerife, congelaci\u00f3n semen Tenerife, neuda, neuda marqu\u00e9s, neuda marqu\u00e9s ginec\u00f3loga, preimplantaci\u00f3n, preimplantaci\u00f3n Tenerife, dgp , dgp Tenerife, dgp santa cruz de tenerife.\" srcset=\"http:\/\/irmotenerife.com\/wp-content\/uploads\/2011\/11\/Destacado-11-150x150.jpg 150w, http:\/\/irmotenerife.com\/wp-content\/uploads\/2011\/11\/Destacado-11-300x300.jpg 300w, http:\/\/irmotenerife.com\/wp-content\/uploads\/2011\/11\/Destacado-11-1024x1024.jpg 1024w, http:\/\/irmotenerife.com\/wp-content\/uploads\/2011\/11\/Destacado-11.jpg 1181w\" sizes=\"(max-width: 150px) 100vw, 150px\" \/><\/a>\n\t\t\t<\/dt><\/dl><dl class='gallery-item'>\n\t\t\t<dt class='gallery-icon landscape'>\n\t\t\t\t<a href='http:\/\/irmotenerife.com\/wp-content\/uploads\/2014\/03\/Slide-61.jpg'><img loading=\"lazy\" decoding=\"async\" width=\"150\" height=\"150\" src=\"http:\/\/irmotenerife.com\/wp-content\/uploads\/2014\/03\/Slide-61-150x150.jpg\" class=\"attachment-thumbnail size-thumbnail\" alt=\"Irmo, Irmo Tenerife, ginec\u00f3logo, ginec\u00f3logo Tenerife, ginec\u00f3loga, ginec\u00f3loga Tenerife, ginecoog\u00eda, ginecolog\u00eda Tenerife, fecundaci\u00f3n, fecundaci\u00f3n Tenerife, fecundaci\u00f3n in Vitro, fecundaci\u00f3n in Vitro Tenerife, Ivi, Ivi Tenerife, tfe, ginec\u00f3logo tfe, santa cruz, ginec\u00f3logo santa cruz, ginec\u00f3logo santa cruz de Tenerife, obstetricia, obstetricia Tenerife, seminograma, seminogramas Tenerife, clinica reproducci\u00f3n, clinica reproducci\u00f3n Tenerife, fertilizaci\u00f3n, fertilizaci\u00f3n Tenerife, urolog\u00eda, urolog\u00eda Tenerife, ur\u00f3logo Tenerife, endocrino, endocrino santa cruz de Tenerife, endocrinolog\u00eda Tenerife, endocrinolog\u00eda santa cruz de Tenerife, ecograf\u00eda, ecograf\u00eda Tenerife, ecograf\u00eda 4d, ecograf\u00eda 4d Tenerife, banco semen, banco semen santa cruz de Tenerife, banco semen Tenerife, congelaci\u00f3n semen, congelaci\u00f3n semen santa cruz de Tenerife, congelaci\u00f3n semen Tenerife, neuda, neuda marqu\u00e9s, neuda marqu\u00e9s ginec\u00f3loga, preimplantaci\u00f3n, preimplantaci\u00f3n Tenerife, dgp , dgp Tenerife, dgp santa cruz de tenerife.\" \/><\/a>\n\t\t\t<\/dt><\/dl><dl class='gallery-item'>\n\t\t\t<dt class='gallery-icon landscape'>\n\t\t\t\t<a href='http:\/\/irmotenerife.com\/wp-content\/uploads\/2011\/11\/Slide-111.jpg'><img loading=\"lazy\" decoding=\"async\" width=\"150\" height=\"150\" src=\"http:\/\/irmotenerife.com\/wp-content\/uploads\/2011\/11\/Slide-111-150x150.jpg\" class=\"attachment-thumbnail size-thumbnail\" alt=\"Irmo, Irmo Tenerife, ginec\u00f3logo, ginec\u00f3logo Tenerife, ginec\u00f3loga, ginec\u00f3loga Tenerife, ginecoog\u00eda, ginecolog\u00eda Tenerife, fecundaci\u00f3n, fecundaci\u00f3n Tenerife, fecundaci\u00f3n in Vitro, fecundaci\u00f3n in Vitro Tenerife, Ivi, Ivi Tenerife, tfe, ginec\u00f3logo tfe, santa cruz, ginec\u00f3logo santa cruz, ginec\u00f3logo santa cruz de Tenerife, obstetricia, obstetricia Tenerife, seminograma, seminogramas Tenerife, clinica reproducci\u00f3n, clinica reproducci\u00f3n Tenerife, fertilizaci\u00f3n, fertilizaci\u00f3n Tenerife, urolog\u00eda, urolog\u00eda Tenerife, ur\u00f3logo Tenerife, endocrino, endocrino santa cruz de Tenerife, endocrinolog\u00eda Tenerife, endocrinolog\u00eda santa cruz de Tenerife, ecograf\u00eda, ecograf\u00eda Tenerife, ecograf\u00eda 4d, ecograf\u00eda 4d Tenerife, banco semen, banco semen santa cruz de Tenerife, banco semen Tenerife, congelaci\u00f3n semen, congelaci\u00f3n semen santa cruz de Tenerife, congelaci\u00f3n semen Tenerife, neuda, neuda marqu\u00e9s, neuda marqu\u00e9s ginec\u00f3loga, preimplantaci\u00f3n, preimplantaci\u00f3n Tenerife, dgp , dgp Tenerife, dgp santa cruz de tenerife.\" \/><\/a>\n\t\t\t<\/dt><\/dl><br style=\"clear: both\" \/><dl class='gallery-item'>\n\t\t\t<dt class='gallery-icon landscape'>\n\t\t\t\t<a href='http:\/\/irmotenerife.com\/wp-content\/uploads\/2014\/03\/Slide-81.jpg'><img loading=\"lazy\" decoding=\"async\" width=\"150\" height=\"150\" src=\"http:\/\/irmotenerife.com\/wp-content\/uploads\/2014\/03\/Slide-81-150x150.jpg\" class=\"attachment-thumbnail size-thumbnail\" alt=\"Irmo, Irmo Tenerife, ginec\u00f3logo, ginec\u00f3logo Tenerife, ginec\u00f3loga, ginec\u00f3loga Tenerife, ginecoog\u00eda, ginecolog\u00eda Tenerife, fecundaci\u00f3n, fecundaci\u00f3n Tenerife, fecundaci\u00f3n in Vitro, fecundaci\u00f3n in Vitro Tenerife, Ivi, Ivi Tenerife, tfe, ginec\u00f3logo tfe, santa cruz, ginec\u00f3logo santa cruz, ginec\u00f3logo santa cruz de Tenerife, obstetricia, obstetricia Tenerife, seminograma, seminogramas Tenerife, clinica reproducci\u00f3n, clinica reproducci\u00f3n Tenerife, fertilizaci\u00f3n, fertilizaci\u00f3n Tenerife, urolog\u00eda, urolog\u00eda Tenerife, ur\u00f3logo Tenerife, endocrino, endocrino santa cruz de Tenerife, endocrinolog\u00eda Tenerife, endocrinolog\u00eda santa cruz de Tenerife, ecograf\u00eda, ecograf\u00eda Tenerife, ecograf\u00eda 4d, ecograf\u00eda 4d Tenerife, banco semen, banco semen santa cruz de Tenerife, banco semen Tenerife, congelaci\u00f3n semen, congelaci\u00f3n semen santa cruz de Tenerife, congelaci\u00f3n semen Tenerife, neuda, neuda marqu\u00e9s, neuda marqu\u00e9s ginec\u00f3loga, preimplantaci\u00f3n, preimplantaci\u00f3n Tenerife, dgp , dgp Tenerife, dgp santa cruz de tenerife.\" \/><\/a>\n\t\t\t<\/dt><\/dl><dl class='gallery-item'>\n\t\t\t<dt class='gallery-icon landscape'>\n\t\t\t\t<a href='http:\/\/irmotenerife.com\/wp-content\/uploads\/2014\/03\/Slide-7.jpg'><img loading=\"lazy\" decoding=\"async\" width=\"150\" height=\"150\" src=\"http:\/\/irmotenerife.com\/wp-content\/uploads\/2014\/03\/Slide-7-150x150.jpg\" class=\"attachment-thumbnail size-thumbnail\" alt=\"Irmo, Irmo Tenerife, ginec\u00f3logo, ginec\u00f3logo Tenerife, ginec\u00f3loga, ginec\u00f3loga Tenerife, ginecoog\u00eda, ginecolog\u00eda Tenerife, fecundaci\u00f3n, fecundaci\u00f3n Tenerife, fecundaci\u00f3n in Vitro, fecundaci\u00f3n in Vitro Tenerife, Ivi, Ivi Tenerife, tfe, ginec\u00f3logo tfe, santa cruz, ginec\u00f3logo santa cruz, ginec\u00f3logo santa cruz de Tenerife, obstetricia, obstetricia Tenerife, seminograma, seminogramas Tenerife, clinica reproducci\u00f3n, clinica reproducci\u00f3n Tenerife, fertilizaci\u00f3n, fertilizaci\u00f3n Tenerife, urolog\u00eda, urolog\u00eda Tenerife, ur\u00f3logo Tenerife, endocrino, endocrino santa cruz de Tenerife, endocrinolog\u00eda Tenerife, endocrinolog\u00eda santa cruz de Tenerife, ecograf\u00eda, ecograf\u00eda Tenerife, ecograf\u00eda 4d, ecograf\u00eda 4d Tenerife, banco semen, banco semen santa cruz de Tenerife, banco semen Tenerife, congelaci\u00f3n semen, congelaci\u00f3n semen santa cruz de Tenerife, congelaci\u00f3n semen Tenerife, neuda, neuda marqu\u00e9s, neuda marqu\u00e9s ginec\u00f3loga, preimplantaci\u00f3n, preimplantaci\u00f3n Tenerife, dgp , dgp Tenerife, dgp santa cruz de tenerife.\" \/><\/a>\n\t\t\t<\/dt><\/dl><dl class='gallery-item'>\n\t\t\t<dt class='gallery-icon landscape'>\n\t\t\t\t<a href='http:\/\/irmotenerife.com\/wp-content\/uploads\/2011\/11\/Slide-42.jpg'><img loading=\"lazy\" decoding=\"async\" width=\"150\" height=\"150\" src=\"http:\/\/irmotenerife.com\/wp-content\/uploads\/2011\/11\/Slide-42-150x150.jpg\" class=\"attachment-thumbnail size-thumbnail\" alt=\"Irmo, Irmo Tenerife, ginec\u00f3logo, ginec\u00f3logo Tenerife, ginec\u00f3loga, ginec\u00f3loga Tenerife, ginecoog\u00eda, ginecolog\u00eda Tenerife, fecundaci\u00f3n, fecundaci\u00f3n Tenerife, fecundaci\u00f3n in Vitro, fecundaci\u00f3n in Vitro Tenerife, Ivi, Ivi Tenerife, tfe, ginec\u00f3logo tfe, santa cruz, ginec\u00f3logo santa cruz, ginec\u00f3logo santa cruz de Tenerife, obstetricia, obstetricia Tenerife, seminograma, seminogramas Tenerife, clinica reproducci\u00f3n, clinica reproducci\u00f3n Tenerife, fertilizaci\u00f3n, fertilizaci\u00f3n Tenerife, urolog\u00eda, urolog\u00eda Tenerife, ur\u00f3logo Tenerife, endocrino, endocrino santa cruz de Tenerife, endocrinolog\u00eda Tenerife, endocrinolog\u00eda santa cruz de Tenerife, ecograf\u00eda, ecograf\u00eda Tenerife, ecograf\u00eda 4d, ecograf\u00eda 4d Tenerife, banco semen, banco semen santa cruz de Tenerife, banco semen Tenerife, congelaci\u00f3n semen, congelaci\u00f3n semen santa cruz de Tenerife, congelaci\u00f3n semen Tenerife, neuda, neuda marqu\u00e9s, neuda marqu\u00e9s ginec\u00f3loga, preimplantaci\u00f3n, preimplantaci\u00f3n Tenerife, dgp , dgp Tenerife, dgp santa cruz de tenerife.\" \/><\/a>\n\t\t\t<\/dt><\/dl><br style=\"clear: both\" \/><dl class='gallery-item'>\n\t\t\t<dt class='gallery-icon landscape'>\n\t\t\t\t<a href='http:\/\/irmotenerife.com\/wp-content\/uploads\/2014\/03\/Slide-5.jpg'><img loading=\"lazy\" decoding=\"async\" width=\"150\" height=\"150\" src=\"http:\/\/irmotenerife.com\/wp-content\/uploads\/2014\/03\/Slide-5-150x150.jpg\" class=\"attachment-thumbnail size-thumbnail\" alt=\"Irmo, Irmo Tenerife, ginec\u00f3logo, ginec\u00f3logo Tenerife, ginec\u00f3loga, ginec\u00f3loga Tenerife, ginecoog\u00eda, ginecolog\u00eda Tenerife, fecundaci\u00f3n, fecundaci\u00f3n Tenerife, fecundaci\u00f3n in Vitro, fecundaci\u00f3n in Vitro Tenerife, Ivi, Ivi Tenerife, tfe, ginec\u00f3logo tfe, santa cruz, ginec\u00f3logo santa cruz, ginec\u00f3logo santa cruz de Tenerife, obstetricia, obstetricia Tenerife, seminograma, seminogramas Tenerife, clinica reproducci\u00f3n, clinica reproducci\u00f3n Tenerife, fertilizaci\u00f3n, fertilizaci\u00f3n Tenerife, urolog\u00eda, urolog\u00eda Tenerife, ur\u00f3logo Tenerife, endocrino, endocrino santa cruz de Tenerife, endocrinolog\u00eda Tenerife, endocrinolog\u00eda santa cruz de Tenerife, ecograf\u00eda, ecograf\u00eda Tenerife, ecograf\u00eda 4d, ecograf\u00eda 4d Tenerife, banco semen, banco semen santa cruz de Tenerife, banco semen Tenerife, congelaci\u00f3n semen, congelaci\u00f3n semen santa cruz de Tenerife, congelaci\u00f3n semen Tenerife, neuda, neuda marqu\u00e9s, neuda marqu\u00e9s ginec\u00f3loga, preimplantaci\u00f3n, preimplantaci\u00f3n Tenerife, dgp , dgp Tenerife, dgp santa cruz de tenerife.\" \/><\/a>\n\t\t\t<\/dt><\/dl><dl class='gallery-item'>\n\t\t\t<dt class='gallery-icon landscape'>\n\t\t\t\t<a href='http:\/\/irmotenerife.com\/wp-content\/uploads\/2011\/11\/Slide-31.jpg'><img loading=\"lazy\" decoding=\"async\" width=\"150\" height=\"150\" src=\"http:\/\/irmotenerife.com\/wp-content\/uploads\/2011\/11\/Slide-31-150x150.jpg\" class=\"attachment-thumbnail size-thumbnail\" alt=\"Irmo, Irmo Tenerife, ginec\u00f3logo, ginec\u00f3logo Tenerife, ginec\u00f3loga, ginec\u00f3loga Tenerife, ginecoog\u00eda, ginecolog\u00eda Tenerife, fecundaci\u00f3n, fecundaci\u00f3n Tenerife, fecundaci\u00f3n in Vitro, fecundaci\u00f3n in Vitro Tenerife, Ivi, Ivi Tenerife, tfe, ginec\u00f3logo tfe, santa cruz, ginec\u00f3logo santa cruz, ginec\u00f3logo santa cruz de Tenerife, obstetricia, obstetricia Tenerife, seminograma, seminogramas Tenerife, clinica reproducci\u00f3n, clinica reproducci\u00f3n Tenerife, fertilizaci\u00f3n, fertilizaci\u00f3n Tenerife, urolog\u00eda, urolog\u00eda Tenerife, ur\u00f3logo Tenerife, endocrino, endocrino santa cruz de Tenerife, endocrinolog\u00eda Tenerife, endocrinolog\u00eda santa cruz de Tenerife, ecograf\u00eda, ecograf\u00eda Tenerife, ecograf\u00eda 4d, ecograf\u00eda 4d Tenerife, banco semen, banco semen santa cruz de Tenerife, banco semen Tenerife, congelaci\u00f3n semen, congelaci\u00f3n semen santa cruz de Tenerife, congelaci\u00f3n semen Tenerife, neuda, neuda marqu\u00e9s, neuda marqu\u00e9s ginec\u00f3loga, preimplantaci\u00f3n, preimplantaci\u00f3n Tenerife, dgp , dgp Tenerife, dgp santa cruz de tenerife.\" \/><\/a>\n\t\t\t<\/dt><\/dl><dl class='gallery-item'>\n\t\t\t<dt class='gallery-icon landscape'>\n\t\t\t\t<a href='http:\/\/irmotenerife.com\/wp-content\/uploads\/2011\/11\/Slide-21.jpg'><img loading=\"lazy\" decoding=\"async\" width=\"150\" height=\"150\" src=\"http:\/\/irmotenerife.com\/wp-content\/uploads\/2011\/11\/Slide-21-150x150.jpg\" class=\"attachment-thumbnail size-thumbnail\" alt=\"Irmo, Irmo Tenerife, ginec\u00f3logo, ginec\u00f3logo Tenerife, ginec\u00f3loga, ginec\u00f3loga Tenerife, ginecoog\u00eda, ginecolog\u00eda Tenerife, fecundaci\u00f3n, fecundaci\u00f3n Tenerife, fecundaci\u00f3n in Vitro, fecundaci\u00f3n in Vitro Tenerife, Ivi, Ivi Tenerife, tfe, ginec\u00f3logo tfe, santa cruz, ginec\u00f3logo santa cruz, ginec\u00f3logo santa cruz de Tenerife, obstetricia, obstetricia Tenerife, seminograma, seminogramas Tenerife, clinica reproducci\u00f3n, clinica reproducci\u00f3n Tenerife, fertilizaci\u00f3n, fertilizaci\u00f3n Tenerife, urolog\u00eda, urolog\u00eda Tenerife, ur\u00f3logo Tenerife, endocrino, endocrino santa cruz de Tenerife, endocrinolog\u00eda Tenerife, endocrinolog\u00eda santa cruz de Tenerife, ecograf\u00eda, ecograf\u00eda Tenerife, ecograf\u00eda 4d, ecograf\u00eda 4d Tenerife, banco semen, banco semen santa cruz de Tenerife, banco semen Tenerife, congelaci\u00f3n semen, congelaci\u00f3n semen santa cruz de Tenerife, congelaci\u00f3n semen Tenerife, neuda, neuda marqu\u00e9s, neuda marqu\u00e9s ginec\u00f3loga, preimplantaci\u00f3n, preimplantaci\u00f3n Tenerife, dgp , dgp Tenerife, dgp santa cruz de tenerife.\" \/><\/a>\n\t\t\t<\/dt><\/dl><br style=\"clear: both\" \/><dl class='gallery-item'>\n\t\t\t<dt class='gallery-icon landscape'>\n\t\t\t\t<a href='http:\/\/irmotenerife.com\/wp-content\/uploads\/2011\/11\/Slide-10.jpg'><img loading=\"lazy\" decoding=\"async\" width=\"150\" height=\"150\" src=\"http:\/\/irmotenerife.com\/wp-content\/uploads\/2011\/11\/Slide-10-150x150.jpg\" class=\"attachment-thumbnail size-thumbnail\" alt=\"Irmo, Irmo Tenerife, ginec\u00f3logo, ginec\u00f3logo Tenerife, ginec\u00f3loga, ginec\u00f3loga Tenerife, ginecoog\u00eda, ginecolog\u00eda Tenerife, fecundaci\u00f3n, fecundaci\u00f3n Tenerife, fecundaci\u00f3n in Vitro, fecundaci\u00f3n in Vitro Tenerife, Ivi, Ivi Tenerife, tfe, ginec\u00f3logo tfe, santa cruz, ginec\u00f3logo santa cruz, ginec\u00f3logo santa cruz de Tenerife, obstetricia, obstetricia Tenerife, seminograma, seminogramas Tenerife, clinica reproducci\u00f3n, clinica reproducci\u00f3n Tenerife, fertilizaci\u00f3n, fertilizaci\u00f3n Tenerife, urolog\u00eda, urolog\u00eda Tenerife, ur\u00f3logo Tenerife, endocrino, endocrino santa cruz de Tenerife, endocrinolog\u00eda Tenerife, endocrinolog\u00eda santa cruz de Tenerife, ecograf\u00eda, ecograf\u00eda Tenerife, ecograf\u00eda 4d, ecograf\u00eda 4d Tenerife, banco semen, banco semen santa cruz de Tenerife, banco semen Tenerife, congelaci\u00f3n semen, congelaci\u00f3n semen santa cruz de Tenerife, congelaci\u00f3n semen Tenerife, neuda, neuda marqu\u00e9s, neuda marqu\u00e9s ginec\u00f3loga, preimplantaci\u00f3n, preimplantaci\u00f3n Tenerife, dgp , dgp Tenerife, dgp santa cruz de tenerife.\" \/><\/a>\n\t\t\t<\/dt><\/dl><dl class='gallery-item'>\n\t\t\t<dt class='gallery-icon landscape'>\n\t\t\t\t<a href='http:\/\/irmotenerife.com\/wp-content\/uploads\/2011\/11\/Slide-11.jpg'><img loading=\"lazy\" decoding=\"async\" width=\"150\" height=\"150\" src=\"http:\/\/irmotenerife.com\/wp-content\/uploads\/2011\/11\/Slide-11-150x150.jpg\" class=\"attachment-thumbnail size-thumbnail\" alt=\"Irmo, Irmo Tenerife, ginec\u00f3logo, ginec\u00f3logo Tenerife, ginec\u00f3loga, ginec\u00f3loga Tenerife, ginecoog\u00eda, ginecolog\u00eda Tenerife, fecundaci\u00f3n, fecundaci\u00f3n Tenerife, fecundaci\u00f3n in Vitro, fecundaci\u00f3n in Vitro Tenerife, Ivi, Ivi Tenerife, tfe, ginec\u00f3logo tfe, santa cruz, ginec\u00f3logo santa cruz, ginec\u00f3logo santa cruz de Tenerife, obstetricia, obstetricia Tenerife, seminograma, seminogramas Tenerife, clinica reproducci\u00f3n, clinica reproducci\u00f3n Tenerife, fertilizaci\u00f3n, fertilizaci\u00f3n Tenerife, urolog\u00eda, urolog\u00eda Tenerife, ur\u00f3logo Tenerife, endocrino, endocrino santa cruz de Tenerife, endocrinolog\u00eda Tenerife, endocrinolog\u00eda santa cruz de Tenerife, ecograf\u00eda, ecograf\u00eda Tenerife, ecograf\u00eda 4d, ecograf\u00eda 4d Tenerife, banco semen, banco semen santa cruz de Tenerife, banco semen Tenerife, congelaci\u00f3n semen, congelaci\u00f3n semen santa cruz de Tenerife, congelaci\u00f3n semen Tenerife, neuda, neuda marqu\u00e9s, neuda marqu\u00e9s ginec\u00f3loga, preimplantaci\u00f3n, preimplantaci\u00f3n Tenerife, dgp , dgp Tenerife, dgp santa cruz de tenerife.\" \/><\/a>\n\t\t\t<\/dt><\/dl><dl class='gallery-item'>\n\t\t\t<dt class='gallery-icon landscape'>\n\t\t\t\t<a href='http:\/\/irmotenerife.com\/wp-content\/uploads\/2014\/03\/Slide-9.jpg'><img loading=\"lazy\" decoding=\"async\" width=\"150\" height=\"150\" src=\"http:\/\/irmotenerife.com\/wp-content\/uploads\/2014\/03\/Slide-9-150x150.jpg\" class=\"attachment-thumbnail size-thumbnail\" alt=\"Irmo, Irmo Tenerife, ginec\u00f3logo, ginec\u00f3logo Tenerife, ginec\u00f3loga, ginec\u00f3loga Tenerife, ginecoog\u00eda, ginecolog\u00eda Tenerife, fecundaci\u00f3n, fecundaci\u00f3n Tenerife, fecundaci\u00f3n in Vitro, fecundaci\u00f3n in Vitro Tenerife, Ivi, Ivi Tenerife, tfe, ginec\u00f3logo tfe, santa cruz, ginec\u00f3logo santa cruz, ginec\u00f3logo santa cruz de Tenerife, obstetricia, obstetricia Tenerife, seminograma, seminogramas Tenerife, clinica reproducci\u00f3n, clinica reproducci\u00f3n Tenerife, fertilizaci\u00f3n, fertilizaci\u00f3n Tenerife, urolog\u00eda, urolog\u00eda Tenerife, ur\u00f3logo Tenerife, endocrino, endocrino santa cruz de Tenerife, endocrinolog\u00eda Tenerife, endocrinolog\u00eda santa cruz de Tenerife, ecograf\u00eda, ecograf\u00eda Tenerife, ecograf\u00eda 4d, ecograf\u00eda 4d Tenerife, banco semen, banco semen santa cruz de Tenerife, banco semen Tenerife, congelaci\u00f3n semen, congelaci\u00f3n semen santa cruz de Tenerife, congelaci\u00f3n semen Tenerife, neuda, neuda marqu\u00e9s, neuda marqu\u00e9s ginec\u00f3loga, preimplantaci\u00f3n, preimplantaci\u00f3n Tenerife, dgp , dgp Tenerife, dgp santa cruz de tenerife.\" \/><\/a>\n\t\t\t<\/dt><\/dl><br style=\"clear: both\" \/>\n\t\t<\/div>\n\n<div class=\"wrapper\">\u00a0<\/div>\n<\/div>\n<\/div><\/div>\n","protected":false},"excerpt":{"rendered":"<p>\u00a0LISTE DES SERVICES GYNECOLOGIE -R\u00e9visions -Colposcopie -Placement de DIU -Cytologie&#8230;<\/p>\n","protected":false},"author":1,"featured_media":0,"parent":0,"menu_order":0,"comment_status":"open","ping_status":"closed","template":"","meta":{"footnotes":""},"_links":{"self":[{"href":"http:\/\/irmotenerife.com\/fr\/wp-json\/wp\/v2\/pages\/1366"}],"collection":[{"href":"http:\/\/irmotenerife.com\/fr\/wp-json\/wp\/v2\/pages"}],"about":[{"href":"http:\/\/irmotenerife.com\/fr\/wp-json\/wp\/v2\/types\/page"}],"author":[{"embeddable":true,"href":"http:\/\/irmotenerife.com\/fr\/wp-json\/wp\/v2\/users\/1"}],"replies":[{"embeddable":true,"href":"http:\/\/irmotenerife.com\/fr\/wp-json\/wp\/v2\/comments?post=1366"}],"version-history":[{"count":4,"href":"http:\/\/irmotenerife.com\/fr\/wp-json\/wp\/v2\/pages\/1366\/revisions"}],"predecessor-version":[{"id":1695,"href":"http:\/\/irmotenerife.com\/fr\/wp-json\/wp\/v2\/pages\/1366\/revisions\/1695"}],"wp:attachment":[{"href":"http:\/\/irmotenerife.com\/fr\/wp-json\/wp\/v2\/media?parent=1366"}],"curies":[{"name":"wp","href":"https:\/\/api.w.org\/{rel}","templated":true}]}}