{"id":1378,"date":"2014-03-22T12:38:53","date_gmt":"2014-03-22T12:38:53","guid":{"rendered":"http:\/\/irmotenerife.com\/fr\/nuestro-equipo\/"},"modified":"2022-09-28T08:23:28","modified_gmt":"2022-09-28T08:23:28","slug":"notre-equipe","status":"publish","type":"page","link":"http:\/\/irmotenerife.com\/fr\/notre-equipe\/","title":{"rendered":"NOTRE EQUIPE"},"content":{"rendered":"<div class=\"wpb-content-wrapper\"><p>[vc_row css_animation=\u00a0\u00bb\u00a0\u00bb row_type=\u00a0\u00bbrow\u00a0\u00bb use_row_as_full_screen_section=\u00a0\u00bbno\u00a0\u00bb type=\u00a0\u00bbfull_width\u00a0\u00bb angled_section=\u00a0\u00bbno\u00a0\u00bb text_align=\u00a0\u00bbleft\u00a0\u00bb background_image_as_pattern=\u00a0\u00bbwithout_pattern\u00a0\u00bb][vc_column width=\u00a0\u00bb1\/2&Prime;][vc_column_text]<\/p>\n<div class=\"all-columns\">\n<div class=\"one-half first\">\n<h4>Neuda Marqu\u00e9s de Oliveira<\/h4>\n<h6>Gyn\u00e9cologue<\/h6>\n<h6><a href=\"http:\/\/irmotenerife.com\/wp-content\/uploads\/2014\/03\/Neuda-copia.jpg\"><img loading=\"lazy\" decoding=\"async\" class=\"alignnone size-thumbnail wp-image-722\" src=\"http:\/\/irmotenerife.com\/wp-content\/uploads\/2014\/03\/Neuda-copia-150x150.jpg\" alt=\"Tenerife \u00b7 Fecundaci\u00f3n In Vitro \u00b7 Ginecolog\u00eda y Obstetricia \u00b7 Seminogramas \u00b7 T\u00e9cnicas de Reproducci\u00f3n \u00b7 Banco de Embriones \u00b7 Donaci\u00f3n de Ovocitos \u00b7 Diagn\u00f3stico Gen\u00e9tico Preimplantacional DGP \u00b7 Urolog\u00eda y Endocrinolog\u00eda \u00b7 Congelaci\u00f3n Semen y Ovocitos \u00b7 Ecograf\u00edas 4D \u00b7\" width=\"150\" height=\"150\" srcset=\"http:\/\/irmotenerife.com\/wp-content\/uploads\/2014\/03\/Neuda-copia-150x150.jpg 150w, http:\/\/irmotenerife.com\/wp-content\/uploads\/2014\/03\/Neuda-copia-300x300.jpg 300w, http:\/\/irmotenerife.com\/wp-content\/uploads\/2014\/03\/Neuda-copia-1024x1024.jpg 1024w, http:\/\/irmotenerife.com\/wp-content\/uploads\/2014\/03\/Neuda-copia.jpg 1181w\" sizes=\"(max-width: 150px) 100vw, 150px\" \/><\/a><\/h6>\n<ul>\n<li>Sp\u00e9cialiste en Gyn\u00e9cologie et Obst\u00e9trique<\/li>\n<li>Docteur en M\u00e9decine \u00e0 l\u2019Universit\u00e9 de Valence<\/li>\n<li>Fellow en Reproduction Humaine \u00e0 IVI (Institut Valencien d\u2019infertilit\u00e9) (1992-1995)<\/li>\n<\/ul>\n<\/div>\n<div class=\"one-half\">\n<ul>\n<li><\/li>\n<\/ul>\n<\/div>\n<\/div>\n<div>\n<div class=\"all-columns\">\n<div class=\"all-columns\">\n<div class=\"all-columns\">\n<div class=\"one-half first\">\n<h4>Iris Patricia Lorenzo Sellares<\/h4>\n<h6>Ginec\u00f3loga\u00a0Gyn\u00e9cologue<\/h6>\n<p><a href=\"http:\/\/irmotenerife.com\/wp-content\/uploads\/2014\/03\/iris.jpg\"><img loading=\"lazy\" decoding=\"async\" class=\"alignnone size-thumbnail wp-image-1108\" src=\"http:\/\/irmotenerife.com\/wp-content\/uploads\/2014\/03\/IMG-20150618-WA0003-150x150.jpg\" alt=\"IMG-20150618-WA0003\" width=\"150\" height=\"150\" srcset=\"http:\/\/irmotenerife.com\/wp-content\/uploads\/2014\/03\/IMG-20150618-WA0003-150x150.jpg 150w, http:\/\/irmotenerife.com\/wp-content\/uploads\/2014\/03\/IMG-20150618-WA0003-100x100.jpg 100w, http:\/\/irmotenerife.com\/wp-content\/uploads\/2014\/03\/IMG-20150618-WA0003-120x120.jpg 120w\" sizes=\"(max-width: 150px) 100vw, 150px\" \/><\/a><\/p>\n<p>&nbsp;<\/p>\n<ul>\n<li>Gyn\u00e9cologue<\/li>\n<li>Licenci\u00e9e en M\u00e9decine par l\u2019Universit\u00e9 de Buenos Aires (1977)<\/li>\n<li>M\u00e9decin adjoint d\u2019Obst\u00e9trique dans la province de Buenos Aires (1978-19986)<\/li>\n<li>M\u00e9decin boursier en Echographie Obst\u00e9trique, Gyn\u00e9cologique, Diagnostic Pr\u00e9natal dans l\u2019 HUC de 1986 \u00e0 1992<\/li>\n<li>Echographiste en Obst\u00e9trique et Gyn\u00e9cologie<\/li>\n<li>Sp\u00e9cialiste dans le diagnostic Pr\u00e9natal<\/li>\n<li>Echographie 4D<\/li>\n<\/ul>\n<\/div>\n<div class=\"one-half\">\n<p>&nbsp;<\/p>\n<h4>M\u00aa Vanesa Plasencia Acosta<\/h4>\n<h6>Auxiliaire de Clinique<\/h6>\n<p><img loading=\"lazy\" decoding=\"async\" src=\"http:\/\/irmotenerife.com\/wp-content\/uploads\/2014\/03\/Vanesa-copia-150x150.jpg\" alt=\"Tenerife \u00b7 Fecundaci\u00f3n In Vitro \u00b7 Ginecolog\u00eda y Obstetricia \u00b7 Seminogramas \u00b7 T\u00e9cnicas de Reproducci\u00f3n \u00b7 Banco de Embriones \u00b7 Donaci\u00f3n de Ovocitos \u00b7 Diagn\u00f3stico Gen\u00e9tico Preimplantacional DGP \u00b7 Urolog\u00eda y Endocrinolog\u00eda \u00b7 Congelaci\u00f3n Semen y Ovocitos \u00b7 Ecograf\u00edas 4D \u00b7\" width=\"150\" height=\"150\" \/><\/p>\n<ul>\n<li><strong>CONTACT:\u00a0<\/strong><a href=\"mailto:vanesa.enfermeria@irmotenerife.com\">vanesa.enfermeria@irmotenerife.com<\/a><\/li>\n<\/ul>\n<p>&nbsp;<\/p>\n<\/div>\n<\/div>\n<\/div>\n<\/div>\n<h6><\/h6>\n<\/div>\n<p>&nbsp;<\/p>\n<div class=\"all-columns\">\n<div class=\"one-half first\">\n<h4>Patricia Berruchi de Blanco<\/h4>\n<h6>Gyn\u00e9cologue<\/h6>\n<p><img loading=\"lazy\" decoding=\"async\" class=\" size-thumbnail wp-image-1213 alignnone\" src=\"http:\/\/irmotenerife.com\/wp-content\/uploads\/2014\/03\/berruchi-150x150.jpg\" alt=\"berruchi\" width=\"150\" height=\"150\" srcset=\"http:\/\/irmotenerife.com\/wp-content\/uploads\/2014\/03\/berruchi-150x150.jpg 150w, http:\/\/irmotenerife.com\/wp-content\/uploads\/2014\/03\/berruchi-100x100.jpg 100w, http:\/\/irmotenerife.com\/wp-content\/uploads\/2014\/03\/berruchi-120x120.jpg 120w\" sizes=\"(max-width: 150px) 100vw, 150px\" \/><\/p>\n<ul>\n<li>Licenci\u00e9e en Gyn\u00e9cologie<\/li>\n<li>Sp\u00e9cialiste en Gyn\u00e9cologie et Obst\u00e9trique<\/li>\n<li>Sp\u00e9cialiste en tractus g\u00e9nital inf\u00e9rieur. Colposcopie.<\/li>\n<li>Gyn\u00e9co Esth\u00e9tique<\/li>\n<li>Traitements de l\u2019incontinence urinaire, laxit\u00e9 vaginal et atrophie vaginal gr\u00e2ce au laser.<\/li>\n<\/ul>\n<h6>MARIA DEL CARMEN RIVERO ALCOVER<\/h6>\n<h6>Gyn\u00e9cologue<\/h6>\n<p><img loading=\"lazy\" decoding=\"async\" class=\"alignnone size-thumbnail wp-image-1131\" src=\"http:\/\/irmotenerife.com\/wp-content\/uploads\/2014\/03\/Mari-Carmen-150x150.jpg\" alt=\"Mari Carmen\" width=\"150\" height=\"150\" srcset=\"http:\/\/irmotenerife.com\/wp-content\/uploads\/2014\/03\/Mari-Carmen-150x150.jpg 150w, http:\/\/irmotenerife.com\/wp-content\/uploads\/2014\/03\/Mari-Carmen-100x100.jpg 100w, http:\/\/irmotenerife.com\/wp-content\/uploads\/2014\/03\/Mari-Carmen-120x120.jpg 120w\" sizes=\"(max-width: 150px) 100vw, 150px\" \/><\/p>\n<ul>\n<li>Licenci\u00e9e en M\u00e9decine et Chirurgie (1980)<\/li>\n<li>Sp\u00e9cialiste en gyn\u00e9cologie et Obst\u00e9trique (1984)<\/li>\n<li>M\u00e9decin sp\u00e9cialiste en gyn\u00e9cologie et Obst\u00e9trique du SCS de 1981 \u00e0 1995.<\/li>\n<\/ul>\n<\/div>\n<div class=\"one-half\">\n<h4>Laura Castellano Gonz\u00e1lez<\/h4>\n<h6>Psic\u00f3loga<\/h6>\n<h4><img loading=\"lazy\" decoding=\"async\" class=\" size-thumbnail wp-image-1446 alignnone\" src=\"http:\/\/irmotenerife.com\/wp-content\/uploads\/2014\/03\/IMG_3348B-150x150.jpg\" alt=\"img_3348b\" width=\"150\" height=\"150\" srcset=\"http:\/\/irmotenerife.com\/wp-content\/uploads\/2014\/03\/IMG_3348B-150x150.jpg 150w, http:\/\/irmotenerife.com\/wp-content\/uploads\/2014\/03\/IMG_3348B-100x100.jpg 100w, http:\/\/irmotenerife.com\/wp-content\/uploads\/2014\/03\/IMG_3348B-120x120.jpg 120w\" sizes=\"(max-width: 150px) 100vw, 150px\" \/><\/h4>\n<p>Psychologue<\/p>\n<ul>\n<li>Ma\u00eetrise en Education, Th\u00e9rapie Sexuelle et Genre<\/li>\n<li>Ma\u00eetrise en Psychologie Juridique<\/li>\n<li>Intervention psychologique individuel, familial et de couple<\/li>\n<li>Sexualit\u00e9 et relations sexuelles<\/li>\n<li>Control de l\u2019anxi\u00e9t\u00e9<\/li>\n<li>Sentiments de tristesse<\/li>\n<li>Gestion \u00e9motionnel des crises vitales<\/li>\n<li>Estime de soi et d\u00e9veloppement personnel<\/li>\n<li>Intelligence \u00e9motionnelle<\/li>\n<li>Control de l\u2019obsession et pens\u00e9es r\u00e9currentes<\/li>\n<li>Femme et genre<\/li>\n<li>Comp\u00e9tence psychologique<\/li>\n<\/ul>\n<h4>Glenda V\u00e1zquez Hern\u00e1ndez<\/h4>\n<h6>Due<\/h6>\n<ul>\n<li>Dipl\u00f4me Universitaire en Infirmerie<\/li>\n<li>Ma\u00eetrise en Infirmerie en soins critiques<\/li>\n<li>Ma\u00eetrise en Administration des Services d\u2019Infirmerie<\/li>\n<li>Infirmi\u00e8re en bloc op\u00e9ratoire dans l\u2019unit\u00e9 de Reproduction Humaine (HUC)<\/li>\n<\/ul>\n<\/div>\n<\/div>\n<p>&nbsp;<\/p>\n<div>\n<div class=\"all-columns\">\n<div class=\"all-columns\">\n<div class=\"one-half first\">\n<h4><\/h4>\n<\/div>\n<\/div>\n<\/div>\n<\/div>\n<p>[\/vc_column_text][\/vc_column][vc_column width=\u00a0\u00bb1\/2&Prime;][vc_column_text]<\/p>\n<div class=\"all-columns\">\n<div class=\"one-half first\">\n<h4>Neuda Marqu\u00e9s de Oliveira<\/h4>\n<\/div>\n<div class=\"one-half\">\n<ul>\n<li>Ma\u00eetrise en Reproduction Humaine \u00e0 l\u2019Universit\u00e9 de Valence (1993-1994)<\/li>\n<li>Professeur adjoint en reproduction humaine au D\u00e9partement de Gyn\u00e9cologie et d&rsquo;Obst\u00e9trique \u00e0 l&rsquo;Universit\u00e9 de Californie \u00e0 Los Angeles (UCLA) USA. (1996)<\/li>\n<li>M\u00e9decin adjoint dans l\u2019unit\u00e9 de\u00a0Reproduction Humaine \u00e0 l\u2019H\u00f4pital Universitaire des Canaries. (HUC)-Directrice M\u00e9dical chez IRMO<\/li>\n<li>A particip\u00e9 \u00e0 plusieurs congr\u00e8s Nationaux et Internationaux<\/li>\n<li>A \u00e9t\u00e9 publi\u00e9e dans divers magazines Nationaux et Internationaux et est intervenue dans plusieurs congr\u00e8s<\/li>\n<li>Membre \u00e0 part enti\u00e8re de la soci\u00e9t\u00e9 Espagnole de Fertilit\u00e9 depuis 1999.<\/li>\n<\/ul>\n<p>&nbsp;<\/p>\n<\/div>\n<\/div>\n<p>&nbsp;<\/p>\n<div class=\"all-columns\">\n<div class=\"one-half first\">\n<h4>Olga Yolanda Marco Jorge<\/h4>\n<h6>Gyn\u00e9cologue<\/h6>\n<p><img loading=\"lazy\" decoding=\"async\" class=\" size-thumbnail wp-image-1440 alignnone\" src=\"http:\/\/irmotenerife.com\/wp-content\/uploads\/2014\/03\/Captura-de-pantalla-2016-10-24-a-las-14.22.39-150x150.png\" alt=\"captura-de-pantalla-2016-10-24-a-las-14-22-39\" width=\"150\" height=\"150\" srcset=\"http:\/\/irmotenerife.com\/wp-content\/uploads\/2014\/03\/Captura-de-pantalla-2016-10-24-a-las-14.22.39-150x150.png 150w, http:\/\/irmotenerife.com\/wp-content\/uploads\/2014\/03\/Captura-de-pantalla-2016-10-24-a-las-14.22.39-100x100.png 100w, http:\/\/irmotenerife.com\/wp-content\/uploads\/2014\/03\/Captura-de-pantalla-2016-10-24-a-las-14.22.39-120x120.png 120w\" sizes=\"(max-width: 150px) 100vw, 150px\" \/><\/p>\n<ul>\n<li>Licence en M\u00e9decine et Chirurgie<\/li>\n<li>Sp\u00e9cialiste en Gyn\u00e9cologie et Obst\u00e9trique \u00e0 l\u2019H\u00f4pital Universitaire des Canaries<\/li>\n<li>Echographiste en Gyn\u00e9cologie et Obst\u00e9trique<\/li>\n<li>Sp\u00e9cialiste en pathologie du Plancher Pelvien<\/li>\n<li>Membre \u00e0 part enti\u00e8re de la Soci\u00e9t\u00e9 Espagnole du Plancher Pelvien<\/li>\n<li>A \u00e9t\u00e9 publi\u00e9e dans plusieurs magazines Nationaux et Internationaux<\/li>\n<\/ul>\n<\/div>\n<div class=\"one-half\">\n<h4><span style=\"font-size: 1em; line-height: 1.5em;\">Jos\u00e9 vazquez nu\u00f1ez<\/span><\/h4>\n<h6>Biologiste<\/h6>\n<h6><a style=\"font-size: 0.75em; line-height: 1.5em;\" href=\"http:\/\/irmotenerife.com\/wp-content\/uploads\/2014\/03\/Jose-copia.jpg\"><img loading=\"lazy\" decoding=\"async\" src=\"http:\/\/irmotenerife.com\/wp-content\/uploads\/2014\/03\/Jose-copia-150x150.jpg\" alt=\"Tenerife \u00b7 Fecundaci\u00f3n In Vitro \u00b7 Ginecolog\u00eda y Obstetricia \u00b7 Seminogramas \u00b7 T\u00e9cnicas de Reproducci\u00f3n \u00b7 Banco de Embriones \u00b7 Donaci\u00f3n de Ovocitos \u00b7 Diagn\u00f3stico Gen\u00e9tico Preimplantacional DGP \u00b7 Urolog\u00eda y Endocrinolog\u00eda \u00b7 Congelaci\u00f3n Semen y Ovocitos \u00b7 Ecograf\u00edas 4D \u00b7\" width=\"150\" height=\"150\" \/><\/a><\/h6>\n<ul>\n<li>Sp\u00e9cialiste en Biologie Mol\u00e9culaire<\/li>\n<li>Biotechnologie<\/li>\n<li>Ma\u00eetrise en Reproduction Humaine<\/li>\n<li>Contact\u00a0: <a href=\"mailto:jose.vazquez@irmotenerife.com\">jose.vazquez@irmotenerife.com<\/a><\/li>\n<\/ul>\n<p>&nbsp;<\/p>\n<\/div>\n<\/div>\n<div class=\"one-half first\">\n<h4>Tomas Concepci\u00f3n Masip<\/h4>\n<h6>Urologue et Chirurgien<\/h6>\n<h6><a href=\"http:\/\/irmotenerife.com\/wp-content\/uploads\/2014\/03\/IMG_4594.jpg\"><img loading=\"lazy\" decoding=\"async\" class=\"alignnone wp-image-910 size-thumbnail\" src=\"http:\/\/irmotenerife.com\/wp-content\/uploads\/2014\/03\/IMG_4594-150x150.jpg\" alt=\"Irmo, Irmo Tenerife, ginec\u00f3logo, ginec\u00f3logo Tenerife, ginec\u00f3loga, ginec\u00f3loga Tenerife, ginecoog\u00eda, ginecolog\u00eda Tenerife, fecundaci\u00f3n, fecundaci\u00f3n Tenerife, fecundaci\u00f3n in Vitro, fecundaci\u00f3n in Vitro Tenerife, Ivi, Ivi Tenerife, tfe, ginec\u00f3logo tfe, santa cruz, ginec\u00f3logo santa cruz, ginec\u00f3logo santa cruz de Tenerife, obstetricia, obstetricia Tenerife, seminograma, seminogramas Tenerife, clinica reproducci\u00f3n, clinica reproducci\u00f3n Tenerife, fertilizaci\u00f3n, fertilizaci\u00f3n Tenerife, urolog\u00eda, urolog\u00eda Tenerife, ur\u00f3logo Tenerife, endocrino, endocrino santa cruz de Tenerife, endocrinolog\u00eda Tenerife, endocrinolog\u00eda santa cruz de Tenerife, ecograf\u00eda, ecograf\u00eda Tenerife, ecograf\u00eda 4d, ecograf\u00eda 4d Tenerife, banco semen, banco semen santa cruz de Tenerife, banco semen Tenerife, congelaci\u00f3n semen, congelaci\u00f3n semen santa cruz de Tenerife, congelaci\u00f3n semen Tenerife, neuda, neuda marqu\u00e9s, neuda marqu\u00e9s ginec\u00f3loga, preimplantaci\u00f3n, preimplantaci\u00f3n Tenerife, dgp , dgp Tenerife, dgp santa cruz de tenerife.\" width=\"150\" height=\"150\" srcset=\"http:\/\/irmotenerife.com\/wp-content\/uploads\/2014\/03\/IMG_4594-150x150.jpg 150w, http:\/\/irmotenerife.com\/wp-content\/uploads\/2014\/03\/IMG_4594-100x100.jpg 100w, http:\/\/irmotenerife.com\/wp-content\/uploads\/2014\/03\/IMG_4594-120x120.jpg 120w\" sizes=\"(max-width: 150px) 100vw, 150px\" \/><\/a><\/h6>\n<ul>\n<li>Docteur en M\u00e9decine par l\u2019Universit\u00e9 de Cantabrie<\/li>\n<li>European Board d\u2019Urologie<\/li>\n<li>M\u00e9decin adjoint dans le service d\u2019Urologie \u00e0 l\u2019H\u00f4pital Universitaire des Canaries (HUC)<\/li>\n<li><\/li>\n<\/ul>\n<\/div>\n<div class=\"one-half\">\n<h4>Judith L\u00f3pez Fern\u00e1ndez<\/h4>\n<h6>Endocrinologue<\/h6>\n<h6><a style=\"font-size: 16px;\" href=\"http:\/\/irmotenerife.com\/wp-content\/uploads\/2014\/03\/Judith.jpg\"><img loading=\"lazy\" decoding=\"async\" class=\"alignnone size-thumbnail wp-image-839\" src=\"http:\/\/irmotenerife.com\/wp-content\/uploads\/2014\/03\/Judith-150x150.jpg\" alt=\"Judith\" width=\"150\" height=\"150\" srcset=\"http:\/\/irmotenerife.com\/wp-content\/uploads\/2014\/03\/Judith-150x150.jpg 150w, http:\/\/irmotenerife.com\/wp-content\/uploads\/2014\/03\/Judith-100x100.jpg 100w, http:\/\/irmotenerife.com\/wp-content\/uploads\/2014\/03\/Judith-120x120.jpg 120w\" sizes=\"(max-width: 150px) 100vw, 150px\" \/><\/a><\/h6>\n<ul>\n<li>Docteur en M\u00e9decine \u00e0 l\u2019Universit\u00e9 d\u2019Alcala (Madrid)<\/li>\n<li>Ma\u00eetrise \u00e0 l\u2019Universit\u00e9 de Californie, San Diego (USA) D\u00e9partement de la G\u00e9n\u00e9tique Mol\u00e9culaire.<\/li>\n<li>Experte en Pathologie M\u00e9tabolique Hormonal, Ob\u00e9sit\u00e9, Diab\u00e8tes et Nutrition Clinique.<\/li>\n<\/ul>\n<\/div>\n<div class=\"all-columns\">\n<div class=\"one-half first\">\n<h4>Salvador Bethencourt Mu\u00f1oz<\/h4>\n<h6>M\u00e9decin, Chirurgien, Anesth\u00e9siste<\/h6>\n<p><img loading=\"lazy\" decoding=\"async\" src=\"http:\/\/irmotenerife.com\/wp-content\/uploads\/2014\/03\/Salvador-150x150.jpg\" alt=\"Tenerife \u00b7 Fecundaci\u00f3n In Vitro \u00b7 Ginecolog\u00eda y Obstetricia \u00b7 Seminogramas \u00b7 T\u00e9cnicas de Reproducci\u00f3n \u00b7 Banco de Embriones \u00b7 Donaci\u00f3n de Ovocitos \u00b7 Diagn\u00f3stico Gen\u00e9tico Preimplantacional DGP \u00b7 Urolog\u00eda y Endocrinolog\u00eda \u00b7 Congelaci\u00f3n Semen y Ovocitos \u00b7 Ecograf\u00edas 4D \u00b7\" width=\"150\" height=\"150\" \/><\/p>\n<ul>\n<li>Ma\u00eetrise Universitaire en M\u00e9decine d\u2019Urgences<\/li>\n<li>M\u00e9decin sp\u00e9cialiste d\u2019Anesth\u00e9siologie et R\u00e9animation<\/li>\n<li>Licence en M\u00e9decine et Chirurgie<\/li>\n<\/ul>\n<\/div>\n<div class=\"one-half\">\n<h4>Ana\u00a0Plata Bello<\/h4>\n<h6>Urologue et Chirurgien<\/h6>\n<p><a href=\"http:\/\/irmotenerife.com\/wp-content\/uploads\/2014\/03\/IMG_4578.jpg\"><img loading=\"lazy\" decoding=\"async\" class=\"alignnone size-thumbnail wp-image-912\" src=\"http:\/\/irmotenerife.com\/wp-content\/uploads\/2014\/03\/IMG_4578-150x150.jpg\" alt=\"Irmo, Irmo Tenerife, ginec\u00f3logo, ginec\u00f3logo Tenerife, ginec\u00f3loga, ginec\u00f3loga Tenerife, ginecoog\u00eda, ginecolog\u00eda Tenerife, fecundaci\u00f3n, fecundaci\u00f3n Tenerife, fecundaci\u00f3n in Vitro, fecundaci\u00f3n in Vitro Tenerife, Ivi, Ivi Tenerife, tfe, ginec\u00f3logo tfe, santa cruz, ginec\u00f3logo santa cruz, ginec\u00f3logo santa cruz de Tenerife, obstetricia, obstetricia Tenerife, seminograma, seminogramas Tenerife, clinica reproducci\u00f3n, clinica reproducci\u00f3n Tenerife, fertilizaci\u00f3n, fertilizaci\u00f3n Tenerife, urolog\u00eda, urolog\u00eda Tenerife, ur\u00f3logo Tenerife, endocrino, endocrino santa cruz de Tenerife, endocrinolog\u00eda Tenerife, endocrinolog\u00eda santa cruz de Tenerife, ecograf\u00eda, ecograf\u00eda Tenerife, ecograf\u00eda 4d, ecograf\u00eda 4d Tenerife, banco semen, banco semen santa cruz de Tenerife, banco semen Tenerife, congelaci\u00f3n semen, congelaci\u00f3n semen santa cruz de Tenerife, congelaci\u00f3n semen Tenerife, neuda, neuda marqu\u00e9s, neuda marqu\u00e9s ginec\u00f3loga, preimplantaci\u00f3n, preimplantaci\u00f3n Tenerife, dgp , dgp Tenerife, dgp santa cruz de tenerife.\" width=\"150\" height=\"150\" srcset=\"http:\/\/irmotenerife.com\/wp-content\/uploads\/2014\/03\/IMG_4578-150x150.jpg 150w, http:\/\/irmotenerife.com\/wp-content\/uploads\/2014\/03\/IMG_4578-100x100.jpg 100w, http:\/\/irmotenerife.com\/wp-content\/uploads\/2014\/03\/IMG_4578-120x120.jpg 120w\" sizes=\"(max-width: 150px) 100vw, 150px\" \/><\/a><\/p>\n<ul>\n<li>Doctorat en M\u00e9decine et Chirurgie \u00e0 l\u2019Universit\u00e9 de La Laguna, avec une qualification APTE CUM LAUDE \u00e0 l\u2019unanimit\u00e9<\/li>\n<li>Fellow of European Board of Urology, obtenu \u00e0 Bruxelles 2013<\/li>\n<li>M\u00e9decin adjoint d\u2019Urologie de l\u2019H\u00f4pital Universitaire des Canaries.<\/li>\n<\/ul>\n<\/div>\n<\/div>\n<p>&nbsp;<\/p>\n<div class=\"all-columns\">\n<div class=\"one-half first\">\n<h4>Patricia Hern\u00e1ndez Delgado.<\/h4>\n<h6>Biologiste<\/h6>\n<h4><img loading=\"lazy\" decoding=\"async\" class=\"alignnone wp-image-1078 size-thumbnail\" src=\"http:\/\/irmotenerife.com\/wp-content\/uploads\/2014\/03\/Patricia-Hern--ndez-Delgado-150x150.jpg\" alt=\"Patricia Hern\u00e1ndez Delgado\" width=\"150\" height=\"150\" srcset=\"http:\/\/irmotenerife.com\/wp-content\/uploads\/2014\/03\/Patricia-Hern--ndez-Delgado-150x150.jpg 150w, http:\/\/irmotenerife.com\/wp-content\/uploads\/2014\/03\/Patricia-Hern--ndez-Delgado-100x100.jpg 100w, http:\/\/irmotenerife.com\/wp-content\/uploads\/2014\/03\/Patricia-Hern--ndez-Delgado-120x120.jpg 120w\" sizes=\"(max-width: 150px) 100vw, 150px\" \/><\/h4>\n<ul>\n<li>Licenci\u00e9e en Biologie<\/li>\n<li>Ma\u00eetrise sur la Base th\u00e9orique et proc\u00e9dures de Laboratoire en Reproduction assist\u00e9e<\/li>\n<li>Contact\u00a0: <a href=\"mailto:patricia.hernandez@irmotenerife.com\">patricia.hernandez@irmotenerife.com<\/a><\/li>\n<\/ul>\n<p>&nbsp;<\/p>\n<\/div>\n<div class=\"one-half\">\n<h4>Esmeralda Reyes Mart\u00edn<\/h4>\n<h6>Auxiliaire de Clinique<\/h6>\n<h6><a href=\"http:\/\/irmotenerife.com\/wp-content\/uploads\/2014\/03\/Esmeralda-copia.jpg\"><img loading=\"lazy\" decoding=\"async\" class=\"alignnone size-thumbnail wp-image-720\" src=\"http:\/\/irmotenerife.com\/wp-content\/uploads\/2014\/03\/Esmeralda-copia-150x150.jpg\" alt=\"Tenerife \u00b7 Fecundaci\u00f3n In Vitro \u00b7 Ginecolog\u00eda y Obstetricia \u00b7 Seminogramas \u00b7 T\u00e9cnicas de Reproducci\u00f3n \u00b7 Banco de Embriones \u00b7 Donaci\u00f3n de Ovocitos \u00b7 Diagn\u00f3stico Gen\u00e9tico Preimplantacional DGP \u00b7 Urolog\u00eda y Endocrinolog\u00eda \u00b7 Congelaci\u00f3n Semen y Ovocitos \u00b7 Ecograf\u00edas 4D \u00b7\" width=\"150\" height=\"150\" srcset=\"http:\/\/irmotenerife.com\/wp-content\/uploads\/2014\/03\/Esmeralda-copia-150x150.jpg 150w, http:\/\/irmotenerife.com\/wp-content\/uploads\/2014\/03\/Esmeralda-copia-300x300.jpg 300w, http:\/\/irmotenerife.com\/wp-content\/uploads\/2014\/03\/Esmeralda-copia-1024x1024.jpg 1024w, http:\/\/irmotenerife.com\/wp-content\/uploads\/2014\/03\/Esmeralda-copia.jpg 1181w\" sizes=\"(max-width: 150px) 100vw, 150px\" \/><\/a><\/h6>\n<ul>\n<li><strong>CONTACT:\u00a0<\/strong><a href=\"mailto:esmeralda@irmotenerife.com\">esmeralda@irmotenerife.com<\/a><\/li>\n<\/ul>\n<h6><\/h6>\n<h6><\/h6>\n<\/div>\n<\/div>\n<div>\n<div class=\"all-columns\">\n<div class=\"all-columns\">\n<div class=\"all-columns\">\n<div class=\"one-half first\"><\/div>\n<\/div>\n<\/div>\n<\/div>\n<\/div>\n<div>\n<div class=\"all-columns\">\n<div class=\"all-columns\">\n<div class=\"one-half\">\n<p>&nbsp;<\/p>\n<\/div>\n<\/div>\n<\/div>\n<\/div>\n<p>[\/vc_column_text][\/vc_column][\/vc_row]<\/p>\n<\/div>","protected":false},"excerpt":{"rendered":"<p>[vc_row css_animation=\u00a0\u00bb\u00a0\u00bb row_type=\u00a0\u00bbrow\u00a0\u00bb use_row_as_full_screen_section=\u00a0\u00bbno\u00a0\u00bb type=\u00a0\u00bbfull_width\u00a0\u00bb angled_section=\u00a0\u00bbno\u00a0\u00bb text_align=\u00a0\u00bbleft\u00a0\u00bb background_image_as_pattern=\u00a0\u00bbwithout_pattern\u00a0\u00bb][vc_column width=\u00a0\u00bb1\/2&Prime;][vc_column_text] Neuda&#8230;<\/p>\n","protected":false},"author":1,"featured_media":0,"parent":0,"menu_order":0,"comment_status":"open","ping_status":"closed","template":"","meta":{"footnotes":""},"_links":{"self":[{"href":"http:\/\/irmotenerife.com\/fr\/wp-json\/wp\/v2\/pages\/1378"}],"collection":[{"href":"http:\/\/irmotenerife.com\/fr\/wp-json\/wp\/v2\/pages"}],"about":[{"href":"http:\/\/irmotenerife.com\/fr\/wp-json\/wp\/v2\/types\/page"}],"author":[{"embeddable":true,"href":"http:\/\/irmotenerife.com\/fr\/wp-json\/wp\/v2\/users\/1"}],"replies":[{"embeddable":true,"href":"http:\/\/irmotenerife.com\/fr\/wp-json\/wp\/v2\/comments?post=1378"}],"version-history":[{"count":7,"href":"http:\/\/irmotenerife.com\/fr\/wp-json\/wp\/v2\/pages\/1378\/revisions"}],"predecessor-version":[{"id":1846,"href":"http:\/\/irmotenerife.com\/fr\/wp-json\/wp\/v2\/pages\/1378\/revisions\/1846"}],"wp:attachment":[{"href":"http:\/\/irmotenerife.com\/fr\/wp-json\/wp\/v2\/media?parent=1378"}],"curies":[{"name":"wp","href":"https:\/\/api.w.org\/{rel}","templated":true}]}}