{"id":1326,"date":"2011-11-27T09:40:04","date_gmt":"2011-11-27T09:40:04","guid":{"rendered":"http:\/\/irmotenerife.com\/it\/soluciones\/"},"modified":"2016-07-05T14:57:32","modified_gmt":"2016-07-05T14:57:32","slug":"soluzioni","status":"publish","type":"page","link":"http:\/\/irmotenerife.com\/it\/soluzioni\/","title":{"rendered":"Soluzioni"},"content":{"rendered":"<h6>La prima parte del processo: Analisi<\/h6>\n<p>In Irmo, Istituto per la Fecondazione In Vitro, ci prendiamo cura di ogni caso come se fosse l\u2019unico. Per questo, eseguiamo un&#8217;analisi dettagliata di ciascun paziente. Il primo passo \u00e9 dare un appuntamento, attraverso del quale si esplorano, si osservano e si ottiengono, nei casi in cui sia necessario, i campioni che ci consentiranno procedere allo studio dettagliato del caso.<\/p>\n<p>Il nostro team di esperti \u00e9 formato da Ginecologi, Ostetriche, Urologi, Endocrinologi, Biologi e ausiliari clinici, con un\u2019 importante esperienza professionale e prestigio a livello internazionale, completamente addestrati per risolvere i molteplici casi e le difficolt\u00e1 presenti nella nostra societ\u00e1.<\/p>\n<h2><\/h2>\n<div class=\"wrapper\">\n<p>&nbsp;<\/p>\n<div class=\"all-columns\">\n<div class=\"one-half first\"><strong>SOLUZIONI SU MISURA DEL PAZIENTE<\/strong><\/p>\n<p class=\"normal\" style=\"text-align: justify;\">Irmo, Istituto per la Fecondazione In Vitro, ci preoccupiamo di offrire l&#8217;alternativa che meglio si adatta alle esigenze e alle possibilit\u00e0 del cliente.<\/p>\n<p><img loading=\"lazy\" decoding=\"async\" src=\"http:\/\/irmotenerife.com\/wp-content\/uploads\/2011\/11\/cura-infertilidad-300x199.jpg\" alt=\"cura-infertilidad\" width=\"300\" height=\"199\" \/><\/p>\n<p class=\"normal\">Cercheremo tutte le possibilit\u00e0 che oggigiorno offre la medicina per cercare di risolvere, nel limite del possibile, ci\u00f2 che pi\u00f9 vi preoccupa.<\/p>\n<p class=\"normal\">Contiamo con la pi\u00f9 recente tecnologia, sale operatorie, sale per la consulenza medica e le analisi, diversi laboratori e attrezzature mediche affinch\u00e9 sia possibile effettuare tutti i servizi elencati sulla nostra web.<\/p>\n<\/div>\n<div class=\"one-half\">\n<p><strong>SOLUZIONI ADATTE ALLE VOSTRE ESIGENZE<\/strong><\/p>\n<p>En Irmo, Istituto per la Fecondazione In Vitro, ci impegniamo per risolvere i diversi problemi che affrontiamo ogni giorno nella nostra clinica. Nei 10 anni da cui \u00e9 aperta la clinica, abbiamo dovuto lavorare con molti pazienti, con varie preoccupazioni, difficolt\u00e1 e obiettivi, e siamo molto orgogliosi di aver avuto incredibili tassi di successo che garantiscono la nostra traiettoria.<\/p>\n<p>&nbsp;<\/p>\n<ul>\n<li>Servizi di Ostetricia e Ginecologia<\/li>\n<li>Trattamenti per la Riproduzione Assistita<\/li>\n<li>Servizi di Endocrinologia e Nutrizione<\/li>\n<li>Diagnosi prenatale<\/li>\n<li>Trattamenti di Urologia e Andrologia<\/li>\n<\/ul>\n<\/div>\n<\/div>\n<p>&nbsp;<\/p>\n<h2><\/h2>\n<h2><\/h2>\n<\/div>\n","protected":false},"excerpt":{"rendered":"<p>La prima parte del processo: Analisi In Irmo, Istituto per&#8230;<\/p>\n","protected":false},"author":1,"featured_media":0,"parent":0,"menu_order":0,"comment_status":"open","ping_status":"closed","template":"","meta":{"footnotes":""},"_links":{"self":[{"href":"http:\/\/irmotenerife.com\/it\/wp-json\/wp\/v2\/pages\/1326"}],"collection":[{"href":"http:\/\/irmotenerife.com\/it\/wp-json\/wp\/v2\/pages"}],"about":[{"href":"http:\/\/irmotenerife.com\/it\/wp-json\/wp\/v2\/types\/page"}],"author":[{"embeddable":true,"href":"http:\/\/irmotenerife.com\/it\/wp-json\/wp\/v2\/users\/1"}],"replies":[{"embeddable":true,"href":"http:\/\/irmotenerife.com\/it\/wp-json\/wp\/v2\/comments?post=1326"}],"version-history":[{"count":4,"href":"http:\/\/irmotenerife.com\/it\/wp-json\/wp\/v2\/pages\/1326\/revisions"}],"predecessor-version":[{"id":1330,"href":"http:\/\/irmotenerife.com\/it\/wp-json\/wp\/v2\/pages\/1326\/revisions\/1330"}],"wp:attachment":[{"href":"http:\/\/irmotenerife.com\/it\/wp-json\/wp\/v2\/media?parent=1326"}],"curies":[{"name":"wp","href":"https:\/\/api.w.org\/{rel}","templated":true}]}}