{"id":1331,"date":"2011-11-27T09:39:21","date_gmt":"2011-11-27T09:39:21","guid":{"rendered":"http:\/\/irmotenerife.com\/it\/servicios\/"},"modified":"2016-07-05T15:03:11","modified_gmt":"2016-07-05T15:03:11","slug":"servici","status":"publish","type":"page","link":"http:\/\/irmotenerife.com\/it\/servici\/","title":{"rendered":"Servici"},"content":{"rendered":"<div class=\"wrapper\">\n<div class=\"grid_5 alpha\">\n<h2><strong>Elenco dei Servizi<\/strong><\/h2>\n<ul>\n<li><strong>GINECOLOGIA<\/strong><\/li>\n<\/ul>\n<ul>\n<li>Visite ginecologiche<\/li>\n<li>Colposcopia<\/li>\n<li>Inserimento IUD<\/li>\n<li>Citologia (Pap-test)<\/li>\n<li>VPH (Papilloma Virus Umano)<\/li>\n<li>Consulenze per adolescenti<\/li>\n<li>Menopausa<\/li>\n<li>Pavimento Pelvico<\/li>\n<\/ul>\n<ul>\n<li><strong>OSTETRICIA<\/strong>\n<ul>\n<li>Controllo ostetrico<\/li>\n<li>Monitoraggio materno fetale<\/li>\n<\/ul>\n<\/li>\n<li><strong>RIPRODUZIONE ASSISTITA<\/strong>\n<ul>\n<li>Spermiogramma<\/li>\n<li>Inseminazione<\/li>\n<li>Embrioscopia Primo Vision Evo Vitrolife<\/li>\n<li>IVF<\/li>\n<li>ICSI<\/li>\n<li>Donazione Ovocitaria<\/li>\n<li>Diagnosi genetica preimpianto<\/li>\n<li>Congelamento degli embrioni<\/li>\n<li>Banca degli embrioni<\/li>\n<li>Banca dello sperma<\/li>\n<li>Analisi ormonale<\/li>\n<li>Il congelamento dello sperma<\/li>\n<li>Congelamento degli ovociti<\/li>\n<li>PRIMO VISI\u00d3N<\/li>\n<\/ul>\n<\/li>\n<li><strong>Endocrinologia e Nutrizione<\/strong>\n<ul>\n<li>Diabete<\/li>\n<li>Obesit\u00e0<\/li>\n<li>Disturbi della crescita<\/li>\n<li>Disturbi ormonali<\/li>\n<li>Nutrizione<\/li>\n<\/ul>\n<\/li>\n<li><strong>DIAGN\u00d3STICO PRENATAL<\/strong>\n<ul>\n<li>Ultrasuoni nucale Fold<\/li>\n<li>Ecografia selettiva<\/li>\n<li>Eco Doppler<\/li>\n<li>Ecografia 4D ad ultrasuoni<\/li>\n<li>Amniocentesi<\/li>\n<\/ul>\n<\/li>\n<li><strong>UROLOGIA \/ Andrologia<\/strong>\n<ul>\n<li>Biopsia ai testicoli<\/li>\n<\/ul>\n<\/li>\n<li><strong>PSICOLOG\u00cdA<\/strong>\n<ul>\n<li>Consulenza psicologica<\/li>\n<\/ul>\n<\/li>\n<\/ul>\n<\/div>\n<div class=\"grid_7 omega\">\n<h2><strong>Istituto per la Fecondazione In Vitro<\/strong><\/h2>\n<p>In Irmo siamo specialisti nell\u2019offrire un\u2019attenzione personalizzata ad ogni caso e cerchiamo soluzioni specifiche per ogni persona.<\/p>\n<p>Abbiamo un team di specialisti di vario genere, che lavoreranno a stretto contatto con ogni paziente.<\/p>\n<p>&nbsp;<\/p>\n\n\t\t<style type=\"text\/css\">\n\t\t\t#gallery-1 {\n\t\t\t\tmargin: auto;\n\t\t\t}\n\t\t\t#gallery-1 .gallery-item {\n\t\t\t\tfloat: left;\n\t\t\t\tmargin-top: 10px;\n\t\t\t\ttext-align: center;\n\t\t\t\twidth: 33%;\n\t\t\t}\n\t\t\t#gallery-1 img {\n\t\t\t\tborder: 2px solid #cfcfcf;\n\t\t\t}\n\t\t\t#gallery-1 .gallery-caption {\n\t\t\t\tmargin-left: 0;\n\t\t\t}\n\t\t\t\/* see gallery_shortcode() in wp-includes\/media.php *\/\n\t\t<\/style>\n\t\t<div id='gallery-1' class='gallery galleryid-1331 gallery-columns-3 gallery-size-thumbnail'><dl class='gallery-item'>\n\t\t\t<dt class='gallery-icon landscape'>\n\t\t\t\t<a href='http:\/\/irmotenerife.com\/wp-content\/uploads\/2011\/11\/Destacado-11.jpg'><img loading=\"lazy\" decoding=\"async\" width=\"150\" height=\"150\" src=\"http:\/\/irmotenerife.com\/wp-content\/uploads\/2011\/11\/Destacado-11-150x150.jpg\" class=\"attachment-thumbnail size-thumbnail\" alt=\"Irmo, Irmo Tenerife, ginec\u00f3logo, ginec\u00f3logo Tenerife, ginec\u00f3loga, ginec\u00f3loga Tenerife, ginecoog\u00eda, ginecolog\u00eda Tenerife, fecundaci\u00f3n, fecundaci\u00f3n Tenerife, fecundaci\u00f3n in Vitro, fecundaci\u00f3n in Vitro Tenerife, Ivi, Ivi Tenerife, tfe, ginec\u00f3logo tfe, santa cruz, ginec\u00f3logo santa cruz, ginec\u00f3logo santa cruz de Tenerife, obstetricia, obstetricia Tenerife, seminograma, seminogramas Tenerife, clinica reproducci\u00f3n, clinica reproducci\u00f3n Tenerife, fertilizaci\u00f3n, fertilizaci\u00f3n Tenerife, urolog\u00eda, urolog\u00eda Tenerife, ur\u00f3logo Tenerife, endocrino, endocrino santa cruz de Tenerife, endocrinolog\u00eda Tenerife, endocrinolog\u00eda santa cruz de Tenerife, ecograf\u00eda, ecograf\u00eda Tenerife, ecograf\u00eda 4d, ecograf\u00eda 4d Tenerife, banco semen, banco semen santa cruz de Tenerife, banco semen Tenerife, congelaci\u00f3n semen, congelaci\u00f3n semen santa cruz de Tenerife, congelaci\u00f3n semen Tenerife, neuda, neuda marqu\u00e9s, neuda marqu\u00e9s ginec\u00f3loga, preimplantaci\u00f3n, preimplantaci\u00f3n Tenerife, dgp , dgp Tenerife, dgp santa cruz de tenerife.\" srcset=\"http:\/\/irmotenerife.com\/wp-content\/uploads\/2011\/11\/Destacado-11-150x150.jpg 150w, http:\/\/irmotenerife.com\/wp-content\/uploads\/2011\/11\/Destacado-11-300x300.jpg 300w, http:\/\/irmotenerife.com\/wp-content\/uploads\/2011\/11\/Destacado-11-1024x1024.jpg 1024w, http:\/\/irmotenerife.com\/wp-content\/uploads\/2011\/11\/Destacado-11.jpg 1181w\" sizes=\"(max-width: 150px) 100vw, 150px\" \/><\/a>\n\t\t\t<\/dt><\/dl><dl class='gallery-item'>\n\t\t\t<dt class='gallery-icon landscape'>\n\t\t\t\t<a href='http:\/\/irmotenerife.com\/wp-content\/uploads\/2014\/03\/Slide-61.jpg'><img loading=\"lazy\" decoding=\"async\" width=\"150\" height=\"150\" src=\"http:\/\/irmotenerife.com\/wp-content\/uploads\/2014\/03\/Slide-61-150x150.jpg\" class=\"attachment-thumbnail size-thumbnail\" alt=\"Irmo, Irmo Tenerife, ginec\u00f3logo, ginec\u00f3logo Tenerife, ginec\u00f3loga, ginec\u00f3loga Tenerife, ginecoog\u00eda, ginecolog\u00eda Tenerife, fecundaci\u00f3n, fecundaci\u00f3n Tenerife, fecundaci\u00f3n in Vitro, fecundaci\u00f3n in Vitro Tenerife, Ivi, Ivi Tenerife, tfe, ginec\u00f3logo tfe, santa cruz, ginec\u00f3logo santa cruz, ginec\u00f3logo santa cruz de Tenerife, obstetricia, obstetricia Tenerife, seminograma, seminogramas Tenerife, clinica reproducci\u00f3n, clinica reproducci\u00f3n Tenerife, fertilizaci\u00f3n, fertilizaci\u00f3n Tenerife, urolog\u00eda, urolog\u00eda Tenerife, ur\u00f3logo Tenerife, endocrino, endocrino santa cruz de Tenerife, endocrinolog\u00eda Tenerife, endocrinolog\u00eda santa cruz de Tenerife, ecograf\u00eda, ecograf\u00eda Tenerife, ecograf\u00eda 4d, ecograf\u00eda 4d Tenerife, banco semen, banco semen santa cruz de Tenerife, banco semen Tenerife, congelaci\u00f3n semen, congelaci\u00f3n semen santa cruz de Tenerife, congelaci\u00f3n semen Tenerife, neuda, neuda marqu\u00e9s, neuda marqu\u00e9s ginec\u00f3loga, preimplantaci\u00f3n, preimplantaci\u00f3n Tenerife, dgp , dgp Tenerife, dgp santa cruz de tenerife.\" \/><\/a>\n\t\t\t<\/dt><\/dl><dl class='gallery-item'>\n\t\t\t<dt class='gallery-icon landscape'>\n\t\t\t\t<a href='http:\/\/irmotenerife.com\/wp-content\/uploads\/2011\/11\/Slide-111.jpg'><img loading=\"lazy\" decoding=\"async\" width=\"150\" height=\"150\" src=\"http:\/\/irmotenerife.com\/wp-content\/uploads\/2011\/11\/Slide-111-150x150.jpg\" class=\"attachment-thumbnail size-thumbnail\" alt=\"Irmo, Irmo Tenerife, ginec\u00f3logo, ginec\u00f3logo Tenerife, ginec\u00f3loga, ginec\u00f3loga Tenerife, ginecoog\u00eda, ginecolog\u00eda Tenerife, fecundaci\u00f3n, fecundaci\u00f3n Tenerife, fecundaci\u00f3n in Vitro, fecundaci\u00f3n in Vitro Tenerife, Ivi, Ivi Tenerife, tfe, ginec\u00f3logo tfe, santa cruz, ginec\u00f3logo santa cruz, ginec\u00f3logo santa cruz de Tenerife, obstetricia, obstetricia Tenerife, seminograma, seminogramas Tenerife, clinica reproducci\u00f3n, clinica reproducci\u00f3n Tenerife, fertilizaci\u00f3n, fertilizaci\u00f3n Tenerife, urolog\u00eda, urolog\u00eda Tenerife, ur\u00f3logo Tenerife, endocrino, endocrino santa cruz de Tenerife, endocrinolog\u00eda Tenerife, endocrinolog\u00eda santa cruz de Tenerife, ecograf\u00eda, ecograf\u00eda Tenerife, ecograf\u00eda 4d, ecograf\u00eda 4d Tenerife, banco semen, banco semen santa cruz de Tenerife, banco semen Tenerife, congelaci\u00f3n semen, congelaci\u00f3n semen santa cruz de Tenerife, congelaci\u00f3n semen Tenerife, neuda, neuda marqu\u00e9s, neuda marqu\u00e9s ginec\u00f3loga, preimplantaci\u00f3n, preimplantaci\u00f3n Tenerife, dgp , dgp Tenerife, dgp santa cruz de tenerife.\" \/><\/a>\n\t\t\t<\/dt><\/dl><br style=\"clear: both\" \/><dl class='gallery-item'>\n\t\t\t<dt class='gallery-icon landscape'>\n\t\t\t\t<a href='http:\/\/irmotenerife.com\/wp-content\/uploads\/2014\/03\/Slide-81.jpg'><img loading=\"lazy\" decoding=\"async\" width=\"150\" height=\"150\" src=\"http:\/\/irmotenerife.com\/wp-content\/uploads\/2014\/03\/Slide-81-150x150.jpg\" class=\"attachment-thumbnail size-thumbnail\" alt=\"Irmo, Irmo Tenerife, ginec\u00f3logo, ginec\u00f3logo Tenerife, ginec\u00f3loga, ginec\u00f3loga Tenerife, ginecoog\u00eda, ginecolog\u00eda Tenerife, fecundaci\u00f3n, fecundaci\u00f3n Tenerife, fecundaci\u00f3n in Vitro, fecundaci\u00f3n in Vitro Tenerife, Ivi, Ivi Tenerife, tfe, ginec\u00f3logo tfe, santa cruz, ginec\u00f3logo santa cruz, ginec\u00f3logo santa cruz de Tenerife, obstetricia, obstetricia Tenerife, seminograma, seminogramas Tenerife, clinica reproducci\u00f3n, clinica reproducci\u00f3n Tenerife, fertilizaci\u00f3n, fertilizaci\u00f3n Tenerife, urolog\u00eda, urolog\u00eda Tenerife, ur\u00f3logo Tenerife, endocrino, endocrino santa cruz de Tenerife, endocrinolog\u00eda Tenerife, endocrinolog\u00eda santa cruz de Tenerife, ecograf\u00eda, ecograf\u00eda Tenerife, ecograf\u00eda 4d, ecograf\u00eda 4d Tenerife, banco semen, banco semen santa cruz de Tenerife, banco semen Tenerife, congelaci\u00f3n semen, congelaci\u00f3n semen santa cruz de Tenerife, congelaci\u00f3n semen Tenerife, neuda, neuda marqu\u00e9s, neuda marqu\u00e9s ginec\u00f3loga, preimplantaci\u00f3n, preimplantaci\u00f3n Tenerife, dgp , dgp Tenerife, dgp santa cruz de tenerife.\" \/><\/a>\n\t\t\t<\/dt><\/dl><dl class='gallery-item'>\n\t\t\t<dt class='gallery-icon landscape'>\n\t\t\t\t<a href='http:\/\/irmotenerife.com\/wp-content\/uploads\/2014\/03\/Slide-7.jpg'><img loading=\"lazy\" decoding=\"async\" width=\"150\" height=\"150\" src=\"http:\/\/irmotenerife.com\/wp-content\/uploads\/2014\/03\/Slide-7-150x150.jpg\" class=\"attachment-thumbnail size-thumbnail\" alt=\"Irmo, Irmo Tenerife, ginec\u00f3logo, ginec\u00f3logo Tenerife, ginec\u00f3loga, ginec\u00f3loga Tenerife, ginecoog\u00eda, ginecolog\u00eda Tenerife, fecundaci\u00f3n, fecundaci\u00f3n Tenerife, fecundaci\u00f3n in Vitro, fecundaci\u00f3n in Vitro Tenerife, Ivi, Ivi Tenerife, tfe, ginec\u00f3logo tfe, santa cruz, ginec\u00f3logo santa cruz, ginec\u00f3logo santa cruz de Tenerife, obstetricia, obstetricia Tenerife, seminograma, seminogramas Tenerife, clinica reproducci\u00f3n, clinica reproducci\u00f3n Tenerife, fertilizaci\u00f3n, fertilizaci\u00f3n Tenerife, urolog\u00eda, urolog\u00eda Tenerife, ur\u00f3logo Tenerife, endocrino, endocrino santa cruz de Tenerife, endocrinolog\u00eda Tenerife, endocrinolog\u00eda santa cruz de Tenerife, ecograf\u00eda, ecograf\u00eda Tenerife, ecograf\u00eda 4d, ecograf\u00eda 4d Tenerife, banco semen, banco semen santa cruz de Tenerife, banco semen Tenerife, congelaci\u00f3n semen, congelaci\u00f3n semen santa cruz de Tenerife, congelaci\u00f3n semen Tenerife, neuda, neuda marqu\u00e9s, neuda marqu\u00e9s ginec\u00f3loga, preimplantaci\u00f3n, preimplantaci\u00f3n Tenerife, dgp , dgp Tenerife, dgp santa cruz de tenerife.\" \/><\/a>\n\t\t\t<\/dt><\/dl><dl class='gallery-item'>\n\t\t\t<dt class='gallery-icon landscape'>\n\t\t\t\t<a href='http:\/\/irmotenerife.com\/wp-content\/uploads\/2011\/11\/Slide-42.jpg'><img loading=\"lazy\" decoding=\"async\" width=\"150\" height=\"150\" src=\"http:\/\/irmotenerife.com\/wp-content\/uploads\/2011\/11\/Slide-42-150x150.jpg\" class=\"attachment-thumbnail size-thumbnail\" alt=\"Irmo, Irmo Tenerife, ginec\u00f3logo, ginec\u00f3logo Tenerife, ginec\u00f3loga, ginec\u00f3loga Tenerife, ginecoog\u00eda, ginecolog\u00eda Tenerife, fecundaci\u00f3n, fecundaci\u00f3n Tenerife, fecundaci\u00f3n in Vitro, fecundaci\u00f3n in Vitro Tenerife, Ivi, Ivi Tenerife, tfe, ginec\u00f3logo tfe, santa cruz, ginec\u00f3logo santa cruz, ginec\u00f3logo santa cruz de Tenerife, obstetricia, obstetricia Tenerife, seminograma, seminogramas Tenerife, clinica reproducci\u00f3n, clinica reproducci\u00f3n Tenerife, fertilizaci\u00f3n, fertilizaci\u00f3n Tenerife, urolog\u00eda, urolog\u00eda Tenerife, ur\u00f3logo Tenerife, endocrino, endocrino santa cruz de Tenerife, endocrinolog\u00eda Tenerife, endocrinolog\u00eda santa cruz de Tenerife, ecograf\u00eda, ecograf\u00eda Tenerife, ecograf\u00eda 4d, ecograf\u00eda 4d Tenerife, banco semen, banco semen santa cruz de Tenerife, banco semen Tenerife, congelaci\u00f3n semen, congelaci\u00f3n semen santa cruz de Tenerife, congelaci\u00f3n semen Tenerife, neuda, neuda marqu\u00e9s, neuda marqu\u00e9s ginec\u00f3loga, preimplantaci\u00f3n, preimplantaci\u00f3n Tenerife, dgp , dgp Tenerife, dgp santa cruz de tenerife.\" \/><\/a>\n\t\t\t<\/dt><\/dl><br style=\"clear: both\" \/><dl class='gallery-item'>\n\t\t\t<dt class='gallery-icon landscape'>\n\t\t\t\t<a href='http:\/\/irmotenerife.com\/wp-content\/uploads\/2014\/03\/Slide-5.jpg'><img loading=\"lazy\" decoding=\"async\" width=\"150\" height=\"150\" src=\"http:\/\/irmotenerife.com\/wp-content\/uploads\/2014\/03\/Slide-5-150x150.jpg\" class=\"attachment-thumbnail size-thumbnail\" alt=\"Irmo, Irmo Tenerife, ginec\u00f3logo, ginec\u00f3logo Tenerife, ginec\u00f3loga, ginec\u00f3loga Tenerife, ginecoog\u00eda, ginecolog\u00eda Tenerife, fecundaci\u00f3n, fecundaci\u00f3n Tenerife, fecundaci\u00f3n in Vitro, fecundaci\u00f3n in Vitro Tenerife, Ivi, Ivi Tenerife, tfe, ginec\u00f3logo tfe, santa cruz, ginec\u00f3logo santa cruz, ginec\u00f3logo santa cruz de Tenerife, obstetricia, obstetricia Tenerife, seminograma, seminogramas Tenerife, clinica reproducci\u00f3n, clinica reproducci\u00f3n Tenerife, fertilizaci\u00f3n, fertilizaci\u00f3n Tenerife, urolog\u00eda, urolog\u00eda Tenerife, ur\u00f3logo Tenerife, endocrino, endocrino santa cruz de Tenerife, endocrinolog\u00eda Tenerife, endocrinolog\u00eda santa cruz de Tenerife, ecograf\u00eda, ecograf\u00eda Tenerife, ecograf\u00eda 4d, ecograf\u00eda 4d Tenerife, banco semen, banco semen santa cruz de Tenerife, banco semen Tenerife, congelaci\u00f3n semen, congelaci\u00f3n semen santa cruz de Tenerife, congelaci\u00f3n semen Tenerife, neuda, neuda marqu\u00e9s, neuda marqu\u00e9s ginec\u00f3loga, preimplantaci\u00f3n, preimplantaci\u00f3n Tenerife, dgp , dgp Tenerife, dgp santa cruz de tenerife.\" \/><\/a>\n\t\t\t<\/dt><\/dl><dl class='gallery-item'>\n\t\t\t<dt class='gallery-icon landscape'>\n\t\t\t\t<a href='http:\/\/irmotenerife.com\/wp-content\/uploads\/2011\/11\/Slide-31.jpg'><img loading=\"lazy\" decoding=\"async\" width=\"150\" height=\"150\" src=\"http:\/\/irmotenerife.com\/wp-content\/uploads\/2011\/11\/Slide-31-150x150.jpg\" class=\"attachment-thumbnail size-thumbnail\" alt=\"Irmo, Irmo Tenerife, ginec\u00f3logo, ginec\u00f3logo Tenerife, ginec\u00f3loga, ginec\u00f3loga Tenerife, ginecoog\u00eda, ginecolog\u00eda Tenerife, fecundaci\u00f3n, fecundaci\u00f3n Tenerife, fecundaci\u00f3n in Vitro, fecundaci\u00f3n in Vitro Tenerife, Ivi, Ivi Tenerife, tfe, ginec\u00f3logo tfe, santa cruz, ginec\u00f3logo santa cruz, ginec\u00f3logo santa cruz de Tenerife, obstetricia, obstetricia Tenerife, seminograma, seminogramas Tenerife, clinica reproducci\u00f3n, clinica reproducci\u00f3n Tenerife, fertilizaci\u00f3n, fertilizaci\u00f3n Tenerife, urolog\u00eda, urolog\u00eda Tenerife, ur\u00f3logo Tenerife, endocrino, endocrino santa cruz de Tenerife, endocrinolog\u00eda Tenerife, endocrinolog\u00eda santa cruz de Tenerife, ecograf\u00eda, ecograf\u00eda Tenerife, ecograf\u00eda 4d, ecograf\u00eda 4d Tenerife, banco semen, banco semen santa cruz de Tenerife, banco semen Tenerife, congelaci\u00f3n semen, congelaci\u00f3n semen santa cruz de Tenerife, congelaci\u00f3n semen Tenerife, neuda, neuda marqu\u00e9s, neuda marqu\u00e9s ginec\u00f3loga, preimplantaci\u00f3n, preimplantaci\u00f3n Tenerife, dgp , dgp Tenerife, dgp santa cruz de tenerife.\" \/><\/a>\n\t\t\t<\/dt><\/dl><dl class='gallery-item'>\n\t\t\t<dt class='gallery-icon landscape'>\n\t\t\t\t<a href='http:\/\/irmotenerife.com\/wp-content\/uploads\/2011\/11\/Slide-21.jpg'><img loading=\"lazy\" decoding=\"async\" width=\"150\" height=\"150\" src=\"http:\/\/irmotenerife.com\/wp-content\/uploads\/2011\/11\/Slide-21-150x150.jpg\" class=\"attachment-thumbnail size-thumbnail\" alt=\"Irmo, Irmo Tenerife, ginec\u00f3logo, ginec\u00f3logo Tenerife, ginec\u00f3loga, ginec\u00f3loga Tenerife, ginecoog\u00eda, ginecolog\u00eda Tenerife, fecundaci\u00f3n, fecundaci\u00f3n Tenerife, fecundaci\u00f3n in Vitro, fecundaci\u00f3n in Vitro Tenerife, Ivi, Ivi Tenerife, tfe, ginec\u00f3logo tfe, santa cruz, ginec\u00f3logo santa cruz, ginec\u00f3logo santa cruz de Tenerife, obstetricia, obstetricia Tenerife, seminograma, seminogramas Tenerife, clinica reproducci\u00f3n, clinica reproducci\u00f3n Tenerife, fertilizaci\u00f3n, fertilizaci\u00f3n Tenerife, urolog\u00eda, urolog\u00eda Tenerife, ur\u00f3logo Tenerife, endocrino, endocrino santa cruz de Tenerife, endocrinolog\u00eda Tenerife, endocrinolog\u00eda santa cruz de Tenerife, ecograf\u00eda, ecograf\u00eda Tenerife, ecograf\u00eda 4d, ecograf\u00eda 4d Tenerife, banco semen, banco semen santa cruz de Tenerife, banco semen Tenerife, congelaci\u00f3n semen, congelaci\u00f3n semen santa cruz de Tenerife, congelaci\u00f3n semen Tenerife, neuda, neuda marqu\u00e9s, neuda marqu\u00e9s ginec\u00f3loga, preimplantaci\u00f3n, preimplantaci\u00f3n Tenerife, dgp , dgp Tenerife, dgp santa cruz de tenerife.\" \/><\/a>\n\t\t\t<\/dt><\/dl><br style=\"clear: both\" \/><dl class='gallery-item'>\n\t\t\t<dt class='gallery-icon landscape'>\n\t\t\t\t<a href='http:\/\/irmotenerife.com\/wp-content\/uploads\/2011\/11\/Slide-10.jpg'><img loading=\"lazy\" decoding=\"async\" width=\"150\" height=\"150\" src=\"http:\/\/irmotenerife.com\/wp-content\/uploads\/2011\/11\/Slide-10-150x150.jpg\" class=\"attachment-thumbnail size-thumbnail\" alt=\"Irmo, Irmo Tenerife, ginec\u00f3logo, ginec\u00f3logo Tenerife, ginec\u00f3loga, ginec\u00f3loga Tenerife, ginecoog\u00eda, ginecolog\u00eda Tenerife, fecundaci\u00f3n, fecundaci\u00f3n Tenerife, fecundaci\u00f3n in Vitro, fecundaci\u00f3n in Vitro Tenerife, Ivi, Ivi Tenerife, tfe, ginec\u00f3logo tfe, santa cruz, ginec\u00f3logo santa cruz, ginec\u00f3logo santa cruz de Tenerife, obstetricia, obstetricia Tenerife, seminograma, seminogramas Tenerife, clinica reproducci\u00f3n, clinica reproducci\u00f3n Tenerife, fertilizaci\u00f3n, fertilizaci\u00f3n Tenerife, urolog\u00eda, urolog\u00eda Tenerife, ur\u00f3logo Tenerife, endocrino, endocrino santa cruz de Tenerife, endocrinolog\u00eda Tenerife, endocrinolog\u00eda santa cruz de Tenerife, ecograf\u00eda, ecograf\u00eda Tenerife, ecograf\u00eda 4d, ecograf\u00eda 4d Tenerife, banco semen, banco semen santa cruz de Tenerife, banco semen Tenerife, congelaci\u00f3n semen, congelaci\u00f3n semen santa cruz de Tenerife, congelaci\u00f3n semen Tenerife, neuda, neuda marqu\u00e9s, neuda marqu\u00e9s ginec\u00f3loga, preimplantaci\u00f3n, preimplantaci\u00f3n Tenerife, dgp , dgp Tenerife, dgp santa cruz de tenerife.\" \/><\/a>\n\t\t\t<\/dt><\/dl><dl class='gallery-item'>\n\t\t\t<dt class='gallery-icon landscape'>\n\t\t\t\t<a href='http:\/\/irmotenerife.com\/wp-content\/uploads\/2011\/11\/Slide-11.jpg'><img loading=\"lazy\" decoding=\"async\" width=\"150\" height=\"150\" src=\"http:\/\/irmotenerife.com\/wp-content\/uploads\/2011\/11\/Slide-11-150x150.jpg\" class=\"attachment-thumbnail size-thumbnail\" alt=\"Irmo, Irmo Tenerife, ginec\u00f3logo, ginec\u00f3logo Tenerife, ginec\u00f3loga, ginec\u00f3loga Tenerife, ginecoog\u00eda, ginecolog\u00eda Tenerife, fecundaci\u00f3n, fecundaci\u00f3n Tenerife, fecundaci\u00f3n in Vitro, fecundaci\u00f3n in Vitro Tenerife, Ivi, Ivi Tenerife, tfe, ginec\u00f3logo tfe, santa cruz, ginec\u00f3logo santa cruz, ginec\u00f3logo santa cruz de Tenerife, obstetricia, obstetricia Tenerife, seminograma, seminogramas Tenerife, clinica reproducci\u00f3n, clinica reproducci\u00f3n Tenerife, fertilizaci\u00f3n, fertilizaci\u00f3n Tenerife, urolog\u00eda, urolog\u00eda Tenerife, ur\u00f3logo Tenerife, endocrino, endocrino santa cruz de Tenerife, endocrinolog\u00eda Tenerife, endocrinolog\u00eda santa cruz de Tenerife, ecograf\u00eda, ecograf\u00eda Tenerife, ecograf\u00eda 4d, ecograf\u00eda 4d Tenerife, banco semen, banco semen santa cruz de Tenerife, banco semen Tenerife, congelaci\u00f3n semen, congelaci\u00f3n semen santa cruz de Tenerife, congelaci\u00f3n semen Tenerife, neuda, neuda marqu\u00e9s, neuda marqu\u00e9s ginec\u00f3loga, preimplantaci\u00f3n, preimplantaci\u00f3n Tenerife, dgp , dgp Tenerife, dgp santa cruz de tenerife.\" \/><\/a>\n\t\t\t<\/dt><\/dl><dl class='gallery-item'>\n\t\t\t<dt class='gallery-icon landscape'>\n\t\t\t\t<a href='http:\/\/irmotenerife.com\/wp-content\/uploads\/2014\/03\/Slide-9.jpg'><img loading=\"lazy\" decoding=\"async\" width=\"150\" height=\"150\" src=\"http:\/\/irmotenerife.com\/wp-content\/uploads\/2014\/03\/Slide-9-150x150.jpg\" class=\"attachment-thumbnail size-thumbnail\" alt=\"Irmo, Irmo Tenerife, ginec\u00f3logo, ginec\u00f3logo Tenerife, ginec\u00f3loga, ginec\u00f3loga Tenerife, ginecoog\u00eda, ginecolog\u00eda Tenerife, fecundaci\u00f3n, fecundaci\u00f3n Tenerife, fecundaci\u00f3n in Vitro, fecundaci\u00f3n in Vitro Tenerife, Ivi, Ivi Tenerife, tfe, ginec\u00f3logo tfe, santa cruz, ginec\u00f3logo santa cruz, ginec\u00f3logo santa cruz de Tenerife, obstetricia, obstetricia Tenerife, seminograma, seminogramas Tenerife, clinica reproducci\u00f3n, clinica reproducci\u00f3n Tenerife, fertilizaci\u00f3n, fertilizaci\u00f3n Tenerife, urolog\u00eda, urolog\u00eda Tenerife, ur\u00f3logo Tenerife, endocrino, endocrino santa cruz de Tenerife, endocrinolog\u00eda Tenerife, endocrinolog\u00eda santa cruz de Tenerife, ecograf\u00eda, ecograf\u00eda Tenerife, ecograf\u00eda 4d, ecograf\u00eda 4d Tenerife, banco semen, banco semen santa cruz de Tenerife, banco semen Tenerife, congelaci\u00f3n semen, congelaci\u00f3n semen santa cruz de Tenerife, congelaci\u00f3n semen Tenerife, neuda, neuda marqu\u00e9s, neuda marqu\u00e9s ginec\u00f3loga, preimplantaci\u00f3n, preimplantaci\u00f3n Tenerife, dgp , dgp Tenerife, dgp santa cruz de tenerife.\" \/><\/a>\n\t\t\t<\/dt><\/dl><br style=\"clear: both\" \/>\n\t\t<\/div>\n\n<div class=\"wrapper\"><\/div>\n<\/div>\n<\/div>\n","protected":false},"excerpt":{"rendered":"<p>Elenco dei Servizi GINECOLOGIA Visite ginecologiche Colposcopia Inserimento IUD Citologia&#8230;<\/p>\n","protected":false},"author":1,"featured_media":0,"parent":0,"menu_order":0,"comment_status":"open","ping_status":"closed","template":"","meta":{"footnotes":""},"_links":{"self":[{"href":"http:\/\/irmotenerife.com\/it\/wp-json\/wp\/v2\/pages\/1331"}],"collection":[{"href":"http:\/\/irmotenerife.com\/it\/wp-json\/wp\/v2\/pages"}],"about":[{"href":"http:\/\/irmotenerife.com\/it\/wp-json\/wp\/v2\/types\/page"}],"author":[{"embeddable":true,"href":"http:\/\/irmotenerife.com\/it\/wp-json\/wp\/v2\/users\/1"}],"replies":[{"embeddable":true,"href":"http:\/\/irmotenerife.com\/it\/wp-json\/wp\/v2\/comments?post=1331"}],"version-history":[{"count":5,"href":"http:\/\/irmotenerife.com\/it\/wp-json\/wp\/v2\/pages\/1331\/revisions"}],"predecessor-version":[{"id":1336,"href":"http:\/\/irmotenerife.com\/it\/wp-json\/wp\/v2\/pages\/1331\/revisions\/1336"}],"wp:attachment":[{"href":"http:\/\/irmotenerife.com\/it\/wp-json\/wp\/v2\/media?parent=1331"}],"curies":[{"name":"wp","href":"https:\/\/api.w.org\/{rel}","templated":true}]}}