{"id":1340,"date":"2014-03-22T12:38:53","date_gmt":"2014-03-22T12:38:53","guid":{"rendered":"http:\/\/irmotenerife.com\/it\/nuestro-equipo\/"},"modified":"2022-09-28T08:23:55","modified_gmt":"2022-09-28T08:23:55","slug":"nuestro-equipo","status":"publish","type":"page","link":"http:\/\/irmotenerife.com\/it\/nuestro-equipo\/","title":{"rendered":"Nuestro equipo"},"content":{"rendered":"<div class=\"wpb-content-wrapper\"><p>[vc_row css_animation=&#8221;&#8221; row_type=&#8221;row&#8221; use_row_as_full_screen_section=&#8221;no&#8221; type=&#8221;full_width&#8221; angled_section=&#8221;no&#8221; text_align=&#8221;left&#8221; background_image_as_pattern=&#8221;without_pattern&#8221;][vc_column width=&#8221;1\/2&#8243;][vc_column_text]<\/p>\n<div class=\"all-columns\">\n<div class=\"one-half first\">\n<h4>Neuda Marqu\u00e9s de Oliveira<\/h4>\n<h6>Ginec\u00f3loga<\/h6>\n<h6><a href=\"http:\/\/irmotenerife.com\/wp-content\/uploads\/2014\/03\/Neuda-copia.jpg\"><img loading=\"lazy\" decoding=\"async\" class=\"alignnone size-thumbnail wp-image-722\" src=\"http:\/\/irmotenerife.com\/wp-content\/uploads\/2014\/03\/Neuda-copia-150x150.jpg\" alt=\"Tenerife \u00b7 Fecundaci\u00f3n In Vitro \u00b7 Ginecolog\u00eda y Obstetricia \u00b7 Seminogramas \u00b7 T\u00e9cnicas de Reproducci\u00f3n \u00b7 Banco de Embriones \u00b7 Donaci\u00f3n de Ovocitos \u00b7 Diagn\u00f3stico Gen\u00e9tico Preimplantacional DGP \u00b7 Urolog\u00eda y Endocrinolog\u00eda \u00b7 Congelaci\u00f3n Semen y Ovocitos \u00b7 Ecograf\u00edas 4D \u00b7\" width=\"150\" height=\"150\" srcset=\"http:\/\/irmotenerife.com\/wp-content\/uploads\/2014\/03\/Neuda-copia-150x150.jpg 150w, http:\/\/irmotenerife.com\/wp-content\/uploads\/2014\/03\/Neuda-copia-300x300.jpg 300w, http:\/\/irmotenerife.com\/wp-content\/uploads\/2014\/03\/Neuda-copia-1024x1024.jpg 1024w, http:\/\/irmotenerife.com\/wp-content\/uploads\/2014\/03\/Neuda-copia.jpg 1181w\" sizes=\"(max-width: 150px) 100vw, 150px\" \/><\/a><\/h6>\n<ul>\n<li>Specialista in Ostetricia e Ginecologia<\/li>\n<li>Dottore in Medicina presso l&#8217;Universit\u00e0 di Valencia<\/li>\n<li>Dottorato in Human Reproduction in IVI (Istituto dell\u2019Infertilit\u00e0 di Valencia) (1992-1995)<\/li>\n<\/ul>\n<\/div>\n<div class=\"one-half\">\n<ul>\n<li><\/li>\n<\/ul>\n<ul>\n<li><\/li>\n<\/ul>\n<\/div>\n<\/div>\n<div class=\"all-columns\">\n<div class=\"one-half first\">\n<h4>Olga Yolanda Marco Jorge<\/h4>\n<h6>Ginecologa<\/h6>\n<p><img loading=\"lazy\" decoding=\"async\" class=\" size-thumbnail wp-image-1440 alignnone\" src=\"http:\/\/irmotenerife.com\/wp-content\/uploads\/2014\/03\/Captura-de-pantalla-2016-10-24-a-las-14.22.39-150x150.png\" alt=\"captura-de-pantalla-2016-10-24-a-las-14-22-39\" width=\"150\" height=\"150\" srcset=\"http:\/\/irmotenerife.com\/wp-content\/uploads\/2014\/03\/Captura-de-pantalla-2016-10-24-a-las-14.22.39-150x150.png 150w, http:\/\/irmotenerife.com\/wp-content\/uploads\/2014\/03\/Captura-de-pantalla-2016-10-24-a-las-14.22.39-100x100.png 100w, http:\/\/irmotenerife.com\/wp-content\/uploads\/2014\/03\/Captura-de-pantalla-2016-10-24-a-las-14.22.39-120x120.png 120w\" sizes=\"(max-width: 150px) 100vw, 150px\" \/><\/p>\n<ul>\n<li>Laureata in Medicina e Chirurgia.<\/li>\n<li>Specialista in Ginecologia e Ostetricia, Ospedale Universitario delle Canarie.<\/li>\n<li>Ecografista nell\u2019area di Ostetricia e Ginecologia.<\/li>\n<li>Specialista in Patologia del Pavimento Pelvico<\/li>\n<li>Membro effettivo della Societ\u00e0 Spagnola di Pavimento Pelvico.<\/li>\n<li>Diverse pubblicazioni su riviste nazionali ed internazionali, cos\u00ec come comunicazioni a congressi.<\/li>\n<\/ul>\n<\/div>\n<div class=\"one-half\"><\/div>\n<\/div>\n<div class=\"one-half first\"><\/div>\n<div class=\"all-columns\">\n<div class=\"one-half first\">\n<ul>\n<li><\/li>\n<\/ul>\n<\/div>\n<div class=\"one-half\">\n<h4>Ana\u00a0Plata Bello<\/h4>\n<h6><strong>Urologa e Chirurgo<\/strong><\/h6>\n<p><a href=\"http:\/\/irmotenerife.com\/wp-content\/uploads\/2014\/03\/IMG_4578.jpg\"><img loading=\"lazy\" decoding=\"async\" class=\"alignnone size-thumbnail wp-image-912\" src=\"http:\/\/irmotenerife.com\/wp-content\/uploads\/2014\/03\/IMG_4578-150x150.jpg\" alt=\"Irmo, Irmo Tenerife, ginec\u00f3logo, ginec\u00f3logo Tenerife, ginec\u00f3loga, ginec\u00f3loga Tenerife, ginecoog\u00eda, ginecolog\u00eda Tenerife, fecundaci\u00f3n, fecundaci\u00f3n Tenerife, fecundaci\u00f3n in Vitro, fecundaci\u00f3n in Vitro Tenerife, Ivi, Ivi Tenerife, tfe, ginec\u00f3logo tfe, santa cruz, ginec\u00f3logo santa cruz, ginec\u00f3logo santa cruz de Tenerife, obstetricia, obstetricia Tenerife, seminograma, seminogramas Tenerife, clinica reproducci\u00f3n, clinica reproducci\u00f3n Tenerife, fertilizaci\u00f3n, fertilizaci\u00f3n Tenerife, urolog\u00eda, urolog\u00eda Tenerife, ur\u00f3logo Tenerife, endocrino, endocrino santa cruz de Tenerife, endocrinolog\u00eda Tenerife, endocrinolog\u00eda santa cruz de Tenerife, ecograf\u00eda, ecograf\u00eda Tenerife, ecograf\u00eda 4d, ecograf\u00eda 4d Tenerife, banco semen, banco semen santa cruz de Tenerife, banco semen Tenerife, congelaci\u00f3n semen, congelaci\u00f3n semen santa cruz de Tenerife, congelaci\u00f3n semen Tenerife, neuda, neuda marqu\u00e9s, neuda marqu\u00e9s ginec\u00f3loga, preimplantaci\u00f3n, preimplantaci\u00f3n Tenerife, dgp , dgp Tenerife, dgp santa cruz de tenerife.\" width=\"150\" height=\"150\" srcset=\"http:\/\/irmotenerife.com\/wp-content\/uploads\/2014\/03\/IMG_4578-150x150.jpg 150w, http:\/\/irmotenerife.com\/wp-content\/uploads\/2014\/03\/IMG_4578-100x100.jpg 100w, http:\/\/irmotenerife.com\/wp-content\/uploads\/2014\/03\/IMG_4578-120x120.jpg 120w\" sizes=\"(max-width: 150px) 100vw, 150px\" \/><\/a><\/p>\n<ul>\n<li>Laurea in Medicina e Chirurgia presso l&#8217;Universit\u00e0 de La Laguna, con 110 e lode.<\/li>\n<li>Membro del Consiglio di Urologia Europea, ottenuto a Brussels nel 2013.<\/li>\n<li>Medico assistente di Urologia, Ospedale Universitario delle Canarie (HUC).<\/li>\n<\/ul>\n<\/div>\n<\/div>\n<div class=\"all-columns\">\n<div class=\"one-half first\">\n<h4>Patricia Hern\u00e1ndez Delgado.<\/h4>\n<h6>Biologa<\/h6>\n<h4><img loading=\"lazy\" decoding=\"async\" class=\"alignnone wp-image-1078 size-thumbnail\" src=\"http:\/\/irmotenerife.com\/wp-content\/uploads\/2014\/03\/Patricia-Hern--ndez-Delgado-150x150.jpg\" alt=\"Patricia Hern\u00e1ndez Delgado\" width=\"150\" height=\"150\" srcset=\"http:\/\/irmotenerife.com\/wp-content\/uploads\/2014\/03\/Patricia-Hern--ndez-Delgado-150x150.jpg 150w, http:\/\/irmotenerife.com\/wp-content\/uploads\/2014\/03\/Patricia-Hern--ndez-Delgado-100x100.jpg 100w, http:\/\/irmotenerife.com\/wp-content\/uploads\/2014\/03\/Patricia-Hern--ndez-Delgado-120x120.jpg 120w\" sizes=\"(max-width: 150px) 100vw, 150px\" \/><\/h4>\n<ul>\n<li>Laurea in Biologia.<\/li>\n<li>Master in \u201cBasi teoriche e procedure da laboratorio nell\u2019ambito della Riproduzione Assistita\u201d<\/li>\n<li><strong>CONTATTO<\/strong>:\u00a0<a href=\"mailto:patricia.hernandez@irmotenerife.com\">patricia.hernandez@irmotenerife.com<\/a><\/li>\n<\/ul>\n<\/div>\n<div class=\"one-half\">\n<h4>Esmeralda Reyes Mart\u00edn<\/h4>\n<h6>Infermiera<\/h6>\n<h6><a href=\"http:\/\/irmotenerife.com\/wp-content\/uploads\/2014\/03\/Esmeralda-copia.jpg\"><img loading=\"lazy\" decoding=\"async\" class=\"alignnone size-thumbnail wp-image-720\" src=\"http:\/\/irmotenerife.com\/wp-content\/uploads\/2014\/03\/Esmeralda-copia-150x150.jpg\" alt=\"Tenerife \u00b7 Fecundaci\u00f3n In Vitro \u00b7 Ginecolog\u00eda y Obstetricia \u00b7 Seminogramas \u00b7 T\u00e9cnicas de Reproducci\u00f3n \u00b7 Banco de Embriones \u00b7 Donaci\u00f3n de Ovocitos \u00b7 Diagn\u00f3stico Gen\u00e9tico Preimplantacional DGP \u00b7 Urolog\u00eda y Endocrinolog\u00eda \u00b7 Congelaci\u00f3n Semen y Ovocitos \u00b7 Ecograf\u00edas 4D \u00b7\" width=\"150\" height=\"150\" srcset=\"http:\/\/irmotenerife.com\/wp-content\/uploads\/2014\/03\/Esmeralda-copia-150x150.jpg 150w, http:\/\/irmotenerife.com\/wp-content\/uploads\/2014\/03\/Esmeralda-copia-300x300.jpg 300w, http:\/\/irmotenerife.com\/wp-content\/uploads\/2014\/03\/Esmeralda-copia-1024x1024.jpg 1024w, http:\/\/irmotenerife.com\/wp-content\/uploads\/2014\/03\/Esmeralda-copia.jpg 1181w\" sizes=\"(max-width: 150px) 100vw, 150px\" \/><\/a><\/h6>\n<ul>\n<li><strong>CONTATTO:\u00a0<\/strong><a href=\"mailto:esmeralda@irmotenerife.com\">esmeralda@irmotenerife.com<\/a><\/li>\n<\/ul>\n<h6><\/h6>\n<h6><\/h6>\n<\/div>\n<\/div>\n<div>\n<div class=\"all-columns\">\n<div class=\"all-columns\">\n<div class=\"one-half first\">\n<h4>Iris Patricia Lorenzo Sellares<\/h4>\n<h6>Ginecologa<\/h6>\n<p><a href=\"http:\/\/irmotenerife.com\/wp-content\/uploads\/2014\/03\/iris.jpg\"><img loading=\"lazy\" decoding=\"async\" class=\"alignnone size-thumbnail wp-image-1108\" src=\"http:\/\/irmotenerife.com\/wp-content\/uploads\/2014\/03\/IMG-20150618-WA0003-150x150.jpg\" alt=\"IMG-20150618-WA0003\" width=\"150\" height=\"150\" srcset=\"http:\/\/irmotenerife.com\/wp-content\/uploads\/2014\/03\/IMG-20150618-WA0003-150x150.jpg 150w, http:\/\/irmotenerife.com\/wp-content\/uploads\/2014\/03\/IMG-20150618-WA0003-100x100.jpg 100w, http:\/\/irmotenerife.com\/wp-content\/uploads\/2014\/03\/IMG-20150618-WA0003-120x120.jpg 120w\" sizes=\"(max-width: 150px) 100vw, 150px\" \/><\/a><\/p>\n<ul>\n<li>Laurea in Medicina e Chirurgia presso l&#8217;Universit\u00e0 di Buenos Aires. (1977)<\/li>\n<li>Assistente medico di Ostetricia nella Provincia di Buenos Aires. (1978-1986)<\/li>\n<li>Medico con borsa di studio in Ecografia Ostetrica, Ginecologica e Diagnosi Prenatale nell\u2019 HUC dal 1986 al 1992.<\/li>\n<li>Ecografa Ostetrica e Ginecologica<\/li>\n<li>Specialista in Diagnosi Prenatale<\/li>\n<li>ECOGRAFIA 4D<\/li>\n<\/ul>\n<\/div>\n<div class=\"one-half\">\n<h4>M\u00aa Vanesa Plasencia Acosta<\/h4>\n<h6>Infermiera<\/h6>\n<p><img loading=\"lazy\" decoding=\"async\" src=\"http:\/\/irmotenerife.com\/wp-content\/uploads\/2014\/03\/Vanesa-copia-150x150.jpg\" alt=\"Tenerife \u00b7 Fecundaci\u00f3n In Vitro \u00b7 Ginecolog\u00eda y Obstetricia \u00b7 Seminogramas \u00b7 T\u00e9cnicas de Reproducci\u00f3n \u00b7 Banco de Embriones \u00b7 Donaci\u00f3n de Ovocitos \u00b7 Diagn\u00f3stico Gen\u00e9tico Preimplantacional DGP \u00b7 Urolog\u00eda y Endocrinolog\u00eda \u00b7 Congelaci\u00f3n Semen y Ovocitos \u00b7 Ecograf\u00edas 4D \u00b7\" width=\"150\" height=\"150\" \/><span style=\"line-height: 1.5em;\">\u00a0<\/span><\/p>\n<ul>\n<li><strong>CONTATTO:\u00a0<\/strong><a href=\"mailto:vanesa.enfermeria@irmotenerife.com\">vanesa.enfermeria@irmotenerife.com<\/a><\/li>\n<\/ul>\n<p><span style=\"line-height: 1.5em;\">\u00a0<\/span><\/p>\n<\/div>\n<\/div>\n<\/div>\n<div class=\"all-columns\">\n<div class=\"one-half\">\n<h4>Glenda V\u00e1zquez Hern\u00e1ndez<\/h4>\n<h6>Due<\/h6>\n<ul>\n<li>Diploma Universitario in Infermieristica<\/li>\n<li>Master in Infermieristica e terapia intensiva<\/li>\n<li>Master in Management dei Servizi infermieristici<\/li>\n<li>Infermiera chirurgica dell&#8217;Unit\u00e0 di Riproduzione Umana (HUCI)<\/li>\n<\/ul>\n<\/div>\n<\/div>\n<div>\n<div class=\"all-columns\">\n<div class=\"all-columns\">\n<div class=\"one-half first\"><\/div>\n<\/div>\n<\/div>\n<\/div>\n<div><\/div>\n<\/div>\n<div class=\"all-columns\">\n<div class=\"one-half first\"><\/div>\n<\/div>\n<div><\/div>\n<p>[\/vc_column_text][\/vc_column][vc_column width=&#8221;1\/2&#8243;][vc_column_text]<\/p>\n<div class=\"all-columns\">\n<div class=\"one-half first\"><\/div>\n<div class=\"one-half\">\n<ul>\n<li>\n<h4>Neuda Marqu\u00e9s de Oliveira<\/h4>\n<\/li>\n<li>Master in Human Reproduction all&#8217;Universit\u00e0 di Valencia. (1993-1994)<\/li>\n<li>Assistente di professore universitario in Riproduzione Umana presso il Dipartimento di Ginecologia e Ostetricia dell&#8217;Universit\u00e0 di California a Los Angeles (UCLA) Stati Uniti d&#8217;America. (1996)<\/li>\n<li>Vice dottoressa nell\u2019Unit\u00e0 di Riproduzione Umana dell&#8217;Ospedale Universitario delle Canarie (HUC)<\/li>\n<li>Direttore Medico di Irmo<\/li>\n<li>Ha partecipato a numerosi convegni nazionali e internazionali.<\/li>\n<li>Diverse pubblicazioni su riviste nazionali ed internazionali, cos\u00ec come comunicazioni a congressi.<\/li>\n<li>Membro della Societ\u00e0 Spagnola di Fertilit\u00e0 dal 1999.<\/li>\n<\/ul>\n<\/div>\n<\/div>\n<div class=\"all-columns\">\n<div class=\"one-half first\"><\/div>\n<div class=\"one-half\">\n<h4><span style=\"font-size: 1em; line-height: 1.5em;\">Jos\u00e9 vazquez nu\u00f1ez<\/span><\/h4>\n<h6>Bi\u00f3logo<\/h6>\n<h6><a style=\"font-size: 0.75em; line-height: 1.5em;\" href=\"http:\/\/irmotenerife.com\/wp-content\/uploads\/2014\/03\/Jose-copia.jpg\"><img loading=\"lazy\" decoding=\"async\" src=\"http:\/\/irmotenerife.com\/wp-content\/uploads\/2014\/03\/Jose-copia-150x150.jpg\" alt=\"Tenerife \u00b7 Fecundaci\u00f3n In Vitro \u00b7 Ginecolog\u00eda y Obstetricia \u00b7 Seminogramas \u00b7 T\u00e9cnicas de Reproducci\u00f3n \u00b7 Banco de Embriones \u00b7 Donaci\u00f3n de Ovocitos \u00b7 Diagn\u00f3stico Gen\u00e9tico Preimplantacional DGP \u00b7 Urolog\u00eda y Endocrinolog\u00eda \u00b7 Congelaci\u00f3n Semen y Ovocitos \u00b7 Ecograf\u00edas 4D \u00b7\" width=\"150\" height=\"150\" \/><\/a><\/h6>\n<ul>\n<li>Biologia Molecare Specialit\u00e0<\/li>\n<li>Biotecnologia<\/li>\n<li>Master en\u00a0Human Production<\/li>\n<li><strong>CONTATTO:<\/strong>\u00a0<a href=\"mailto:jose.vazquez@irmotenerife.com\">jose.vazquez@irmotenerife.com<\/a><\/li>\n<\/ul>\n<\/div>\n<\/div>\n<div class=\"one-half first\">\n<h4>Tomas Concepci\u00f3n Masip<\/h4>\n<h6><strong>Urologo e Chirurgo<\/strong><\/h6>\n<h6><a href=\"http:\/\/irmotenerife.com\/wp-content\/uploads\/2014\/03\/IMG_4594.jpg\"><img loading=\"lazy\" decoding=\"async\" class=\"alignnone wp-image-910 size-thumbnail\" src=\"http:\/\/irmotenerife.com\/wp-content\/uploads\/2014\/03\/IMG_4594-150x150.jpg\" alt=\"Irmo, Irmo Tenerife, ginec\u00f3logo, ginec\u00f3logo Tenerife, ginec\u00f3loga, ginec\u00f3loga Tenerife, ginecoog\u00eda, ginecolog\u00eda Tenerife, fecundaci\u00f3n, fecundaci\u00f3n Tenerife, fecundaci\u00f3n in Vitro, fecundaci\u00f3n in Vitro Tenerife, Ivi, Ivi Tenerife, tfe, ginec\u00f3logo tfe, santa cruz, ginec\u00f3logo santa cruz, ginec\u00f3logo santa cruz de Tenerife, obstetricia, obstetricia Tenerife, seminograma, seminogramas Tenerife, clinica reproducci\u00f3n, clinica reproducci\u00f3n Tenerife, fertilizaci\u00f3n, fertilizaci\u00f3n Tenerife, urolog\u00eda, urolog\u00eda Tenerife, ur\u00f3logo Tenerife, endocrino, endocrino santa cruz de Tenerife, endocrinolog\u00eda Tenerife, endocrinolog\u00eda santa cruz de Tenerife, ecograf\u00eda, ecograf\u00eda Tenerife, ecograf\u00eda 4d, ecograf\u00eda 4d Tenerife, banco semen, banco semen santa cruz de Tenerife, banco semen Tenerife, congelaci\u00f3n semen, congelaci\u00f3n semen santa cruz de Tenerife, congelaci\u00f3n semen Tenerife, neuda, neuda marqu\u00e9s, neuda marqu\u00e9s ginec\u00f3loga, preimplantaci\u00f3n, preimplantaci\u00f3n Tenerife, dgp , dgp Tenerife, dgp santa cruz de tenerife.\" width=\"150\" height=\"150\" srcset=\"http:\/\/irmotenerife.com\/wp-content\/uploads\/2014\/03\/IMG_4594-150x150.jpg 150w, http:\/\/irmotenerife.com\/wp-content\/uploads\/2014\/03\/IMG_4594-100x100.jpg 100w, http:\/\/irmotenerife.com\/wp-content\/uploads\/2014\/03\/IMG_4594-120x120.jpg 120w\" sizes=\"(max-width: 150px) 100vw, 150px\" \/><\/a><\/h6>\n<ul>\n<li>Dottore in Medicina presso l&#8217;Universit\u00e0 di Cantabria.<\/li>\n<li>Membro del Consiglio Europeo di Urologia.<\/li>\n<li>Medico del dipartimento di Urologia dell\u2019 Ospedale Universitario delle Canarie (HUC)<\/li>\n<\/ul>\n<\/div>\n<div class=\"one-half\">\n<h4>Judith L\u00f3pez Fern\u00e1ndez<\/h4>\n<h6>Endocrinologa<\/h6>\n<h6><a href=\"http:\/\/irmotenerife.com\/wp-content\/uploads\/2014\/03\/Judith.jpg\"><img loading=\"lazy\" decoding=\"async\" class=\"alignnone size-thumbnail wp-image-839\" src=\"http:\/\/irmotenerife.com\/wp-content\/uploads\/2014\/03\/Judith-150x150.jpg\" alt=\"Judith\" width=\"150\" height=\"150\" srcset=\"http:\/\/irmotenerife.com\/wp-content\/uploads\/2014\/03\/Judith-150x150.jpg 150w, http:\/\/irmotenerife.com\/wp-content\/uploads\/2014\/03\/Judith-100x100.jpg 100w, http:\/\/irmotenerife.com\/wp-content\/uploads\/2014\/03\/Judith-120x120.jpg 120w\" sizes=\"(max-width: 150px) 100vw, 150px\" \/><\/a><\/h6>\n<ul>\n<li>Laureata in Medicina presso l&#8217;Universit\u00e0 di Alcal\u00e1 (Madrid).<\/li>\n<li>Tirocinio post-laurea presso l&#8217;Universit\u00e0 della California, San Diego (Stati Uniti d&#8217;America). Dipartimento di Genetica molecolare.<\/li>\n<li>Esperta in Patologie Ormonali metaboliche, Obesit\u00e0, Diabete e Nutrizione Clinica.<\/li>\n<\/ul>\n<\/div>\n<div class=\"all-columns\">\n<div class=\"one-half first\">\n<h4>Salvador Bethencourt Mu\u00f1oz<\/h4>\n<h6><strong>Medico, Chirurgo e Anestesista<\/strong><\/h6>\n<p><img loading=\"lazy\" decoding=\"async\" src=\"http:\/\/irmotenerife.com\/wp-content\/uploads\/2014\/03\/Salvador-150x150.jpg\" alt=\"Tenerife \u00b7 Fecundaci\u00f3n In Vitro \u00b7 Ginecolog\u00eda y Obstetricia \u00b7 Seminogramas \u00b7 T\u00e9cnicas de Reproducci\u00f3n \u00b7 Banco de Embriones \u00b7 Donaci\u00f3n de Ovocitos \u00b7 Diagn\u00f3stico Gen\u00e9tico Preimplantacional DGP \u00b7 Urolog\u00eda y Endocrinolog\u00eda \u00b7 Congelaci\u00f3n Semen y Ovocitos \u00b7 Ecograf\u00edas 4D \u00b7\" width=\"150\" height=\"150\" \/><\/p>\n<ul>\n<li>Master Universitario in Medicina di Emergenza.<\/li>\n<li>Specialista in Anestesiologia e Rianimazione.<\/li>\n<li>Laureato in Medicina e Chirurgia.<\/li>\n<\/ul>\n<\/div>\n<div class=\"one-half\"><\/div>\n<\/div>\n<div><\/div>\n<div class=\"all-columns\">\n<div class=\"one-half first\">\n<h4>Patricia Berruchi de Blanco<\/h4>\n<h6>Ginecologa<\/h6>\n<p><img loading=\"lazy\" decoding=\"async\" class=\" size-thumbnail wp-image-1213 alignnone\" src=\"http:\/\/irmotenerife.com\/wp-content\/uploads\/2014\/03\/berruchi-150x150.jpg\" alt=\"berruchi\" width=\"150\" height=\"150\" srcset=\"http:\/\/irmotenerife.com\/wp-content\/uploads\/2014\/03\/berruchi-150x150.jpg 150w, http:\/\/irmotenerife.com\/wp-content\/uploads\/2014\/03\/berruchi-100x100.jpg 100w, http:\/\/irmotenerife.com\/wp-content\/uploads\/2014\/03\/berruchi-120x120.jpg 120w\" sizes=\"(max-width: 150px) 100vw, 150px\" \/><\/p>\n<ul>\n<li>Licenciada en Ginecolog\u00eda<\/li>\n<li><em>Numero nell\u2019albo.: 382703152<\/em><\/li>\n<li><em>Specialista in Ostetricia e Ginecologia.<\/em><\/li>\n<li>Specialista nel tratto genitale inferiore e colposcopia.<\/li>\n<li>Chirurgia estetica vaginale.<\/li>\n<li>Trattamento contro l\u2019incontinenza urinaria, prolasso vaginale e atrofia vaginale mediante tecnica laser.<\/li>\n<\/ul>\n<h4>Maria del Carmen Rivero Alcover<\/h4>\n<h6>Ginecologa<\/h6>\n<p><img loading=\"lazy\" decoding=\"async\" class=\"alignnone size-thumbnail wp-image-1131\" src=\"http:\/\/irmotenerife.com\/wp-content\/uploads\/2014\/03\/Mari-Carmen-150x150.jpg\" alt=\"Mari Carmen\" width=\"150\" height=\"150\" srcset=\"http:\/\/irmotenerife.com\/wp-content\/uploads\/2014\/03\/Mari-Carmen-150x150.jpg 150w, http:\/\/irmotenerife.com\/wp-content\/uploads\/2014\/03\/Mari-Carmen-100x100.jpg 100w, http:\/\/irmotenerife.com\/wp-content\/uploads\/2014\/03\/Mari-Carmen-120x120.jpg 120w\" sizes=\"(max-width: 150px) 100vw, 150px\" \/><\/p>\n<ul>\n<li>Laurea in medicina e chirurgia (1980). Specialista in Ostetricia e Ginecologia (1984).<\/li>\n<li>Specialista in Ginecologia e Ostetricia nel SCS dal 1981 al 1995.<\/li>\n<\/ul>\n<\/div>\n<div class=\"one-half\">\n<h4>Laura Castellano Gonz\u00e1lez<\/h4>\n<h6>Psicologa<\/h6>\n<h4><img loading=\"lazy\" decoding=\"async\" class=\" size-thumbnail wp-image-1446 alignnone\" src=\"http:\/\/irmotenerife.com\/wp-content\/uploads\/2014\/03\/IMG_3348B-150x150.jpg\" alt=\"img_3348b\" width=\"150\" height=\"150\" srcset=\"http:\/\/irmotenerife.com\/wp-content\/uploads\/2014\/03\/IMG_3348B-150x150.jpg 150w, http:\/\/irmotenerife.com\/wp-content\/uploads\/2014\/03\/IMG_3348B-100x100.jpg 100w, http:\/\/irmotenerife.com\/wp-content\/uploads\/2014\/03\/IMG_3348B-120x120.jpg 120w\" sizes=\"(max-width: 150px) 100vw, 150px\" \/><\/h4>\n<ul>\n<li>Albo: T-3060.<\/li>\n<li>Master in Educazione, Terapia Sessuale e Genere.<\/li>\n<li>Master in Psicologia Giuridica.<\/li>\n<li>Intervenzione psicologica individuale, familiare e di coppia.<\/li>\n<li>Sessualit\u00e0 y relazioni sessuali.<\/li>\n<li>Controllo dell\u2019ansia e della tristezza.<\/li>\n<li>Gestione emozionale nelle crisi vitali.<\/li>\n<li>Autostima e sviluppo personale.<\/li>\n<li>Intelligenza emotiva.<\/li>\n<li>Controllo delle ossessioni e dei pensieri ricorrenti.<\/li>\n<li>Donna e genere.<\/li>\n<li>Perizie psicologiche.<\/li>\n<\/ul>\n<\/div>\n<\/div>\n<div><\/div>\n<p>[\/vc_column_text][\/vc_column][\/vc_row]<\/p>\n<\/div>","protected":false},"excerpt":{"rendered":"<p>[vc_row css_animation=&#8221;&#8221; row_type=&#8221;row&#8221; use_row_as_full_screen_section=&#8221;no&#8221; type=&#8221;full_width&#8221; angled_section=&#8221;no&#8221; text_align=&#8221;left&#8221; background_image_as_pattern=&#8221;without_pattern&#8221;][vc_column width=&#8221;1\/2&#8243;][vc_column_text] Neuda&#8230;<\/p>\n","protected":false},"author":1,"featured_media":0,"parent":0,"menu_order":0,"comment_status":"open","ping_status":"closed","template":"","meta":{"footnotes":""},"_links":{"self":[{"href":"http:\/\/irmotenerife.com\/it\/wp-json\/wp\/v2\/pages\/1340"}],"collection":[{"href":"http:\/\/irmotenerife.com\/it\/wp-json\/wp\/v2\/pages"}],"about":[{"href":"http:\/\/irmotenerife.com\/it\/wp-json\/wp\/v2\/types\/page"}],"author":[{"embeddable":true,"href":"http:\/\/irmotenerife.com\/it\/wp-json\/wp\/v2\/users\/1"}],"replies":[{"embeddable":true,"href":"http:\/\/irmotenerife.com\/it\/wp-json\/wp\/v2\/comments?post=1340"}],"version-history":[{"count":5,"href":"http:\/\/irmotenerife.com\/it\/wp-json\/wp\/v2\/pages\/1340\/revisions"}],"predecessor-version":[{"id":1847,"href":"http:\/\/irmotenerife.com\/it\/wp-json\/wp\/v2\/pages\/1340\/revisions\/1847"}],"wp:attachment":[{"href":"http:\/\/irmotenerife.com\/it\/wp-json\/wp\/v2\/media?parent=1340"}],"curies":[{"name":"wp","href":"https:\/\/api.w.org\/{rel}","templated":true}]}}