{"id":160,"date":"2011-12-01T09:39:05","date_gmt":"2011-12-01T09:39:05","guid":{"rendered":"http:\/\/s505633100.mialojamiento.es\/igor001\/?page_id=160"},"modified":"2024-04-03T08:32:34","modified_gmt":"2024-04-03T08:32:34","slug":"aviso-legal","status":"publish","type":"page","link":"http:\/\/irmotenerife.com\/it\/aviso-legal\/","title":{"rendered":"Aviso Legal"},"content":{"rendered":"<h4>Aviso Legal<\/h4>\n<dl><\/dl>\n<p>AVISO LEGAL<\/p>\n<p><strong>\u00a0<\/strong><\/p>\n<h2>1.\u00a0\u00a0\u00a0\u00a0\u00a0\u00a0\u00a0 Objeto y aceptaci\u00f3n<\/h2>\n<p>El presente aviso legal regula el uso del sitio Web: irmotenerife.com<\/p>\n<p>El sitio web irmotenerife.com presta servicios cuyo objetivo primordial es permitir el contacto entre los usuarios y la entidad, bien para ponerse en contacto con nosotros, responder a su solicitud, gestionar su reclamaci\u00f3n, ejercitar sus derechos en protecci\u00f3n de datos o para pedir presupuestos.<\/p>\n<p>La navegaci\u00f3n por la p\u00e1gina irmotenerife.com atribuye la condici\u00f3n de usuario de la misma e implica la aceptaci\u00f3n plena y sin reservas de todas y cada una de las disposiciones incluidas en este Aviso Legal, que pueden sufrir modificaciones.<\/p>\n<p>El usuario se obliga a hacer un uso correcto del sitio Web de conformidad con las leyes, la buena fe, el orden p\u00fablico, los usos del tr\u00e1fico y el presente Aviso Legal. El Usuario responder\u00e1 frente a INSTITUTO DE REPRODUCCION MARQUES DE OLIVEIRA, S.L. y frente a terceros, de los da\u00f1os y perjuicios que pudieran causarse como consecuencia del incumplimiento de dicha obligaci\u00f3n.<\/p>\n<h2>2.\u00a0\u00a0\u00a0\u00a0\u00a0\u00a0\u00a0 Titularidad de la web e identificaci\u00f3n del Prestador de Servicios de la Sociedad de la Informaci\u00f3n<\/h2>\n<p>Con la finalidad de dar cumplimiento al principio de Informaci\u00f3n general exigido por el Art\u00edculo 10 de la Ley 34\/2002, de 11 de julio, de servicios de la sociedad de la informaci\u00f3n y de comercio electr\u00f3nico informamos a nuestros usuarios que el presente sitio web pertenece a\u00a0 INSTITUTO DE REPRODUCCION MARQUES DE OLIVEIRA, S.L. con CIF B38805305, inscrita en el Registro Mercantil de Santa Cruz de Tenerife en la hoja TF-35890, Folio 23 del tomo 2678 de la Secci\u00f3n 8\u00aa.<\/p>\n<table width=\"531\">\n<tbody>\n<tr>\n<td colspan=\"3\" width=\"183\">Direcci\u00f3n:<\/td>\n<td width=\"16\"><\/td>\n<td colspan=\"3\" width=\"332\">Calle Tom\u00e9 Cano, 10 &#8211; Local 5, 38005 &#8211; Santa Cruz De Tenerife<\/td>\n<\/tr>\n<tr>\n<td width=\"25\"><\/td>\n<td width=\"16\"><\/td>\n<td width=\"143\"><\/td>\n<td width=\"16\"><\/td>\n<td width=\"196\"><\/td>\n<td width=\"16\"><\/td>\n<td width=\"119\"><\/td>\n<\/tr>\n<tr>\n<td colspan=\"3\" width=\"183\">Correo-e:<\/td>\n<td width=\"16\"><\/td>\n<td colspan=\"3\" width=\"332\">info@irmotenerife.com<\/td>\n<\/tr>\n<tr>\n<td width=\"25\"><\/td>\n<td width=\"16\"><\/td>\n<td width=\"143\"><\/td>\n<td width=\"16\"><\/td>\n<td width=\"196\"><\/td>\n<td width=\"16\"><\/td>\n<td width=\"119\"><\/td>\n<\/tr>\n<tr>\n<td colspan=\"3\" width=\"183\">Tel\u00e9fono:<\/td>\n<td width=\"16\"><\/td>\n<td colspan=\"3\" width=\"332\">922245245<\/td>\n<\/tr>\n<tr>\n<td width=\"25\"><\/td>\n<td width=\"16\"><\/td>\n<td width=\"143\"><\/td>\n<td width=\"16\"><\/td>\n<td width=\"196\"><\/td>\n<td width=\"16\"><\/td>\n<td width=\"119\"><\/td>\n<\/tr>\n<tr>\n<td colspan=\"3\" width=\"183\">Web alojada por:<\/td>\n<td width=\"16\"><\/td>\n<td colspan=\"3\" width=\"332\">1&amp;1 IONOS<\/td>\n<\/tr>\n<\/tbody>\n<\/table>\n<h2>3.\u00a0\u00a0\u00a0\u00a0\u00a0\u00a0\u00a0 Condiciones generales de acceso y utilizaci\u00f3n<\/h2>\n<p>El sitio Web y sus servicios son de acceso libre y gratuito, si bien la utilizaci\u00f3n de determinadas \u00e1reas o servicios est\u00e1 condicionada a cumplimentar formularios de recogida de datos. S\u00f3lo los mayores de 18 a\u00f1os podr\u00e1n facilitar datos a trav\u00e9s de nuestra web, y los menores de 14 a\u00f1os no pueden facilitarlos sin el consentimiento de los padres o tutores.<\/p>\n<p>El Usuario garantiza la autenticidad y actualidad de todos aquellos datos que comunique a\u00a0INSTITUTO DE REPRODUCCION MARQUES DE OLIVEIRA, S.L.\u00a0y ser\u00e1 el \u00fanico responsable de las manifestaciones falsas o inexactas que realice.<\/p>\n<p>irmotenerife.com\u00a0tiene los siguientes tipos de usuarios:<\/p>\n<ul>\n<li>Usuarios que aportan datos en cualquiera de los formularios disponibles:\u00a0Los datos personales que INSTITUTO DE REPRODUCCION MARQUES DE OLIVEIRA, S.L. solicita incluye el nombre y direcci\u00f3n electr\u00f3nica y los proporcionados por el propio usuario al rellenar los formularios.<\/li>\n<li>Usuarios que no han contactado con INSTITUTO DE REPRODUCCION MARQUES DE OLIVEIRA, S.L. pero de los que se recogen datos:\u00a0Datos proporcionados por las cookies<\/li>\n<\/ul>\n<p><strong>3.1<\/strong> <strong>Reglas y prohibiciones de uso para usuarios de nuestros servicios<\/strong><\/p>\n<p>El Usuario se compromete expresamente a hacer un uso adecuado de los contenidos y servicios ofrecidos y a no emplearlos para:<\/p>\n<ul>\n<li>Difundir contenidos delictivos, violentos, pornogr\u00e1ficos, racistas, xen\u00f3fobo, ofensivos, de apolog\u00eda del terrorismo o, en general, contrarios a la ley o al orden p\u00fablico.<\/li>\n<li>Introducir en la red virus inform\u00e1ticos o realizar actuaciones susceptibles de alterar, estropear, interrumpir o generar errores o da\u00f1os en los documentos electr\u00f3nicos, datos o sistemas f\u00edsicos y l\u00f3gicos de\u00a0INSTITUTO DE REPRODUCCION MARQUES DE OLIVEIRA, S.L.\u00a0o de terceras personas; as\u00ed como obstaculizar el acceso de otros Usuarios al sitio Web y a sus servicios.<\/li>\n<li>Intentar acceder a \u00e1reas restringidas de los sistemas inform\u00e1ticos de\u00a0INSTITUTO DE REPRODUCCION MARQUES DE OLIVEIRA, S.L.\u00a0o de terceros y, en su caso, extraer informaci\u00f3n.<\/li>\n<li>Vulnerar los derechos de propiedad intelectual o industrial, as\u00ed como violar la confidencialidad de la informaci\u00f3n de\u00a0INSTITUTO DE REPRODUCCION MARQUES DE OLIVEIRA, S.L.\u00a0o de terceros.<\/li>\n<li>Suplantar la identidad de otro Usuario, de las administraciones p\u00fablicas o de un tercero.<\/li>\n<li>Reproducir, copiar, distribuir, poner a disposici\u00f3n o de cualquier otra forma comunicar p\u00fablicamente, transformar o modificar los Contenidos, a menos que se cuente con la autorizaci\u00f3n del titular de los correspondientes derechos o ello resulte legalmente permitido<\/li>\n<li>Recabar datos con finalidad publicitaria y de remitir publicidad de cualquier clase y comunicaciones con fines de venta u otras de naturaleza comercial sin que medie su previa solicitud o consentimiento.<\/li>\n<\/ul>\n<p><strong>3.2. Procedimiento en caso de realizaci\u00f3n de actividades de car\u00e1cter il\u00edcito<\/strong><\/p>\n<p>En el caso de que cualquier usuario o un tercero considere que existen hechos o circunstancias que revelen el car\u00e1cter il\u00edcito de la utilizaci\u00f3n de cualquier contenido y\/o de la realizaci\u00f3n de cualquier actividad en las p\u00e1ginas Web incluidas o accesibles a trav\u00e9s del sitio Web, deber\u00e1 enviar una notificaci\u00f3n a\u00a0INSTITUTO DE REPRODUCCION MARQUES DE OLIVEIRA, S.L.\u00a0identific\u00e1ndose debidamente, especificando las supuestas infracciones y declarando expresamente y bajo su responsabilidad que la informaci\u00f3n proporcionada en la notificaci\u00f3n es exacta.<\/p>\n<ol start=\"4\">\n<li><strong> Pol\u00edtica de privacidad<\/strong><\/li>\n<\/ol>\n<p>El usuario puede consultar c\u00f3mo INSTITUTO DE REPRODUCCION MARQUES DE OLIVEIRA, S.L. utiliza sus datos y las medidas de seguridad implantadas en el enlace:\u00a0&#8220;Pol\u00edtica de privacidad\u201d<\/p>\n<ol start=\"5\">\n<li><strong> Pol\u00edtica de cookies<\/strong><\/li>\n<\/ol>\n<p>INSTITUTO DE REPRODUCCION MARQUES DE OLIVEIRA, S.L. no instala cookies en el ordenador del usuario.<\/p>\n<ol start=\"6\">\n<li><strong> Notificaciones<\/strong><\/li>\n<\/ol>\n<p>Todas las notificaciones y comunicaciones entre los usuarios y\u00a0INSTITUTO DE REPRODUCCION MARQUES DE OLIVEIRA, S.L.\u00a0se considerar\u00e1n eficaces, a todos los efectos, cuando se realicen a trav\u00e9s de correo postal o correo electr\u00f3nico o comunicaci\u00f3n telef\u00f3nica. Los usuarios deber\u00e1n dirigirse a\u00a0INSTITUTO DE REPRODUCCION MARQUES DE OLIVEIRA, S.L.\u00a0mediante:<\/p>\n<ul>\n<li>Env\u00edo por correo postal a la siguiente direcci\u00f3n:\u00a0INSTITUTO DE REPRODUCCION MARQUES DE OLIVEIRA, S.L.\u00a0\u2013 Calle Tom\u00e9 Cano, 10 &#8211; Local 5, 38005 &#8211; Santa Cruz De Tenerife.<\/li>\n<li>Env\u00edo por correo electr\u00f3nico a la siguiente direcci\u00f3n: info@irmotenerife.com<\/li>\n<\/ul>\n<ol start=\"7\">\n<li><strong> Propiedad Industrial y propiedad intelectual<\/strong><\/li>\n<\/ol>\n<p>Todos los contenidos del sitio Web, como textos, fotograf\u00edas, gr\u00e1ficos, im\u00e1genes, iconos, tecnolog\u00eda, software, as\u00ed como su dise\u00f1o gr\u00e1fico y c\u00f3digos fuente, constituyen una obra cuya propiedad pertenece a\u00a0INSTITUTO DE REPRODUCCION MARQUES DE OLIVEIRA, S.L., sin que puedan entenderse cedidos al Usuario ninguno de los derechos de explotaci\u00f3n sobre los mismos m\u00e1s all\u00e1 de lo estrictamente necesario para el correcto uso de la Web.<\/p>\n<p>En definitiva, los usuarios que accedan a este sitio Web pueden visualizar los contenidos y efectuar, en su caso, copias privadas autorizadas siempre que los elementos reproducidos no sean cedidos posteriormente a terceros, ni se instalen a servidores conectados a redes, ni sean objeto de ning\u00fan tipo de explotaci\u00f3n y \u00fanica y exclusivamente mientras se encuentre en vigor el servicio.<\/p>\n<p>Asimismo, todas las marcas, nombres comerciales o signos distintivos de cualquier clase que aparecen en el sitio Web son propiedad de\u00a0INSTITUTO DE REPRODUCCION MARQUES DE OLIVEIRA, S.L., sin que pueda entenderse que el uso o acceso al mismo atribuya al Usuario derecho alguno sobre los mismos.<\/p>\n<p>Quedan prohibidas la distribuci\u00f3n, modificaci\u00f3n, cesi\u00f3n o comunicaci\u00f3n p\u00fablica de los contenidos y cualquier otro acto que no haya sido expresamente autorizado por\u00a0INSTITUTO DE REPRODUCCION MARQUES DE OLIVEIRA, S.L.\u00a0En caso de incumplimiento\u00a0INSTITUTO DE REPRODUCCION MARQUES DE OLIVEIRA, S.L.\u00a0proceder\u00e1 a adoptar las medidas legales oportunas.<\/p>\n<ol start=\"8\">\n<li><strong> Exenci\u00f3n de responsabilidad y modificaci\u00f3n del presente aviso legal<\/strong><\/li>\n<\/ol>\n<p>La web irmotenerife.com utiliza t\u00e9cnicas de seguridad de la informaci\u00f3n tales como firewalls, procedimientos de control de acceso y mecanismos criptogr\u00e1ficos, todo ello con el objetivo de evitar el acceso no autorizado a los datos y garantizar la confidencialidad de los mismos.<\/p>\n<p>La informaci\u00f3n que se difunde en esta web se hace \u00fanica y exclusivamente a t\u00edtulo informativo, reserv\u00e1ndose\u00a0INSTITUTO DE REPRODUCCION MARQUES DE OLIVEIRA, S.L.\u00a0el derecho de eliminar o suspender su difusi\u00f3n, total o parcialmente, y a modificar la estructura y contenido de este sitio Web sin aviso previo, pudiendo incluso limitar o no permitir el acceso a dicha informaci\u00f3n.\u00a0INSTITUTO DE REPRODUCCION MARQUES DE OLIVEIRA, S.L. intenta\u00a0 mantener la calidad y actualizaci\u00f3n de esta informaci\u00f3n y evitar y minimizar posibles errores pero\u00a0INSTITUTO DE REPRODUCCION MARQUES DE OLIVEIRA, S.L.\u00a0no responder\u00e1 de los da\u00f1os o perjuicios causados por decisiones tomadas en base a la informaci\u00f3n difundida; ni de inexactitudes, omisiones o errores contenidos en el mismo, ni de los problemas que se originen por el uso de este sitio Web u otro de conexi\u00f3n externa; ni de los da\u00f1os y\/o perjuicios en el software o hardware del usuario que se deriven del acceso a este sitio Web.<\/p>\n<p>Los Usuarios aceptan expresamente que\u00a0INSTITUTO DE REPRODUCCION MARQUES DE OLIVEIRA, S.L.\u00a0no ser\u00e1 responsable del acceso no autorizado o alteraci\u00f3n de sus transmisiones o datos, de cualquier material o datos enviados o recibidos o no enviados o recibidos, ni de ninguna transacci\u00f3n realizada a trav\u00e9s de su web.<\/p>\n<p>INSTITUTO DE REPRODUCCION MARQUES DE OLIVEIRA, S.L.\u00a0se reserva el derecho a modificar el presente aviso legal unilateralmente y sin preaviso\u00a0 en los t\u00e9rminos y condiciones que estime conveniente con la \u00fanica obligaci\u00f3n de informar al usuario de las modificaciones efectuadas a trav\u00e9s de\u00a0<a href=\"http:\/\/www.aixacorpore.es\/\">irmotenerife.com<\/a>.<\/p>\n<ol start=\"9\">\n<li><strong> Nulidad parcial<\/strong><\/li>\n<\/ol>\n<p>Si alguna de las presentes cl\u00e1usulas fuese declarada nula y sin efecto por resoluci\u00f3n firme dictada por autoridad competente, los restantes t\u00e9rminos y condiciones permanecer\u00e1n en vigor, sin que queden afectados por dicha declaraci\u00f3n de nulidad.<\/p>\n<ol start=\"10\">\n<li><strong> Ley aplicable y tribunales competentes<\/strong><\/li>\n<\/ol>\n<p>El presente sitio web queda sometido a lo establecido por la legislaci\u00f3n espa\u00f1ola y normativa europea que resulte de aplicaci\u00f3n<\/p>\n<p>Cualquier controversia que surja o guarde relaci\u00f3n con el uso de la p\u00e1gina web o con dichos productos ser\u00e1 sometida a la\u00a0jurisdicci\u00f3n no exclusiva\u00a0de los juzgados y tribunales espa\u00f1oles de la provincia de Santa Cruz de Tenerife.<\/p>\n<p>Si se trata de un consumidor final nada en la presente cl\u00e1usula afectar\u00e1 a los derechos que como tal le reconoce la legislaci\u00f3n vigente, pudiendo elegir presentar una reclamaci\u00f3n para hacer valer sus derechos en relaci\u00f3n con las presentes Condiciones ante el Juez o Tribunales que correspondan a su domicilio.<\/p>\n","protected":false},"excerpt":{"rendered":"<p>Aviso Legal AVISO LEGAL \u00a0 1.\u00a0\u00a0\u00a0\u00a0\u00a0\u00a0\u00a0 Objeto y aceptaci\u00f3n El&#8230;<\/p>\n","protected":false},"author":1,"featured_media":0,"parent":0,"menu_order":0,"comment_status":"closed","ping_status":"closed","template":"","meta":{"footnotes":""},"_links":{"self":[{"href":"http:\/\/irmotenerife.com\/it\/wp-json\/wp\/v2\/pages\/160"}],"collection":[{"href":"http:\/\/irmotenerife.com\/it\/wp-json\/wp\/v2\/pages"}],"about":[{"href":"http:\/\/irmotenerife.com\/it\/wp-json\/wp\/v2\/types\/page"}],"author":[{"embeddable":true,"href":"http:\/\/irmotenerife.com\/it\/wp-json\/wp\/v2\/users\/1"}],"replies":[{"embeddable":true,"href":"http:\/\/irmotenerife.com\/it\/wp-json\/wp\/v2\/comments?post=160"}],"version-history":[{"count":2,"href":"http:\/\/irmotenerife.com\/it\/wp-json\/wp\/v2\/pages\/160\/revisions"}],"predecessor-version":[{"id":1851,"href":"http:\/\/irmotenerife.com\/it\/wp-json\/wp\/v2\/pages\/160\/revisions\/1851"}],"wp:attachment":[{"href":"http:\/\/irmotenerife.com\/it\/wp-json\/wp\/v2\/media?parent=160"}],"curies":[{"name":"wp","href":"https:\/\/api.w.org\/{rel}","templated":true}]}}